{"id":959,"date":"2022-04-13T03:05:53","date_gmt":"2022-04-13T03:05:53","guid":{"rendered":"http:\/\/techtronik.store\/?post_type=product&#038;p=959"},"modified":"2023-02-06T00:16:50","modified_gmt":"2023-02-06T00:16:50","slug":"arduino-uno","status":"publish","type":"product","link":"https:\/\/techtronik.store\/?product=arduino-uno","title":{"rendered":"Arduino Uno"},"content":{"rendered":"<div align=\"justify\">\n<p>Tarjeta de desarrollo UNO R3 disponible en formato SMD y Through-Hole ambas placas est\u00e1n basadas en el microcontrolador ATmega328, estas placas son programable con salidas digitales y anal\u00f3gicas para el desarrollo de proyectos electr\u00f3nicos en donde requieran uso de sensores, botones, leds, motores o envi\u00f3 de mensajes; de f\u00e1cil uso y programaci\u00f3n, cuenta con la filosof\u00eda de software libre y c\u00f3digo abierto. Ambas presentaciones incluyen cable, de acuerdo a tus necesidades de desarrollo de proyectos podr\u00e1s elegir una de estas placas.<\/p>\n<\/div>\n<hr \/>\n<h3><strong>ESPECIFICACI\u00d3N Y CARACTER\u00cdSTICAS<\/strong><\/h3>\n<table width=\"1152\">\n<tbody>\n<tr>\n<td width=\"283\">\n<ul>\n<li>Microcontrolador: ATmega328<\/li>\n<li>Voltaje de operaci\u00f3n: 5V<\/li>\n<li>Voltaje de entrada : 7V a 12V (recomendado)<\/li>\n<li>Pines Digitales I\/O: 14 ( de los cuales 6 son PWM)<\/li>\n<li>Entradas Anal\u00f3gicas: 6 entradas<\/li>\n<li>Corriente Directa por Pin: 40mA<\/li>\n<li>Corriente Directa por Pin de 3.3v: 40mA<\/li>\n<li>Memoria Flash: 32 KB;de los cuales 0.5 KB son usados por el bootloader<\/li>\n<li>SRAM: 2 KB<\/li>\n<li>EEPROM: 1 KB<\/li>\n<li>Frecuencia de Trabajo :16 MHZ<\/li>\n<li>Peso: 50 g<\/li>\n<\/ul>\n<\/td>\n<\/tr>\n<\/tbody>\n<\/table>\n","protected":false},"excerpt":{"rendered":"<p>Tarjeta de desarrollo UNO R3 disponible en formato SMD y Through-Hole ambas placas est\u00e1n basadas en el microcontrolador ATmega328, estas placas son programable con salidas digitales y anal\u00f3gicas para el desarrollo de proyectos electr\u00f3nicos en donde requieran uso de sensores, botones, leds, motores o envi\u00f3 de mensajes; de f\u00e1cil uso&hellip; <\/p>\n","protected":false},"featured_media":960,"comment_status":"open","ping_status":"closed","template":"","meta":{"om_disable_all_campaigns":false,"_monsterinsights_skip_tracking":false,"_monsterinsights_sitenote_active":false,"_monsterinsights_sitenote_note":"","_monsterinsights_sitenote_category":0},"product_cat":[211],"product_tag":[],"class_list":{"0":"post-959","1":"product","2":"type-product","3":"status-publish","4":"has-post-thumbnail","6":"product_cat-placas-de-desarrollo","8":"first","9":"instock","10":"taxable","11":"shipping-taxable","12":"purchasable","13":"product-type-simple"},"aioseo_notices":[],"_links":{"self":[{"href":"https:\/\/techtronik.store\/index.php?rest_route=\/wp\/v3\/product\/959","targetHints":{"allow":["GET"]}}],"collection":[{"href":"https:\/\/techtronik.store\/index.php?rest_route=\/wp\/v3\/product"}],"about":[{"href":"https:\/\/techtronik.store\/index.php?rest_route=\/wp\/v2\/types\/product"}],"replies":[{"embeddable":true,"href":"https:\/\/techtronik.store\/index.php?rest_route=%2Fwp%2Fv2%2Fcomments&post=959"}],"wp:featuredmedia":[{"embeddable":true,"href":"https:\/\/techtronik.store\/index.php?rest_route=\/wp\/v2\/media\/960"}],"wp:attachment":[{"href":"https:\/\/techtronik.store\/index.php?rest_route=%2Fwp%2Fv2%2Fmedia&parent=959"}],"wp:term":[{"taxonomy":"product_cat","embeddable":true,"href":"https:\/\/techtronik.store\/index.php?rest_route=%2Fwp%2Fv2%2Fproduct_cat&post=959"},{"taxonomy":"product_tag","embeddable":true,"href":"https:\/\/techtronik.store\/index.php?rest_route=%2Fwp%2Fv2%2Fproduct_tag&post=959"}],"curies":[{"name":"wp","href":"https:\/\/api.w.org\/{rel}","templated":true}]}}