{"id":950,"date":"2022-04-13T02:58:32","date_gmt":"2022-04-13T02:58:32","guid":{"rendered":"http:\/\/techtronik.store\/?post_type=product&#038;p=950"},"modified":"2023-03-30T02:11:38","modified_gmt":"2023-03-30T02:11:38","slug":"capacitor-poliester","status":"publish","type":"product","link":"https:\/\/techtronik.store\/?product=capacitor-poliester","title":{"rendered":"Capacitor Poliester"},"content":{"rendered":"<p>Capacitor de poli\u00e9ster con capacidad de hasta 400V. Disponible en diferentes valores de capacitancia desde, 100nf, 220nf, 330nf, 470nf, 1uf, 1.2uf, 1.5uf y 2.2uf. Estos capacitores se venden por separado de acuerdo a tus requerimientos puedes elegir el valor que necesites.<\/p>\n<p>Estos capacitores son ideales para implementarlos en diversos proyectos electr\u00f3nicos o tener el remplazo ideal. Son utilizados com\u00fanmente para atenuar ruido as\u00ed como en conexi\u00f3n y desconexi\u00f3n de corriente continua, filtrado de se\u00f1ales de baja tolerancia, sistemas de audio, fuentes de alimentaci\u00f3n y otras aplicaciones.<\/p>\n","protected":false},"excerpt":{"rendered":"<p>Capacitor de poli\u00e9ster con capacidad de hasta 400V. Disponible en diferentes valores de capacitancia desde, 100nf, 220nf, 330nf, 470nf, 1uf, 1.2uf, 1.5uf y 2.2uf. Estos capacitores se venden por separado de acuerdo a tus requerimientos puedes elegir el valor que necesites. Estos capacitores son ideales para implementarlos en diversos proyectos&hellip; <\/p>\n","protected":false},"featured_media":958,"comment_status":"open","ping_status":"closed","template":"","meta":{"om_disable_all_campaigns":false,"_monsterinsights_skip_tracking":false,"_monsterinsights_sitenote_active":false,"_monsterinsights_sitenote_note":"","_monsterinsights_sitenote_category":0},"product_cat":[43,42],"product_tag":[],"class_list":{"0":"post-950","1":"product","2":"type-product","3":"status-publish","4":"has-post-thumbnail","6":"product_cat-capacitores","7":"product_cat-pasivos","9":"first","10":"instock","11":"taxable","12":"shipping-taxable","13":"purchasable","14":"product-type-variable"},"aioseo_notices":[],"_links":{"self":[{"href":"https:\/\/techtronik.store\/index.php?rest_route=\/wp\/v3\/product\/950","targetHints":{"allow":["GET"]}}],"collection":[{"href":"https:\/\/techtronik.store\/index.php?rest_route=\/wp\/v3\/product"}],"about":[{"href":"https:\/\/techtronik.store\/index.php?rest_route=\/wp\/v2\/types\/product"}],"replies":[{"embeddable":true,"href":"https:\/\/techtronik.store\/index.php?rest_route=%2Fwp%2Fv2%2Fcomments&post=950"}],"wp:featuredmedia":[{"embeddable":true,"href":"https:\/\/techtronik.store\/index.php?rest_route=\/wp\/v2\/media\/958"}],"wp:attachment":[{"href":"https:\/\/techtronik.store\/index.php?rest_route=%2Fwp%2Fv2%2Fmedia&parent=950"}],"wp:term":[{"taxonomy":"product_cat","embeddable":true,"href":"https:\/\/techtronik.store\/index.php?rest_route=%2Fwp%2Fv2%2Fproduct_cat&post=950"},{"taxonomy":"product_tag","embeddable":true,"href":"https:\/\/techtronik.store\/index.php?rest_route=%2Fwp%2Fv2%2Fproduct_tag&post=950"}],"curies":[{"name":"wp","href":"https:\/\/api.w.org\/{rel}","templated":true}]}}