{"id":941,"date":"2022-04-13T02:57:48","date_gmt":"2022-04-13T02:57:48","guid":{"rendered":"http:\/\/techtronik.store\/?post_type=product&#038;p=941"},"modified":"2023-10-24T21:21:33","modified_gmt":"2023-10-24T21:21:33","slug":"capacitor-electrolitico-50v","status":"publish","type":"product","link":"https:\/\/techtronik.store\/?product=capacitor-electrolitico-50v","title":{"rendered":"Capacitor Electrolitico 50V"},"content":{"rendered":"<p>Es un tipo de condensador que utiliza un\u00a0electrolito, como su primera armadura, la cual act\u00faa como\u00a0c\u00e1todo(-). Con la tensi\u00f3n adecuada, el electrolito deposita una capa aislante (la cual es en general una capa muy fina de \u00f3xido de aluminio) sobre la segunda armadura (\u00e1nodo +), consiguiendo as\u00ed capacidades muy elevadas. Son inadecuados para funcionar con corriente alterna. La polarizaci\u00f3n inversa destruye el \u00f3xido, produciendo un cortocircuito entre el electrolito y la armadura, aumentando la temperatura, y por tanto, arde o estalla el condensador consecuentemente. Existen varios tipos, seg\u00fan su segunda armadura y electrolito empleados:<\/p>\n<ul>\n<li><strong>Condensadores de aluminio<\/strong>. Es el tipo normal. La cuba es de aluminio y el electrolito una disoluci\u00f3n de\u00a0\u00e1cido b\u00f3rico. Funciona bien a bajas frecuencias, pero presenta p\u00e9rdidas grandes a frecuencias medias y altas. Se emplea en fuentes de alimentaci\u00f3n y equipos de audio.\u00a0<strong>Muy utilizado en fuentes de alimentaci\u00f3n conmutadas.<\/strong><\/li>\n<li><strong>Condensadores de t\u00e1ntalo<\/strong>(t\u00e1ntalos). Es otro condensador electrol\u00edtico, pero emplea\u00a0t\u00e1ntalo\u00a0en lugar de aluminio. Consigue corrientes de p\u00e9rdidas bajas, mucho menores que en los condensadores de aluminio. Suelen tener mejor relaci\u00f3n capacidad\/volumen.<\/li>\n<li><strong>Condensadores bipolares (para corriente alterna)<\/strong>. Est\u00e1n formados por dos condensadores electrol\u00edticos en serie inversa, utilizados en caso de que la corriente pueda invertirse. Son inservibles para altas frecuencias.<\/li>\n<\/ul>\n","protected":false},"excerpt":{"rendered":"<p>Es un tipo de condensador que utiliza un\u00a0electrolito, como su primera armadura, la cual act\u00faa como\u00a0c\u00e1todo(-). Con la tensi\u00f3n adecuada, el electrolito deposita una capa aislante (la cual es en general una capa muy fina de \u00f3xido de aluminio) sobre la segunda armadura (\u00e1nodo +), consiguiendo as\u00ed capacidades muy elevadas.&hellip; <\/p>\n","protected":false},"featured_media":949,"comment_status":"open","ping_status":"closed","template":"","meta":{"om_disable_all_campaigns":false,"_monsterinsights_skip_tracking":false,"_monsterinsights_sitenote_active":false,"_monsterinsights_sitenote_note":"","_monsterinsights_sitenote_category":0},"product_cat":[43,42],"product_tag":[],"class_list":{"0":"post-941","1":"product","2":"type-product","3":"status-publish","4":"has-post-thumbnail","6":"product_cat-capacitores","7":"product_cat-pasivos","9":"first","10":"instock","11":"taxable","12":"shipping-taxable","13":"purchasable","14":"product-type-variable"},"aioseo_notices":[],"_links":{"self":[{"href":"https:\/\/techtronik.store\/index.php?rest_route=\/wp\/v3\/product\/941","targetHints":{"allow":["GET"]}}],"collection":[{"href":"https:\/\/techtronik.store\/index.php?rest_route=\/wp\/v3\/product"}],"about":[{"href":"https:\/\/techtronik.store\/index.php?rest_route=\/wp\/v2\/types\/product"}],"replies":[{"embeddable":true,"href":"https:\/\/techtronik.store\/index.php?rest_route=%2Fwp%2Fv2%2Fcomments&post=941"}],"wp:featuredmedia":[{"embeddable":true,"href":"https:\/\/techtronik.store\/index.php?rest_route=\/wp\/v2\/media\/949"}],"wp:attachment":[{"href":"https:\/\/techtronik.store\/index.php?rest_route=%2Fwp%2Fv2%2Fmedia&parent=941"}],"wp:term":[{"taxonomy":"product_cat","embeddable":true,"href":"https:\/\/techtronik.store\/index.php?rest_route=%2Fwp%2Fv2%2Fproduct_cat&post=941"},{"taxonomy":"product_tag","embeddable":true,"href":"https:\/\/techtronik.store\/index.php?rest_route=%2Fwp%2Fv2%2Fproduct_tag&post=941"}],"curies":[{"name":"wp","href":"https:\/\/api.w.org\/{rel}","templated":true}]}}