{"id":938,"date":"2022-04-13T02:42:40","date_gmt":"2022-04-13T02:42:40","guid":{"rendered":"http:\/\/techtronik.store\/?post_type=product&#038;p=938"},"modified":"2023-02-06T00:13:22","modified_gmt":"2023-02-06T00:13:22","slug":"sensor-ultrasonico-hc-sr04","status":"publish","type":"product","link":"https:\/\/techtronik.store\/?product=sensor-ultrasonico-hc-sr04","title":{"rendered":"Sensor Ultrasonico HC-SR04"},"content":{"rendered":"<div align=\"justify\">\n<div align=\"justify\">\n<div align=\"justify\">\n<p>El sensor ultras\u00f3nico HC-SR04 que sirve para medir distancias por medio de sus dos transductores: un micr\u00f3fono y altavoz. Genera pulsos de alta frecuencia( no perceptible por el ser humano) que rebota en los objetos cercanos y es reflejado hacia el sensor, que es captado por un micr\u00f3fono. Son sensores econ\u00f3micos y f\u00e1cil de usar.<\/p>\n<p>Usualmente son usados en rob\u00f3tica para la detecci\u00f3n de obst\u00e1culos, para determinar la posiciones , crear mapas de entorno o resolver laberintos. Para ajustar su baja precisi\u00f3n son usados en conjunto con sensores infrarrojo y\/o sensores \u00f3pticos.<\/p>\n<\/div>\n<hr \/>\n<h3><strong>ESPECIFICACI\u00d3N Y CARACTER\u00cdSTICAS<\/strong><\/h3>\n<ul>\n<li>Tipo: Sensor Ultras\u00f3nico<\/li>\n<li>Modelo: HC-SR04<\/li>\n<li>Dimensiones: 45 mm x 20 mm x 15 mm<\/li>\n<li>Voltaje de funcionamiento: + 5V DC<\/li>\n<li>Corriente de alimentaci\u00f3n: 15 mA<\/li>\n<li>Rango de medici\u00f3n: 2 cm a 400 cm (a 4 m\u00a0 considerar que puede haber poca sensibilidad del dispositivo)<\/li>\n<li>Frecuencia de trabajo: 40 KHz<\/li>\n<li>\u00c1ngulo de medici\u00f3n efectivo: &lt; 15\u00ba<\/li>\n<li>\u00c1ngulo de medici\u00f3n: 30\u00ba<\/li>\n<li>Precisi\u00f3n: +- 3mm<\/li>\n<li>Duraci\u00f3n m\u00ednima del pulso de disparo (nivel TTL): 10 \u03bcs<\/li>\n<li>Duraci\u00f3n del pulso eco de salida (nivel TTL): 100-25000 \u03bcs<\/li>\n<li>Tiempo m\u00ednimo de espera entre una medida y el inicio de otra 20 ms<\/li>\n<li>Peso: 9 g<\/li>\n<li>Pines\n<ul>\n<li>Vcc: 5 DC<\/li>\n<li>Trigger: Input, disparo del ultrasonido<\/li>\n<li>Echo: Output, repetici\u00f3n del ultrasonido o receptor<\/li>\n<li>GND<\/li>\n<\/ul>\n<\/li>\n<\/ul>\n<\/div>\n<\/div>\n","protected":false},"excerpt":{"rendered":"<p>El sensor ultras\u00f3nico HC-SR04 que sirve para medir distancias por medio de sus dos transductores: un micr\u00f3fono y altavoz. Genera pulsos de alta frecuencia( no perceptible por el ser humano) que rebota en los objetos cercanos y es reflejado hacia el sensor, que es captado por un micr\u00f3fono. Son sensores&hellip; <\/p>\n","protected":false},"featured_media":940,"comment_status":"open","ping_status":"closed","template":"","meta":{"om_disable_all_campaigns":false,"_monsterinsights_skip_tracking":false,"_monsterinsights_sitenote_active":false,"_monsterinsights_sitenote_note":"","_monsterinsights_sitenote_category":0},"product_cat":[37,53],"product_tag":[],"class_list":{"0":"post-938","1":"product","2":"type-product","3":"status-publish","4":"has-post-thumbnail","6":"product_cat-modulos","7":"product_cat-sensores","9":"first","10":"instock","11":"taxable","12":"shipping-taxable","13":"purchasable","14":"product-type-simple"},"aioseo_notices":[],"_links":{"self":[{"href":"https:\/\/techtronik.store\/index.php?rest_route=\/wp\/v3\/product\/938","targetHints":{"allow":["GET"]}}],"collection":[{"href":"https:\/\/techtronik.store\/index.php?rest_route=\/wp\/v3\/product"}],"about":[{"href":"https:\/\/techtronik.store\/index.php?rest_route=\/wp\/v2\/types\/product"}],"replies":[{"embeddable":true,"href":"https:\/\/techtronik.store\/index.php?rest_route=%2Fwp%2Fv2%2Fcomments&post=938"}],"wp:featuredmedia":[{"embeddable":true,"href":"https:\/\/techtronik.store\/index.php?rest_route=\/wp\/v2\/media\/940"}],"wp:attachment":[{"href":"https:\/\/techtronik.store\/index.php?rest_route=%2Fwp%2Fv2%2Fmedia&parent=938"}],"wp:term":[{"taxonomy":"product_cat","embeddable":true,"href":"https:\/\/techtronik.store\/index.php?rest_route=%2Fwp%2Fv2%2Fproduct_cat&post=938"},{"taxonomy":"product_tag","embeddable":true,"href":"https:\/\/techtronik.store\/index.php?rest_route=%2Fwp%2Fv2%2Fproduct_tag&post=938"}],"curies":[{"name":"wp","href":"https:\/\/api.w.org\/{rel}","templated":true}]}}