{"id":935,"date":"2022-04-13T02:39:12","date_gmt":"2022-04-13T02:39:12","guid":{"rendered":"http:\/\/techtronik.store\/?post_type=product&#038;p=935"},"modified":"2022-09-26T02:00:01","modified_gmt":"2022-09-26T02:00:01","slug":"bme280","status":"publish","type":"product","link":"https:\/\/techtronik.store\/?product=bme280","title":{"rendered":"BMP280"},"content":{"rendered":"<div align=\"justify\">\n<div align=\"justify\">El sensor de presi\u00f3n atmosf\u00e9rica es una placa que est\u00e1 conformada por elementos tales como resistencias SMD, capacitores SMD y un chip \u201cBMP280\u201d desarrollado por la empresa BOSCH y cuenta con la tecnolog\u00eda para medir presi\u00f3n, temperatura y humedad. Est\u00e1 especialmente dise\u00f1ado para aplicaciones m\u00f3viles y para tecnolog\u00eda vestible (wearables) donde su forma y su consumo de energ\u00eda son variables claves para el dise\u00f1o de un sistema. Adem\u00e1s, el sensor ofrece un tiempo de respuesta extremadamente r\u00e1pido.<\/p>\n<p>El sensor de presi\u00f3n atmosf\u00e9rica se utiliza para medir la presi\u00f3n y temperatura. Adem\u00e1s, todo est\u00e1 integrado en un solo chip piezo-resistivo realmente compacto y de bajo consumo energ\u00e9tico. Asimismo, se utilizan en algunas aplicaciones como: advertencia sobre sequedad o altas temperaturas, medici\u00f3n de volumen y flujo de aire, c\u00e1lculo de la altitud para los sistemas de auto-piloto, Adafruit IO (Internet de las cosas), control dom\u00f3tico, control de calefacci\u00f3n, ventilaci\u00f3n, aire acondicionado (HVAC) y pronostico del tiempo.<\/p>\n<hr>\n<\/div>\n<h3><strong>ESPECIFICACIONES Y CARACTER\u00cdSTICAS<\/strong><\/h3>\n<ul>\n<li>Tensi\u00f3n de funcionamiento: 1.8 V a 3.3 V<\/li>\n<li>Presi\u00f3n: 300 a 1100 hPa<\/li>\n<li>Temperatura: -40\u00b0C a 85\u00b0C<\/li>\n<li>Dispositivo base: BMP \u2013 280<\/li>\n<li>Interfaces: I2C (Hasta 3.4 Mhz) y SPI (Hasta 10 Mhz)<\/li>\n<li>Dimensiones: 11.6 x 15.6 x 2.4 mm<\/li>\n<li>Peso: 0.90 gramos<\/li>\n<\/ul>\n<\/div>\n","protected":false},"excerpt":{"rendered":"<p>El sensor de presi\u00f3n atmosf\u00e9rica es una placa que est\u00e1 conformada por elementos tales como resistencias SMD, capacitores SMD y un chip \u201cBMP280\u201d desarrollado por la empresa BOSCH y cuenta con la tecnolog\u00eda para medir presi\u00f3n, temperatura y humedad. Est\u00e1 especialmente dise\u00f1ado para aplicaciones m\u00f3viles y para tecnolog\u00eda vestible (wearables)&hellip; <\/p>\n","protected":false},"featured_media":937,"comment_status":"open","ping_status":"closed","template":"","meta":{"om_disable_all_campaigns":false,"_monsterinsights_skip_tracking":false,"_monsterinsights_sitenote_active":false,"_monsterinsights_sitenote_note":"","_monsterinsights_sitenote_category":0},"product_cat":[37,53,55],"product_tag":[],"class_list":{"0":"post-935","1":"product","2":"type-product","3":"status-publish","4":"has-post-thumbnail","6":"product_cat-modulos","7":"product_cat-sensores","8":"product_cat-temperatura","10":"first","11":"instock","12":"taxable","13":"shipping-taxable","14":"purchasable","15":"product-type-simple"},"aioseo_notices":[],"_links":{"self":[{"href":"https:\/\/techtronik.store\/index.php?rest_route=\/wp\/v3\/product\/935","targetHints":{"allow":["GET"]}}],"collection":[{"href":"https:\/\/techtronik.store\/index.php?rest_route=\/wp\/v3\/product"}],"about":[{"href":"https:\/\/techtronik.store\/index.php?rest_route=\/wp\/v2\/types\/product"}],"replies":[{"embeddable":true,"href":"https:\/\/techtronik.store\/index.php?rest_route=%2Fwp%2Fv2%2Fcomments&post=935"}],"wp:featuredmedia":[{"embeddable":true,"href":"https:\/\/techtronik.store\/index.php?rest_route=\/wp\/v2\/media\/937"}],"wp:attachment":[{"href":"https:\/\/techtronik.store\/index.php?rest_route=%2Fwp%2Fv2%2Fmedia&parent=935"}],"wp:term":[{"taxonomy":"product_cat","embeddable":true,"href":"https:\/\/techtronik.store\/index.php?rest_route=%2Fwp%2Fv2%2Fproduct_cat&post=935"},{"taxonomy":"product_tag","embeddable":true,"href":"https:\/\/techtronik.store\/index.php?rest_route=%2Fwp%2Fv2%2Fproduct_tag&post=935"}],"curies":[{"name":"wp","href":"https:\/\/api.w.org\/{rel}","templated":true}]}}