{"id":932,"date":"2022-04-13T02:38:18","date_gmt":"2022-04-13T02:38:18","guid":{"rendered":"http:\/\/techtronik.store\/?post_type=product&#038;p=932"},"modified":"2022-09-26T01:59:31","modified_gmt":"2022-09-26T01:59:31","slug":"bmp180","status":"publish","type":"product","link":"https:\/\/techtronik.store\/?product=bmp180","title":{"rendered":"BMP180"},"content":{"rendered":"<div align=\"justify\">\n<p>El sensor de presi\u00f3n barom\u00e9trica BMP180 posee una alta precisi\u00f3n, bajo consumo de energ\u00eda, linealidad, as\u00ed como con estabilidad a largo plazo. Ofrece un rango de medici\u00f3n desde 300 a 1100 hPa (Hecto Pascal), con una precisi\u00f3n de hasta 0,03 hPa. Basado en tecnolog\u00eda piezo-resistiva de BOSCH con robustez EMC. Est\u00e1 dise\u00f1ado para ser conectado directamente a un microcontrolador utilizando para su comunicaci\u00f3n el protocolo de comunicaci\u00f3n I2C utilizando solo dos l\u00edneas ( SCL y SDA).<\/p>\n<p>Este tipo de sensor de presi\u00f3n barom\u00e9trica BMP180 se utiliza en dispositivos no tripulados, ya que tiene la tecnolog\u00eda para estar monitoreando la presi\u00f3n, altitud, temperatura, presi\u00f3n sobre el nivel del mar y la altitud real. Este tipo de sensores pueden ser utilizados para calcular la altitud con gran precisi\u00f3n, por lo que es un sensor muy utilizado en sistemas de Autopiloto para Drones (UAVs).<\/p>\n<\/div>\n<hr \/>\n<h3><strong>ESPECIFICACI\u00d3N Y CARACTER\u00cdSTICAS<\/strong><\/h3>\n<ul>\n<li>Voltaje de Operaci\u00f3n: 3.3V a 5V DC<\/li>\n<li>Interfaz de comunicaci\u00f3n: I2C (3.3V)<\/li>\n<li>Rango de Presi\u00f3n: 300 a 1100 hPa<\/li>\n<li>Resoluci\u00f3n: 1 Pa<\/li>\n<li>Precisi\u00f3n absoluta: 1 hPa<\/li>\n<li>Resoluci\u00f3n de temperatura: 0.1\u00b0C<\/li>\n<li>Precisi\u00f3n de temperatura: 1\u00b0C<\/li>\n<li>Frecuencia de Muestreo: hasta 120 Hz<\/li>\n<\/ul>\n","protected":false},"excerpt":{"rendered":"<p>El sensor de presi\u00f3n barom\u00e9trica BMP180 posee una alta precisi\u00f3n, bajo consumo de energ\u00eda, linealidad, as\u00ed como con estabilidad a largo plazo. Ofrece un rango de medici\u00f3n desde 300 a 1100 hPa (Hecto Pascal), con una precisi\u00f3n de hasta 0,03 hPa. Basado en tecnolog\u00eda piezo-resistiva de BOSCH con robustez EMC.&hellip; <\/p>\n","protected":false},"featured_media":934,"comment_status":"open","ping_status":"closed","template":"","meta":{"om_disable_all_campaigns":false,"_monsterinsights_skip_tracking":false,"_monsterinsights_sitenote_active":false,"_monsterinsights_sitenote_note":"","_monsterinsights_sitenote_category":0},"product_cat":[37,53,55],"product_tag":[],"class_list":{"0":"post-932","1":"product","2":"type-product","3":"status-publish","4":"has-post-thumbnail","6":"product_cat-modulos","7":"product_cat-sensores","8":"product_cat-temperatura","10":"first","11":"instock","12":"taxable","13":"shipping-taxable","14":"purchasable","15":"product-type-simple"},"aioseo_notices":[],"_links":{"self":[{"href":"https:\/\/techtronik.store\/index.php?rest_route=\/wp\/v3\/product\/932","targetHints":{"allow":["GET"]}}],"collection":[{"href":"https:\/\/techtronik.store\/index.php?rest_route=\/wp\/v3\/product"}],"about":[{"href":"https:\/\/techtronik.store\/index.php?rest_route=\/wp\/v2\/types\/product"}],"replies":[{"embeddable":true,"href":"https:\/\/techtronik.store\/index.php?rest_route=%2Fwp%2Fv2%2Fcomments&post=932"}],"wp:featuredmedia":[{"embeddable":true,"href":"https:\/\/techtronik.store\/index.php?rest_route=\/wp\/v2\/media\/934"}],"wp:attachment":[{"href":"https:\/\/techtronik.store\/index.php?rest_route=%2Fwp%2Fv2%2Fmedia&parent=932"}],"wp:term":[{"taxonomy":"product_cat","embeddable":true,"href":"https:\/\/techtronik.store\/index.php?rest_route=%2Fwp%2Fv2%2Fproduct_cat&post=932"},{"taxonomy":"product_tag","embeddable":true,"href":"https:\/\/techtronik.store\/index.php?rest_route=%2Fwp%2Fv2%2Fproduct_tag&post=932"}],"curies":[{"name":"wp","href":"https:\/\/api.w.org\/{rel}","templated":true}]}}