{"id":931,"date":"2022-04-13T00:45:28","date_gmt":"2022-04-13T00:45:28","guid":{"rendered":"http:\/\/techtronik.store\/?post_type=product&#038;p=931"},"modified":"2022-12-02T22:40:07","modified_gmt":"2022-12-02T22:40:07","slug":"ds18b20","status":"publish","type":"product","link":"https:\/\/techtronik.store\/?product=ds18b20","title":{"rendered":"DS18B20"},"content":{"rendered":"<div align=\"justify\">\n<div id=\"tab-description\" class=\"woocommerce-Tabs-panel woocommerce-Tabs-panel--description panel entry-content active\" role=\"tabpanel\" aria-labelledby=\"tab-title-description\">\n<div align=\"justify\">\n<div align=\"justify\">\n<div align=\"justify\">\n<div align=\"justify\">\n<p>El DS18B20 es un sensor digital de temperatura con encapsulado de tipo TO-92 similar al empleado en transistores peque\u00f1os. Con este sensor puedes medir temperatura desde los -55\u00b0C hasta los 125\u00b0C y con una resoluci\u00f3n programable desde 9 bits hasta 12 bits.<\/p>\n<p>El DS18B20 sirve para la medici\u00f3n de temperatura, tanto en ambientes dom\u00e9sticos como industriales. Sus caracter\u00edsticas permiten crear redes con gran n\u00famero de sensores para controlar, por ejemplo, la climatizaci\u00f3n o el sistema HVAC de un edificio comercial.<\/p>\n<\/div>\n<hr \/>\n<h3><strong>ESPECIFICACIONES Y CARACTER\u00cdSTICAS<\/strong><\/h3>\n<ul>\n<li><span class=\"property-title\">N\u00famero de modelo:<\/span>\u00a0DS18B20<\/li>\n<li>Voltaje de alimentaci\u00f3n : 3V a 5.5V<\/li>\n<li>Encapsulado: TO-92-3<\/li>\n<li>Tecnolog\u00eda: Through-Hole<\/li>\n<li>Rango de temperatura: \u201355\u00b0C a +125\u00b0C (\u201367\u00b0F a +257\u00b0F)<\/li>\n<li>Corriente de suministro operativa: 1.5 mA<\/li>\n<li>Corriente de entrada DQ: 5 \u00b5A<\/li>\n<li><span class=\"property-title\">Salida:\u00a0<\/span><span class=\"property-desc line-limit-length\" title=\"Sensor digital\">Sensor digital<\/span><\/li>\n<li>Resoluci\u00f3n:12 bits<\/li>\n<li>Interfaz de comunicaci\u00f3n 1-Wire, con capacidad multidrop<\/li>\n<li>Puede ser alimentado a trav\u00e9s de la linea de datos<\/li>\n<li>Alarmas configurables en memoria no vol\u00e1til<\/li>\n<\/ul>\n<\/div>\n<\/div>\n<\/div>\n<\/div>\n<\/div>\n","protected":false},"excerpt":{"rendered":"<p>El DS18B20 es un sensor digital de temperatura con encapsulado de tipo TO-92 similar al empleado en transistores peque\u00f1os. Con este sensor puedes medir temperatura desde los -55\u00b0C hasta los 125\u00b0C y con una resoluci\u00f3n programable desde 9 bits hasta 12 bits. El DS18B20 sirve para la medici\u00f3n de temperatura,&hellip; <\/p>\n","protected":false},"featured_media":120,"comment_status":"open","ping_status":"closed","template":"","meta":{"om_disable_all_campaigns":false,"_monsterinsights_skip_tracking":false,"_monsterinsights_sitenote_active":false,"_monsterinsights_sitenote_note":"","_monsterinsights_sitenote_category":0},"product_cat":[49,46,53,55],"product_tag":[],"class_list":{"0":"post-931","1":"product","2":"type-product","3":"status-publish","4":"has-post-thumbnail","6":"product_cat-circuitos-integrados","7":"product_cat-semiconductores","8":"product_cat-sensores","9":"product_cat-temperatura","11":"first","12":"instock","13":"taxable","14":"shipping-taxable","15":"purchasable","16":"product-type-simple"},"aioseo_notices":[],"_links":{"self":[{"href":"https:\/\/techtronik.store\/index.php?rest_route=\/wp\/v3\/product\/931","targetHints":{"allow":["GET"]}}],"collection":[{"href":"https:\/\/techtronik.store\/index.php?rest_route=\/wp\/v3\/product"}],"about":[{"href":"https:\/\/techtronik.store\/index.php?rest_route=\/wp\/v2\/types\/product"}],"replies":[{"embeddable":true,"href":"https:\/\/techtronik.store\/index.php?rest_route=%2Fwp%2Fv2%2Fcomments&post=931"}],"wp:featuredmedia":[{"embeddable":true,"href":"https:\/\/techtronik.store\/index.php?rest_route=\/wp\/v2\/media\/120"}],"wp:attachment":[{"href":"https:\/\/techtronik.store\/index.php?rest_route=%2Fwp%2Fv2%2Fmedia&parent=931"}],"wp:term":[{"taxonomy":"product_cat","embeddable":true,"href":"https:\/\/techtronik.store\/index.php?rest_route=%2Fwp%2Fv2%2Fproduct_cat&post=931"},{"taxonomy":"product_tag","embeddable":true,"href":"https:\/\/techtronik.store\/index.php?rest_route=%2Fwp%2Fv2%2Fproduct_tag&post=931"}],"curies":[{"name":"wp","href":"https:\/\/api.w.org\/{rel}","templated":true}]}}