{"id":930,"date":"2022-04-13T00:42:44","date_gmt":"2022-04-13T00:42:44","guid":{"rendered":"http:\/\/techtronik.store\/?post_type=product&#038;p=930"},"modified":"2023-04-26T02:50:10","modified_gmt":"2023-04-26T02:50:10","slug":"lm35","status":"publish","type":"product","link":"https:\/\/techtronik.store\/?product=lm35","title":{"rendered":"LM35"},"content":{"rendered":"<div align=\"justify\">\n<div id=\"tab-description\" class=\"woocommerce-Tabs-panel woocommerce-Tabs-panel--description panel entry-content active\" role=\"tabpanel\" aria-labelledby=\"tab-title-description\">\n<div align=\"justify\">\n<div align=\"justify\">\n<div align=\"justify\">\n<p>El Sensor de Temperatura LM35 es un circuito integrado de precisi\u00f3n de temperatura, cuyo voltaje de salida es lineal mente proporcional a grados cent\u00edgrados. Se puede presentar de diferentes encapsulados pero uno de los m\u00e1s comunes es el TO-92.<\/p>\n<p>El LM35\u00a0 permite medir el cambio de temperatura de un cuerpo o de un objeto en un rango de -55\u00b0C hasta 150\u00b0C, el las aplicaciones mas comunes son: term\u00f3metro, aplicaciones remotas, termostato casero jardiner\u00eda y en sistemas de monitoreo industrial.<\/p>\n<\/div>\n<hr \/>\n<h3><strong>ESPECIFICACIONES Y CARACTER\u00cdSTICAS\u00a0<\/strong><\/h3>\n<ul>\n<li>Calibrado : \u00b0 Celsius (cent\u00edgrado)<\/li>\n<li>Factor de escala: lineal + 10.0 mV \/ \u00b0C<\/li>\n<li>Precisi\u00f3n: 0.5 \u00b0C garantiza (a +25 \u00b0C)<\/li>\n<li>Rango de medici\u00f3n: -55\u00b0C a +150\u00b0C<\/li>\n<li>Voltaje de Operaci\u00f3n: 4 a 30 V<\/li>\n<li>Corriente de Trabajo: Menos\u00a0 de 60 \u00b5A<\/li>\n<li>Salida: Baja impedancia, 0.1\u2126 para 1mA de carga<\/li>\n<li>Peso: 0.24 g<\/li>\n<\/ul>\n<\/div>\n<\/div>\n<\/div>\n<\/div>\n","protected":false},"excerpt":{"rendered":"<p>El Sensor de Temperatura LM35 es un circuito integrado de precisi\u00f3n de temperatura, cuyo voltaje de salida es lineal mente proporcional a grados cent\u00edgrados. Se puede presentar de diferentes encapsulados pero uno de los m\u00e1s comunes es el TO-92. El LM35\u00a0 permite medir el cambio de temperatura de un cuerpo&hellip; <\/p>\n","protected":false},"featured_media":170,"comment_status":"open","ping_status":"closed","template":"","meta":{"om_disable_all_campaigns":false,"_monsterinsights_skip_tracking":false,"_monsterinsights_sitenote_active":false,"_monsterinsights_sitenote_note":"","_monsterinsights_sitenote_category":0},"product_cat":[49,46,53,55],"product_tag":[],"class_list":{"0":"post-930","1":"product","2":"type-product","3":"status-publish","4":"has-post-thumbnail","6":"product_cat-circuitos-integrados","7":"product_cat-semiconductores","8":"product_cat-sensores","9":"product_cat-temperatura","11":"first","12":"instock","13":"taxable","14":"shipping-taxable","15":"purchasable","16":"product-type-simple"},"aioseo_notices":[],"_links":{"self":[{"href":"https:\/\/techtronik.store\/index.php?rest_route=\/wp\/v3\/product\/930","targetHints":{"allow":["GET"]}}],"collection":[{"href":"https:\/\/techtronik.store\/index.php?rest_route=\/wp\/v3\/product"}],"about":[{"href":"https:\/\/techtronik.store\/index.php?rest_route=\/wp\/v2\/types\/product"}],"replies":[{"embeddable":true,"href":"https:\/\/techtronik.store\/index.php?rest_route=%2Fwp%2Fv2%2Fcomments&post=930"}],"wp:featuredmedia":[{"embeddable":true,"href":"https:\/\/techtronik.store\/index.php?rest_route=\/wp\/v2\/media\/170"}],"wp:attachment":[{"href":"https:\/\/techtronik.store\/index.php?rest_route=%2Fwp%2Fv2%2Fmedia&parent=930"}],"wp:term":[{"taxonomy":"product_cat","embeddable":true,"href":"https:\/\/techtronik.store\/index.php?rest_route=%2Fwp%2Fv2%2Fproduct_cat&post=930"},{"taxonomy":"product_tag","embeddable":true,"href":"https:\/\/techtronik.store\/index.php?rest_route=%2Fwp%2Fv2%2Fproduct_tag&post=930"}],"curies":[{"name":"wp","href":"https:\/\/api.w.org\/{rel}","templated":true}]}}