{"id":929,"date":"2022-04-13T00:40:32","date_gmt":"2022-04-13T00:40:32","guid":{"rendered":"http:\/\/techtronik.store\/?post_type=product&#038;p=929"},"modified":"2022-11-23T16:22:40","modified_gmt":"2022-11-23T16:22:40","slug":"voltimetro-amperimetro-lcd","status":"publish","type":"product","link":"https:\/\/techtronik.store\/?product=voltimetro-amperimetro-lcd","title":{"rendered":"Voltimetro Amperimetro LCD"},"content":{"rendered":"<div align=\"justify\">\n<div id=\"tab-description\" class=\"woocommerce-Tabs-panel woocommerce-Tabs-panel--description panel entry-content active\" role=\"tabpanel\" aria-labelledby=\"tab-title-description\">\n<div align=\"justify\">\n<div align=\"justify\">\n<p>Volt\u00edmetro 100V Amper\u00edmetro 10A DC Display Digital realiza medici\u00f3n de voltaje y corriente en Corriente Directa DC con marco para montar en chasis, por medio de dos display de una manera r\u00e1pida y sencilla. \u00datil para proyectos que necesiten medir constantemente. Incluye cables para medici\u00f3n de voltaje y corriente.\u00a0Incluye cables para medici\u00f3n de voltaje y corriente.<\/p>\n<div>\n<hr \/>\n<h3><strong>ESPECIFICACIONES Y CARACTERISTICAS\u00a0<\/strong><\/h3>\n<\/div>\n<div>\n<ul>\n<li>Voltaje de alimentaci\u00f3n:4.5 a 30 VCD<\/li>\n<li>Corriente de trabajo: &lt;20 mA<\/li>\n<li>Medidas para voltaje: 0 V a 100V<\/li>\n<li>Medidas para amperaje: 0 A a 10 A<\/li>\n<li>Resoluci\u00f3n: 0.1 V \/ 0.1 A<\/li>\n<li>Dimensiones:48x29x26mm<\/li>\n<li>Visualizaci\u00f3n en display 7 segmentos:\n<ul>\n<li>Rojo para medici\u00f3n de Voltaje<\/li>\n<li>Azul para medici\u00f3n de Corriente<\/li>\n<\/ul>\n<\/li>\n<\/ul>\n<\/div>\n<\/div>\n<\/div>\n<\/div>\n<\/div>\n","protected":false},"excerpt":{"rendered":"<p>Volt\u00edmetro 100V Amper\u00edmetro 10A DC Display Digital realiza medici\u00f3n de voltaje y corriente en Corriente Directa DC con marco para montar en chasis, por medio de dos display de una manera r\u00e1pida y sencilla. \u00datil para proyectos que necesiten medir constantemente. Incluye cables para medici\u00f3n de voltaje y corriente.\u00a0Incluye cables&hellip; <\/p>\n","protected":false},"featured_media":257,"comment_status":"open","ping_status":"closed","template":"","meta":{"om_disable_all_campaigns":false,"_monsterinsights_skip_tracking":false,"_monsterinsights_sitenote_active":false,"_monsterinsights_sitenote_note":"","_monsterinsights_sitenote_category":0},"product_cat":[54,37,53],"product_tag":[],"class_list":{"0":"post-929","1":"product","2":"type-product","3":"status-publish","4":"has-post-thumbnail","6":"product_cat-corriente-y-voltaje","7":"product_cat-modulos","8":"product_cat-sensores","10":"first","11":"outofstock","12":"taxable","13":"shipping-taxable","14":"purchasable","15":"product-type-simple"},"aioseo_notices":[],"_links":{"self":[{"href":"https:\/\/techtronik.store\/index.php?rest_route=\/wp\/v3\/product\/929","targetHints":{"allow":["GET"]}}],"collection":[{"href":"https:\/\/techtronik.store\/index.php?rest_route=\/wp\/v3\/product"}],"about":[{"href":"https:\/\/techtronik.store\/index.php?rest_route=\/wp\/v2\/types\/product"}],"replies":[{"embeddable":true,"href":"https:\/\/techtronik.store\/index.php?rest_route=%2Fwp%2Fv2%2Fcomments&post=929"}],"wp:featuredmedia":[{"embeddable":true,"href":"https:\/\/techtronik.store\/index.php?rest_route=\/wp\/v2\/media\/257"}],"wp:attachment":[{"href":"https:\/\/techtronik.store\/index.php?rest_route=%2Fwp%2Fv2%2Fmedia&parent=929"}],"wp:term":[{"taxonomy":"product_cat","embeddable":true,"href":"https:\/\/techtronik.store\/index.php?rest_route=%2Fwp%2Fv2%2Fproduct_cat&post=929"},{"taxonomy":"product_tag","embeddable":true,"href":"https:\/\/techtronik.store\/index.php?rest_route=%2Fwp%2Fv2%2Fproduct_tag&post=929"}],"curies":[{"name":"wp","href":"https:\/\/api.w.org\/{rel}","templated":true}]}}