{"id":925,"date":"2022-04-13T00:33:22","date_gmt":"2022-04-13T00:33:22","guid":{"rendered":"http:\/\/techtronik.store\/?post_type=product&#038;p=925"},"modified":"2022-12-02T22:51:33","modified_gmt":"2022-12-02T22:51:33","slug":"irf4905-mosfet-p","status":"publish","type":"product","link":"https:\/\/techtronik.store\/?product=irf4905-mosfet-p","title":{"rendered":"IRF4905 MOSFET P"},"content":{"rendered":"<div align=\"justify\">\n<div id=\"tab-description\" class=\"woocommerce-Tabs-panel woocommerce-Tabs-panel--description panel entry-content active\" role=\"tabpanel\" aria-labelledby=\"tab-title-description\">\n<div align=\"justify\">\n<p>El transistor de efecto de campo metal-\u00f3xido-semiconductor o MOSFET (en ingl\u00e9s Metal-oxide-semiconductor Field-effect transistor) es un transistor utilizado para amplificar o conmutar se\u00f1ales electr\u00f3nicas. Es el transistor m\u00e1s utilizado en la industria microelectr\u00f3nica, ya sea en circuitos anal\u00f3gicos o digitales.<\/p>\n<p>Hay tres tipos de FE: JFET, MOSFET y MESFET. Los MOSFET se dividen a\u00fan m\u00e1s en tipo empobrecimiento y tipo enriquecimiento. Los t\u00e9rminos empobrecimiento y enriquecimiento definen su modo b\u00e1sico de operaciones.<br \/>\nMosfet Tipo de Empobrecimiento permite analizarlos de la misma manera en el dominio cd. La diferencia principal entre los dos es que los mosfet tipo empobrecimiento permite puntos de operaci\u00f3n con valores positivos de VGs y niveles de ID mayores que IDSS.<br \/>\nLos mosfet de enriquecimiento pueden ser un dispositivo tanto de canal n (nMOS) como canal p (pMOS). El circuito equivalente de se\u00f1al peque\u00f1a de ca de cualquier de los dos dispositivos.<\/p>\n<p>El transistor mosfet IRF4905 Tipo T, es un mosfet de -100V de canal P de potencia que proporciona al dise\u00f1ador con la mejor combinaci\u00f3n de conmutaci\u00f3n r\u00e1pida, el dise\u00f1o de dispositivos para uso rudo, baja resistencia y costo-efectividad.<br \/>\nLa resistencia t\u00e9rmica baja contribuye a su amplia aceptaci\u00f3n en la industria.<br \/>\nLos transistores Mosfet son la mejor combinaci\u00f3n de cambio r\u00e1pido, resistente, bajo en resistencias y rentabilidad. La baja resistencia t\u00e9rmica y el bajo costo contribuyen a su amplia aceptaci\u00f3n en toda la industria.<br \/>\nSe pueden operar directamente desde circuitos integrados.<\/p>\n<\/div>\n<\/div>\n<div align=\"justify\">\n<div id=\"pdpApplication\">\n<hr \/>\n<p><strong>ESPECIFICACIONES T\u00c9CNICAS<\/strong><\/p>\n<ul>\n<li>Disipaci\u00f3n total del dispositivo (Pd): 150 W<\/li>\n<li>Tensi\u00f3n drenaje-fuente (Vds): 55 V<\/li>\n<li>Tensi\u00f3n compuerta-fuente (Vgs): 10 V<\/li>\n<li>Corriente continua de drenaje (Id): 64 A<\/li>\n<li>Temperatura operativa m\u00e1xima (Tj): 150 \u00b0C<\/li>\n<li>Tensi\u00f3n umbral compuerta-fuente Vgs(th): 4 V<\/li>\n<li>Carga de compuerta (Qg): 120 nC<\/li>\n<li>Resistencia drenaje-fuente RDS(on): 0.02 Ohm<\/li>\n<li>Encapsulado: TO-220<\/li>\n<li>3 pines<\/li>\n<\/ul>\n<\/div>\n<\/div>\n<\/div>\n","protected":false},"excerpt":{"rendered":"<p>El transistor de efecto de campo metal-\u00f3xido-semiconductor o MOSFET (en ingl\u00e9s Metal-oxide-semiconductor Field-effect transistor) es un transistor utilizado para amplificar o conmutar se\u00f1ales electr\u00f3nicas. Es el transistor m\u00e1s utilizado en la industria microelectr\u00f3nica, ya sea en circuitos anal\u00f3gicos o digitales. Hay tres tipos de FE: JFET, MOSFET y MESFET. Los&hellip; <\/p>\n","protected":false},"featured_media":148,"comment_status":"open","ping_status":"closed","template":"","meta":{"om_disable_all_campaigns":false,"_monsterinsights_skip_tracking":false,"_monsterinsights_sitenote_active":false,"_monsterinsights_sitenote_note":"","_monsterinsights_sitenote_category":0},"product_cat":[46,52],"product_tag":[],"class_list":{"0":"post-925","1":"product","2":"type-product","3":"status-publish","4":"has-post-thumbnail","6":"product_cat-semiconductores","7":"product_cat-transistores-mosfet","9":"first","10":"instock","11":"taxable","12":"shipping-taxable","13":"purchasable","14":"product-type-simple"},"aioseo_notices":[],"_links":{"self":[{"href":"https:\/\/techtronik.store\/index.php?rest_route=\/wp\/v3\/product\/925","targetHints":{"allow":["GET"]}}],"collection":[{"href":"https:\/\/techtronik.store\/index.php?rest_route=\/wp\/v3\/product"}],"about":[{"href":"https:\/\/techtronik.store\/index.php?rest_route=\/wp\/v2\/types\/product"}],"replies":[{"embeddable":true,"href":"https:\/\/techtronik.store\/index.php?rest_route=%2Fwp%2Fv2%2Fcomments&post=925"}],"wp:featuredmedia":[{"embeddable":true,"href":"https:\/\/techtronik.store\/index.php?rest_route=\/wp\/v2\/media\/148"}],"wp:attachment":[{"href":"https:\/\/techtronik.store\/index.php?rest_route=%2Fwp%2Fv2%2Fmedia&parent=925"}],"wp:term":[{"taxonomy":"product_cat","embeddable":true,"href":"https:\/\/techtronik.store\/index.php?rest_route=%2Fwp%2Fv2%2Fproduct_cat&post=925"},{"taxonomy":"product_tag","embeddable":true,"href":"https:\/\/techtronik.store\/index.php?rest_route=%2Fwp%2Fv2%2Fproduct_tag&post=925"}],"curies":[{"name":"wp","href":"https:\/\/api.w.org\/{rel}","templated":true}]}}