{"id":919,"date":"2022-04-13T00:16:50","date_gmt":"2022-04-13T00:16:50","guid":{"rendered":"http:\/\/techtronik.store\/?post_type=product&#038;p=919"},"modified":"2022-09-26T01:48:09","modified_gmt":"2022-09-26T01:48:09","slug":"irf530-mosfet-n","status":"publish","type":"product","link":"https:\/\/techtronik.store\/?product=irf530-mosfet-n","title":{"rendered":"IRF530 MOSFET N"},"content":{"rendered":"<div align=\"justify\">\n<div align=\"justify\">\n<div align=\"justify\">\n<p>\u00bfQu\u00e9 es?<br \/>\nEl transistor de efecto de campo metal-\u00f3xido-semiconductor o MOSFET (en ingl\u00e9s Metal-oxide-semiconductor Field-effect transistor) es un transistor utilizado para amplificar o conmutar se\u00f1ales electr\u00f3nicas. Es el transistor m\u00e1s utilizado en la industria microelectr\u00f3nica, ya sea en circuitos anal\u00f3gicos o digitales.El IRF530 es un mosfet de canal \u00fanico N de 100v en un encapsulado TO-220 es un mosfet tiene una baja por el \u00e1rea de silicio, los MOSFET de potencia son muy conocidos por proporcionar una gran eficiencia y fiabilidad que se pueden utilizar en una gran variedad de aplicaciones.<\/p>\n<p>\u00bfPara qu\u00e9 es?<br \/>\nHay tres tipos de FET: JFET, MOSFET y MESFET. Los MOSFET se dividen a\u00fan m\u00e1s en tipo empobrecimiento y tipo enriquecimiento. Los t\u00e9rminos empobrecimiento y enriquecimiento definen su modo b\u00e1sico de operaciones.<br \/>\nMosfet Tipo de Empobrecimiento permite analizarlos de la misma manera en el dominio cd. La diferencia principal entre los dos es que los mosfet tipo empobrecimiento permite puntos de operaci\u00f3n con valores positivos de VGs y niveles de ID mayores que IDSS.<\/p>\n<p>\u00bfC\u00f3mo Funciona?<br \/>\nLos Mosfet IRF530 son silicio en modo de mejora de canal N transistores de efecto de campo de potencia de puerta. Est\u00e1n dise\u00f1ados, probados y garantizado para soportar un nivel especifico de energ\u00eda en el desglose del modo de operaci\u00f3n de avalancha del modo de mejora del canal P Transistores de efecto de campo de potencia. . Se pueden operar directamente desde circuitos integrados.<\/p>\n<\/div>\n<p>&nbsp;<\/p>\n<\/div>\n<\/div>\n","protected":false},"excerpt":{"rendered":"<p>\u00bfQu\u00e9 es? El transistor de efecto de campo metal-\u00f3xido-semiconductor o MOSFET (en ingl\u00e9s Metal-oxide-semiconductor Field-effect transistor) es un transistor utilizado para amplificar o conmutar se\u00f1ales electr\u00f3nicas. Es el transistor m\u00e1s utilizado en la industria microelectr\u00f3nica, ya sea en circuitos anal\u00f3gicos o digitales.El IRF530 es un mosfet de canal \u00fanico N&hellip; <\/p>\n","protected":false},"featured_media":141,"comment_status":"open","ping_status":"closed","template":"","meta":{"om_disable_all_campaigns":false,"_monsterinsights_skip_tracking":false,"_monsterinsights_sitenote_active":false,"_monsterinsights_sitenote_note":"","_monsterinsights_sitenote_category":0},"product_cat":[46,52],"product_tag":[],"class_list":{"0":"post-919","1":"product","2":"type-product","3":"status-publish","4":"has-post-thumbnail","6":"product_cat-semiconductores","7":"product_cat-transistores-mosfet","9":"first","10":"instock","11":"taxable","12":"shipping-taxable","13":"purchasable","14":"product-type-simple"},"aioseo_notices":[],"_links":{"self":[{"href":"https:\/\/techtronik.store\/index.php?rest_route=\/wp\/v3\/product\/919","targetHints":{"allow":["GET"]}}],"collection":[{"href":"https:\/\/techtronik.store\/index.php?rest_route=\/wp\/v3\/product"}],"about":[{"href":"https:\/\/techtronik.store\/index.php?rest_route=\/wp\/v2\/types\/product"}],"replies":[{"embeddable":true,"href":"https:\/\/techtronik.store\/index.php?rest_route=%2Fwp%2Fv2%2Fcomments&post=919"}],"wp:featuredmedia":[{"embeddable":true,"href":"https:\/\/techtronik.store\/index.php?rest_route=\/wp\/v2\/media\/141"}],"wp:attachment":[{"href":"https:\/\/techtronik.store\/index.php?rest_route=%2Fwp%2Fv2%2Fmedia&parent=919"}],"wp:term":[{"taxonomy":"product_cat","embeddable":true,"href":"https:\/\/techtronik.store\/index.php?rest_route=%2Fwp%2Fv2%2Fproduct_cat&post=919"},{"taxonomy":"product_tag","embeddable":true,"href":"https:\/\/techtronik.store\/index.php?rest_route=%2Fwp%2Fv2%2Fproduct_tag&post=919"}],"curies":[{"name":"wp","href":"https:\/\/api.w.org\/{rel}","templated":true}]}}