{"id":916,"date":"2022-04-13T00:11:16","date_gmt":"2022-04-13T00:11:16","guid":{"rendered":"http:\/\/techtronik.store\/?post_type=product&#038;p=916"},"modified":"2023-05-21T17:37:08","modified_gmt":"2023-05-21T17:37:08","slug":"2n7000-mosfet-n","status":"publish","type":"product","link":"https:\/\/techtronik.store\/?product=2n7000-mosfet-n","title":{"rendered":"2N7000 MOSFET N"},"content":{"rendered":"<div align=\"justify\">\n<div align=\"justify\">\n<p>2N7000 es un transistor de efecto de campo con encapsulado TO-92 de 3 pines de canal N. Este transistor est\u00e1 fabricado con tecnolog\u00eda DMOS (metal-\u00f3xido semiconductor de doble difusi\u00f3n) de alta densidad. Esta dise\u00f1ado para conmutaci\u00f3n r\u00e1pida\u00a0 de cargas que operan con menos de 60 V (VDS) y 200 mA (ID), tambi\u00e9n proporciona un rendimiento de conmutaci\u00f3n robusto, r\u00e1pido y fiable.<\/p>\n<p>Estos transistores son utilizados en diversas aplicaciones de conmutaci\u00f3n de se\u00f1ales el\u00e9ctricas de baja tensi\u00f3n y baja corriente, como por ejemplo para el control de peque\u00f1os servomotores, controladores de puerta MOSFET y otras aplicaciones de conmutaci\u00f3n.<\/p>\n<hr \/>\n<h3><strong>ESPECIFICACI\u00d3N Y CARACTER\u00cdSTICAS<\/strong><\/h3>\n<ul>\n<li>Serie: 2N7000<\/li>\n<li>Tipo de transistor: MOSFET<\/li>\n<li>Estilo de montaje: Through Hole<\/li>\n<li>Paquete \/ Cubierta: TO-92-3<\/li>\n<li>Polaridad del transistor: Canal N<\/li>\n<li>N\u00famero de canales: 1 Canal<\/li>\n<li>Voltaje de Drenaje a Fuente Vds: 60V<\/li>\n<li>Corriente Continua\u00a0 de Drenaje Id: 200mA<\/li>\n<li>Resistencia de Activaci\u00f3n Rds(on): 5 Ohms<\/li>\n<li>Tensi\u00f3n Vgs de Medici\u00f3n Rds(on): 10V<\/li>\n<li>Disipaci\u00f3n de Potencia Pd: 400mW<\/li>\n<li>Temperatura de trabajo m\u00ednima: \u2013 55 C<\/li>\n<li>Temperatura de trabajo m\u00e1xima: + 150 C<\/li>\n<li>Altura: 5.33 mm<\/li>\n<li>Longitud: 5.2 mm<\/li>\n<li>Ancho: 4.19 mm<\/li>\n<\/ul>\n<\/div>\n<\/div>\n","protected":false},"excerpt":{"rendered":"<p>2N7000 es un transistor de efecto de campo con encapsulado TO-92 de 3 pines de canal N. Este transistor est\u00e1 fabricado con tecnolog\u00eda DMOS (metal-\u00f3xido semiconductor de doble difusi\u00f3n) de alta densidad. Esta dise\u00f1ado para conmutaci\u00f3n r\u00e1pida\u00a0 de cargas que operan con menos de 60 V (VDS) y 200 mA&hellip; <\/p>\n","protected":false},"featured_media":918,"comment_status":"open","ping_status":"closed","template":"","meta":{"om_disable_all_campaigns":false,"_monsterinsights_skip_tracking":false,"_monsterinsights_sitenote_active":false,"_monsterinsights_sitenote_note":"","_monsterinsights_sitenote_category":0},"product_cat":[46,52],"product_tag":[],"class_list":{"0":"post-916","1":"product","2":"type-product","3":"status-publish","4":"has-post-thumbnail","6":"product_cat-semiconductores","7":"product_cat-transistores-mosfet","9":"first","10":"instock","11":"taxable","12":"shipping-taxable","13":"purchasable","14":"product-type-simple"},"aioseo_notices":[],"_links":{"self":[{"href":"https:\/\/techtronik.store\/index.php?rest_route=\/wp\/v3\/product\/916","targetHints":{"allow":["GET"]}}],"collection":[{"href":"https:\/\/techtronik.store\/index.php?rest_route=\/wp\/v3\/product"}],"about":[{"href":"https:\/\/techtronik.store\/index.php?rest_route=\/wp\/v2\/types\/product"}],"replies":[{"embeddable":true,"href":"https:\/\/techtronik.store\/index.php?rest_route=%2Fwp%2Fv2%2Fcomments&post=916"}],"wp:featuredmedia":[{"embeddable":true,"href":"https:\/\/techtronik.store\/index.php?rest_route=\/wp\/v2\/media\/918"}],"wp:attachment":[{"href":"https:\/\/techtronik.store\/index.php?rest_route=%2Fwp%2Fv2%2Fmedia&parent=916"}],"wp:term":[{"taxonomy":"product_cat","embeddable":true,"href":"https:\/\/techtronik.store\/index.php?rest_route=%2Fwp%2Fv2%2Fproduct_cat&post=916"},{"taxonomy":"product_tag","embeddable":true,"href":"https:\/\/techtronik.store\/index.php?rest_route=%2Fwp%2Fv2%2Fproduct_tag&post=916"}],"curies":[{"name":"wp","href":"https:\/\/api.w.org\/{rel}","templated":true}]}}