{"id":911,"date":"2022-04-12T23:51:19","date_gmt":"2022-04-12T23:51:19","guid":{"rendered":"http:\/\/techtronik.store\/?post_type=product&#038;p=911"},"modified":"2023-05-23T02:34:20","modified_gmt":"2023-05-23T02:34:20","slug":"tip41-npn","status":"publish","type":"product","link":"https:\/\/techtronik.store\/?product=tip41-npn","title":{"rendered":"TIP41 NPN"},"content":{"rendered":"<div align=\"justify\">\n<p>Transistores de potencia disponible en TIP41C NPN y TIP42C PNP, ambos tienen un encapsulado de pl\u00e1stico TO-220, estos transistores son de tipo bipolar de prop\u00f3sito general son de muy alto desempe\u00f1o, de acuerdo a tu proyecto podr\u00e1s elegir uno de estos transistores.<\/p>\n<p>transistores sirven para aplicaciones de audio, procesamiento de se\u00f1al, administraci\u00f3n de potencia, dispositivos port\u00e1tiles, electr\u00f3nica de consumo y conmutaci\u00f3n r\u00e1pida.<\/p>\n<h4><strong>ESPECIFICACIONES Y CARACTER\u00cdSTICAS<\/strong><\/h4>\n<h4><strong>Transistor\u00a0 TIP41C<\/strong><\/h4>\n<div>\n<ul>\n<li>Tipo de Transistor: NPN<\/li>\n<li>Serie: TIP41C<\/li>\n<li>Encapsulado: TO-220-3<\/li>\n<li>Pines: 3<\/li>\n<li>N\u00famero de pines: 3<\/li>\n<li>Dimensiones Aprox.: 28.9 mm x 10 mm x 4.4 mm<\/li>\n<li>Peso: 2g<\/li>\n<li>VCEO M\u00e1xima Colector-Emisor: 100 V<\/li>\n<li>Tensi\u00f3n VEBO M\u00e1xima Emisor-Base: +5 V<\/li>\n<li>Tensi\u00f3n VCBO M\u00e1xima Colector-Base: 100 V<\/li>\n<li>Voltaje de saturaci\u00f3n del colector-emisor: 1.5 V<\/li>\n<li>Corriente m\u00e1xima del colector de CC: 6 A<\/li>\n<li>Ib Corriente de base: 3 A<\/li>\n<li>Ganancia de corriente CC hFE M\u00e1x .: 75<\/li>\n<li>Disipaci\u00f3n de la energ\u00eda: 65 W<\/li>\n<li>Frecuencia m\u00ednima de Funcionamiento: 3 MHz<\/li>\n<li>Temperatura de Funcionamiento M\u00e1xima: +150 \u00baC<\/li>\n<li>Temperatura M\u00ednima de Funcionamiento: -65 \u00b0C<\/li>\n<\/ul>\n<h4><strong>Transistor\u00a0 TIP42C<\/strong><\/h4>\n<ul>\n<li>N\u00famero de Modelo: TIP42C<\/li>\n<li>Transistor PNP<\/li>\n<li>Encapsulado TO-220<\/li>\n<li>N\u00famero de pines: 3<\/li>\n<li>Dimensiones Aprox.: 28.9 mm x 10 mm x 4.4 mm<\/li>\n<li>Peso: 2g<\/li>\n<li>Tecnolog\u00eda: A trav\u00e9s del orificio \u201cThrough Hole\u201d<\/li>\n<li>Tipo de Transistor: BJT \u2013 Transistores bipolares<\/li>\n<li>Corriente m\u00e1xima del colector: 6 A<\/li>\n<li>Voltaje colector-emisor VCEO Max: 100V<\/li>\n<li>Colector- Voltaje base VCBO: 100V<\/li>\n<li>Emisor- Voltaje base VEBO: -5 V<\/li>\n<li>Voltaje de saturaci\u00f3n colector-emisor: -1.5 V<\/li>\n<li>Pd \u2013 Disipaci\u00f3n de energ\u00eda (Tc=25\u00b0C): 65 W<\/li>\n<li>Ganancia de corriente continua hFE: 75 hFE<\/li>\n<li>Producto de ganancia de ancho de banda fT: 3 MHz<\/li>\n<li>Temperatura m\u00ednima de funcionamiento: \u2013 65 C<\/li>\n<li>Temperatura m\u00e1xima de funcionamiento: + 150 C<\/li>\n<\/ul>\n<\/div>\n<\/div>\n","protected":false},"excerpt":{"rendered":"<p>Transistores de potencia disponible en TIP41C NPN y TIP42C PNP, ambos tienen un encapsulado de pl\u00e1stico TO-220, estos transistores son de tipo bipolar de prop\u00f3sito general son de muy alto desempe\u00f1o, de acuerdo a tu proyecto podr\u00e1s elegir uno de estos transistores. transistores sirven para aplicaciones de audio, procesamiento de&hellip; <\/p>\n","protected":false},"featured_media":248,"comment_status":"open","ping_status":"closed","template":"","meta":{"om_disable_all_campaigns":false,"_monsterinsights_skip_tracking":false,"_monsterinsights_sitenote_active":false,"_monsterinsights_sitenote_note":"","_monsterinsights_sitenote_category":0},"product_cat":[46,51],"product_tag":[],"class_list":{"0":"post-911","1":"product","2":"type-product","3":"status-publish","4":"has-post-thumbnail","6":"product_cat-semiconductores","7":"product_cat-transistores-bjt","9":"first","10":"instock","11":"taxable","12":"shipping-taxable","13":"purchasable","14":"product-type-simple"},"aioseo_notices":[],"_links":{"self":[{"href":"https:\/\/techtronik.store\/index.php?rest_route=\/wp\/v3\/product\/911","targetHints":{"allow":["GET"]}}],"collection":[{"href":"https:\/\/techtronik.store\/index.php?rest_route=\/wp\/v3\/product"}],"about":[{"href":"https:\/\/techtronik.store\/index.php?rest_route=\/wp\/v2\/types\/product"}],"replies":[{"embeddable":true,"href":"https:\/\/techtronik.store\/index.php?rest_route=%2Fwp%2Fv2%2Fcomments&post=911"}],"wp:featuredmedia":[{"embeddable":true,"href":"https:\/\/techtronik.store\/index.php?rest_route=\/wp\/v2\/media\/248"}],"wp:attachment":[{"href":"https:\/\/techtronik.store\/index.php?rest_route=%2Fwp%2Fv2%2Fmedia&parent=911"}],"wp:term":[{"taxonomy":"product_cat","embeddable":true,"href":"https:\/\/techtronik.store\/index.php?rest_route=%2Fwp%2Fv2%2Fproduct_cat&post=911"},{"taxonomy":"product_tag","embeddable":true,"href":"https:\/\/techtronik.store\/index.php?rest_route=%2Fwp%2Fv2%2Fproduct_tag&post=911"}],"curies":[{"name":"wp","href":"https:\/\/api.w.org\/{rel}","templated":true}]}}