{"id":909,"date":"2022-04-12T22:51:28","date_gmt":"2022-04-12T22:51:28","guid":{"rendered":"http:\/\/techtronik.store\/?post_type=product&#038;p=909"},"modified":"2023-08-15T23:47:25","modified_gmt":"2023-08-15T23:47:25","slug":"2n2222","status":"publish","type":"product","link":"https:\/\/techtronik.store\/?product=2n2222","title":{"rendered":"2N2222 NPN"},"content":{"rendered":"<div align=\"justify\">\n<p>El 2N2222 NPN es un dispositivo electr\u00f3nico de estado solido de uni\u00f3n bipolar BJT por sus siglas en ingl\u00e9s (Bipolar Junction Transistor) que utiliza las propiedades del silicio para amplificar se\u00f1ales de voltaje o corriente. Este transistor es de tipo \u201cNPN\u201d, formado por dos capas de material tipo \u201cN\u201d, separadas por otra de tipo \u201cP\u201d. El 2N2222 NPN esta protegido por un encapsulado de pl\u00e1stico color negro conocido como TO-92 y cuenta con 3 pines que son base, colector y emisor, donde el emisor se encarga de emitir o inyectar electrones, la base permite transferir o pasar los electrones y el colector se encarga de colectar electrones.<\/p>\n<p>Este transistor es de prop\u00f3sito general y esta dise\u00f1ado para aplicaciones lineales y de conmutaci\u00f3n, es utilizado com\u00fanmente como amplificador de media potencia.<\/p>\n<p>Este transistor es de peque\u00f1a se\u00f1al NPN, al igual que un PNP puede funcionar en tres regiones, las cuales son: corte, saturaci\u00f3n y amplificaci\u00f3n, este transistor se activa con voltajes y corrientes positivas.<\/p>\n<p>Se puede aplicar una peque\u00f1a corriente en la regi\u00f3n base, para controlar una corriente mayor que fluir\u00e1 entre las regiones (emisor y colector). Este transistor es de bajo costo, practico para conectarlo a un protoboard o soldarlo a cualquier PCB y suficientemente robusto para ser usado en experimentos electr\u00f3nicos. Lo puedes aplicar en tus proyectos como interruptor electr\u00f3nico o amplificador de se\u00f1ales, como ejemplo lo puedes usar para controlar un motor, accionar un revelador y producir sonidos en una bocina.<\/p>\n<\/div>\n<hr \/>\n<h3><strong>ESPECIFICACIONES Y CARACTER\u00cdSTICAS<\/strong><\/h3>\n<div>\n<ul>\n<li>Tipo de Transistor: NPN<\/li>\n<li>Serie: 2N2222<\/li>\n<li>Encapsulado: TO-92<\/li>\n<li>Pines: 3<\/li>\n<li>Altura: 18 mm<\/li>\n<li>Longitud: 4.19 mm<\/li>\n<li>Ancho: 3.45 mm<\/li>\n<li>Peso de la unidad: 0.18 g<\/li>\n<li>VCBO M\u00e1xima Colector-Base: 75 V<\/li>\n<li>Tensi\u00f3n VEBO M\u00e1xima Emisor-Base: +6 V<\/li>\n<li>Tensi\u00f3n VCEO M\u00e1xima Colector-Emisor: 40 V<\/li>\n<li>Corriente del Colector Ic: 600 mAdc<\/li>\n<li>Capacitancia de salida (Cc): 8 pF<\/li>\n<li>Capacitancia de entrada: 25 pF<\/li>\n<li>PD Disipaci\u00f3n del dispositivo: 625 mW<\/li>\n<li>Impedancia de entrada: 8.0 k\u03a9<\/li>\n<li>Frecuencia M\u00e1xima de Funcionamiento: 300 MHz<\/li>\n<li>Temperatura de Funcionamiento M\u00e1xima: +150 \u00baC<\/li>\n<li>Temperatura M\u00ednima de Funcionamiento: -55 \u00b0C<\/li>\n<\/ul>\n<\/div>\n","protected":false},"excerpt":{"rendered":"<p>El 2N2222 NPN es un dispositivo electr\u00f3nico de estado solido de uni\u00f3n bipolar BJT por sus siglas en ingl\u00e9s (Bipolar Junction Transistor) que utiliza las propiedades del silicio para amplificar se\u00f1ales de voltaje o corriente. Este transistor es de tipo \u201cNPN\u201d, formado por dos capas de material tipo \u201cN\u201d, separadas&hellip; <\/p>\n","protected":false},"featured_media":71,"comment_status":"open","ping_status":"closed","template":"","meta":{"om_disable_all_campaigns":false,"_monsterinsights_skip_tracking":false,"_monsterinsights_sitenote_active":false,"_monsterinsights_sitenote_note":"","_monsterinsights_sitenote_category":0},"product_cat":[46,51],"product_tag":[],"class_list":{"0":"post-909","1":"product","2":"type-product","3":"status-publish","4":"has-post-thumbnail","6":"product_cat-semiconductores","7":"product_cat-transistores-bjt","9":"first","10":"instock","11":"taxable","12":"shipping-taxable","13":"purchasable","14":"product-type-simple"},"aioseo_notices":[],"_links":{"self":[{"href":"https:\/\/techtronik.store\/index.php?rest_route=\/wp\/v3\/product\/909","targetHints":{"allow":["GET"]}}],"collection":[{"href":"https:\/\/techtronik.store\/index.php?rest_route=\/wp\/v3\/product"}],"about":[{"href":"https:\/\/techtronik.store\/index.php?rest_route=\/wp\/v2\/types\/product"}],"replies":[{"embeddable":true,"href":"https:\/\/techtronik.store\/index.php?rest_route=%2Fwp%2Fv2%2Fcomments&post=909"}],"wp:featuredmedia":[{"embeddable":true,"href":"https:\/\/techtronik.store\/index.php?rest_route=\/wp\/v2\/media\/71"}],"wp:attachment":[{"href":"https:\/\/techtronik.store\/index.php?rest_route=%2Fwp%2Fv2%2Fmedia&parent=909"}],"wp:term":[{"taxonomy":"product_cat","embeddable":true,"href":"https:\/\/techtronik.store\/index.php?rest_route=%2Fwp%2Fv2%2Fproduct_cat&post=909"},{"taxonomy":"product_tag","embeddable":true,"href":"https:\/\/techtronik.store\/index.php?rest_route=%2Fwp%2Fv2%2Fproduct_tag&post=909"}],"curies":[{"name":"wp","href":"https:\/\/api.w.org\/{rel}","templated":true}]}}