{"id":906,"date":"2022-04-12T22:44:51","date_gmt":"2022-04-12T22:44:51","guid":{"rendered":"http:\/\/techtronik.store\/?post_type=product&#038;p=906"},"modified":"2023-10-11T15:16:21","modified_gmt":"2023-10-11T15:16:21","slug":"c106d-scr","status":"publish","type":"product","link":"https:\/\/techtronik.store\/?product=c106d-scr","title":{"rendered":"C106D SCR"},"content":{"rendered":"<div align=\"justify\">\n<p>El C106D SCR es un tiristor rectificador controlado de silicio por sus siglas en ingl\u00e9s (Silicon Controlled Rectifier) de tipo \u201cPNPN\u201d, formado por dos capas alternadas de material tipo \u201cP\u201d y dos capas de tipo \u201cN\u201d. El C106MG SCR esta cubierto por un encapsulado de pl\u00e1stico negro de tipo TO-225 y tiene tres terminales de conexi\u00f3n, \u00e1nodo (A), c\u00e1todo (K) y compuerta (G).<\/p>\n<p>El\u00a0 SCR puede trabajar en corriente continua o en corriente alterna y empieza a conductor de \u00e1nodo al c\u00e1todo en cuanto se aplique el voltaje m\u00ednimo de disparo\u00a0 de 400mV en la terminal de compuerta (G)\u00a0 y continua aunque esta sea retirada, hasta que se interrumpa de manera externa la corriente que fluye de \u00e1nodo a c\u00e1todo.<\/p>\n<p>La aplicaci\u00f3n m\u00e1s com\u00fan de un tiristor SCR es en electr\u00f3nica de potencia como interruptor electr\u00f3nico, se\u00f1al de disparo o dispositivo de enclavamiento para circuitos de potencia de CD o CA, para controlar variables como temperatura, iluminaci\u00f3n, velocidad, control de proceso o control remoto.<\/p>\n<\/div>\n","protected":false},"excerpt":{"rendered":"<p>El C106D SCR es un tiristor rectificador controlado de silicio por sus siglas en ingl\u00e9s (Silicon Controlled Rectifier) de tipo \u201cPNPN\u201d, formado por dos capas alternadas de material tipo \u201cP\u201d y dos capas de tipo \u201cN\u201d. El C106MG SCR esta cubierto por un encapsulado de pl\u00e1stico negro de tipo TO-225&hellip; <\/p>\n","protected":false},"featured_media":103,"comment_status":"open","ping_status":"closed","template":"","meta":{"om_disable_all_campaigns":false,"_monsterinsights_skip_tracking":false,"_monsterinsights_sitenote_active":false,"_monsterinsights_sitenote_note":"","_monsterinsights_sitenote_category":0},"product_cat":[46,50],"product_tag":[],"class_list":{"0":"post-906","1":"product","2":"type-product","3":"status-publish","4":"has-post-thumbnail","6":"product_cat-semiconductores","7":"product_cat-tiristores","9":"first","10":"instock","11":"taxable","12":"shipping-taxable","13":"purchasable","14":"product-type-simple"},"aioseo_notices":[],"_links":{"self":[{"href":"https:\/\/techtronik.store\/index.php?rest_route=\/wp\/v3\/product\/906","targetHints":{"allow":["GET"]}}],"collection":[{"href":"https:\/\/techtronik.store\/index.php?rest_route=\/wp\/v3\/product"}],"about":[{"href":"https:\/\/techtronik.store\/index.php?rest_route=\/wp\/v2\/types\/product"}],"replies":[{"embeddable":true,"href":"https:\/\/techtronik.store\/index.php?rest_route=%2Fwp%2Fv2%2Fcomments&post=906"}],"wp:featuredmedia":[{"embeddable":true,"href":"https:\/\/techtronik.store\/index.php?rest_route=\/wp\/v2\/media\/103"}],"wp:attachment":[{"href":"https:\/\/techtronik.store\/index.php?rest_route=%2Fwp%2Fv2%2Fmedia&parent=906"}],"wp:term":[{"taxonomy":"product_cat","embeddable":true,"href":"https:\/\/techtronik.store\/index.php?rest_route=%2Fwp%2Fv2%2Fproduct_cat&post=906"},{"taxonomy":"product_tag","embeddable":true,"href":"https:\/\/techtronik.store\/index.php?rest_route=%2Fwp%2Fv2%2Fproduct_tag&post=906"}],"curies":[{"name":"wp","href":"https:\/\/api.w.org\/{rel}","templated":true}]}}