{"id":903,"date":"2022-04-12T22:30:29","date_gmt":"2022-04-12T22:30:29","guid":{"rendered":"http:\/\/techtronik.store\/?post_type=product&#038;p=903"},"modified":"2022-11-04T14:11:44","modified_gmt":"2022-11-04T14:11:44","slug":"74ls32-compuerta-or","status":"publish","type":"product","link":"https:\/\/techtronik.store\/?product=74ls32-compuerta-or","title":{"rendered":"74LS32 Compuerta OR"},"content":{"rendered":"<div align=\"justify\">\n<div align=\"justify\">\n<div align=\"justify\">\n<p>74LS32 o SN74LS32N conocida como puerta OR o compuerta OR es una puerta l\u00f3gica digital que implementa la disyunci\u00f3n l\u00f3gica quad-2 de entrada positiva con 4 compuertas OR independientes, se comporta de acuerdo a la tabla de verdad.<\/p>\n<\/div>\n<\/div>\n<\/div>\n","protected":false},"excerpt":{"rendered":"<p>74LS32 o SN74LS32N conocida como puerta OR o compuerta OR es una puerta l\u00f3gica digital que implementa la disyunci\u00f3n l\u00f3gica quad-2 de entrada positiva con 4 compuertas OR independientes, se comporta de acuerdo a la tabla de verdad.<\/p>\n","protected":false},"featured_media":86,"comment_status":"open","ping_status":"closed","template":"","meta":{"om_disable_all_campaigns":false,"_monsterinsights_skip_tracking":false,"_monsterinsights_sitenote_active":false,"_monsterinsights_sitenote_note":"","_monsterinsights_sitenote_category":0},"product_cat":[49,46],"product_tag":[],"class_list":{"0":"post-903","1":"product","2":"type-product","3":"status-publish","4":"has-post-thumbnail","6":"product_cat-circuitos-integrados","7":"product_cat-semiconductores","9":"first","10":"instock","11":"taxable","12":"shipping-taxable","13":"purchasable","14":"product-type-simple"},"aioseo_notices":[],"_links":{"self":[{"href":"https:\/\/techtronik.store\/index.php?rest_route=\/wp\/v3\/product\/903","targetHints":{"allow":["GET"]}}],"collection":[{"href":"https:\/\/techtronik.store\/index.php?rest_route=\/wp\/v3\/product"}],"about":[{"href":"https:\/\/techtronik.store\/index.php?rest_route=\/wp\/v2\/types\/product"}],"replies":[{"embeddable":true,"href":"https:\/\/techtronik.store\/index.php?rest_route=%2Fwp%2Fv2%2Fcomments&post=903"}],"wp:featuredmedia":[{"embeddable":true,"href":"https:\/\/techtronik.store\/index.php?rest_route=\/wp\/v2\/media\/86"}],"wp:attachment":[{"href":"https:\/\/techtronik.store\/index.php?rest_route=%2Fwp%2Fv2%2Fmedia&parent=903"}],"wp:term":[{"taxonomy":"product_cat","embeddable":true,"href":"https:\/\/techtronik.store\/index.php?rest_route=%2Fwp%2Fv2%2Fproduct_cat&post=903"},{"taxonomy":"product_tag","embeddable":true,"href":"https:\/\/techtronik.store\/index.php?rest_route=%2Fwp%2Fv2%2Fproduct_tag&post=903"}],"curies":[{"name":"wp","href":"https:\/\/api.w.org\/{rel}","templated":true}]}}