{"id":902,"date":"2022-04-12T22:27:51","date_gmt":"2022-04-12T22:27:51","guid":{"rendered":"http:\/\/techtronik.store\/?post_type=product&#038;p=902"},"modified":"2022-11-04T14:11:44","modified_gmt":"2022-11-04T14:11:44","slug":"74ls08-compuerta-and","status":"publish","type":"product","link":"https:\/\/techtronik.store\/?product=74ls08-compuerta-and","title":{"rendered":"74LS08 Compuerta AND"},"content":{"rendered":"<div align=\"justify\">\n<div align=\"justify\">\n<div align=\"justify\">\n<p>74LS08 Compuerta AND es un circuito integrado que consta de cuatro compuertas AND de dos entradas<span class=\"\" lang=\"es\">\u00a0independientes<\/span>. Su funci\u00f3n es realizar una multiplicaci\u00f3n de las entradas, siguiendo los principios b\u00e1sicos de una multiplicaci\u00f3n ordinaria de n\u00fameros binarios.<\/p>\n<p>74LS08 es miembro de la serie 74XXYY. El SN7408N se caracteriza por la operaci\u00f3n cat\u00e1logo. Su uso es para industria, comunicaciones y red.<\/p>\n<\/div>\n<\/div>\n<\/div>\n","protected":false},"excerpt":{"rendered":"<p>74LS08 Compuerta AND es un circuito integrado que consta de cuatro compuertas AND de dos entradas\u00a0independientes. Su funci\u00f3n es realizar una multiplicaci\u00f3n de las entradas, siguiendo los principios b\u00e1sicos de una multiplicaci\u00f3n ordinaria de n\u00fameros binarios. 74LS08 es miembro de la serie 74XXYY. El SN7408N se caracteriza por la operaci\u00f3n&hellip; <\/p>\n","protected":false},"featured_media":84,"comment_status":"open","ping_status":"closed","template":"","meta":{"om_disable_all_campaigns":false,"_monsterinsights_skip_tracking":false,"_monsterinsights_sitenote_active":false,"_monsterinsights_sitenote_note":"","_monsterinsights_sitenote_category":0},"product_cat":[49,46],"product_tag":[],"class_list":{"0":"post-902","1":"product","2":"type-product","3":"status-publish","4":"has-post-thumbnail","6":"product_cat-circuitos-integrados","7":"product_cat-semiconductores","9":"first","10":"instock","11":"taxable","12":"shipping-taxable","13":"purchasable","14":"product-type-simple"},"aioseo_notices":[],"_links":{"self":[{"href":"https:\/\/techtronik.store\/index.php?rest_route=\/wp\/v3\/product\/902","targetHints":{"allow":["GET"]}}],"collection":[{"href":"https:\/\/techtronik.store\/index.php?rest_route=\/wp\/v3\/product"}],"about":[{"href":"https:\/\/techtronik.store\/index.php?rest_route=\/wp\/v2\/types\/product"}],"replies":[{"embeddable":true,"href":"https:\/\/techtronik.store\/index.php?rest_route=%2Fwp%2Fv2%2Fcomments&post=902"}],"wp:featuredmedia":[{"embeddable":true,"href":"https:\/\/techtronik.store\/index.php?rest_route=\/wp\/v2\/media\/84"}],"wp:attachment":[{"href":"https:\/\/techtronik.store\/index.php?rest_route=%2Fwp%2Fv2%2Fmedia&parent=902"}],"wp:term":[{"taxonomy":"product_cat","embeddable":true,"href":"https:\/\/techtronik.store\/index.php?rest_route=%2Fwp%2Fv2%2Fproduct_cat&post=902"},{"taxonomy":"product_tag","embeddable":true,"href":"https:\/\/techtronik.store\/index.php?rest_route=%2Fwp%2Fv2%2Fproduct_tag&post=902"}],"curies":[{"name":"wp","href":"https:\/\/api.w.org\/{rel}","templated":true}]}}