{"id":900,"date":"2022-04-12T22:19:35","date_gmt":"2022-04-12T22:19:35","guid":{"rendered":"http:\/\/techtronik.store\/?post_type=product&#038;p=900"},"modified":"2023-07-07T04:57:32","modified_gmt":"2023-07-07T04:57:32","slug":"74ls02-compuerta-nor","status":"publish","type":"product","link":"https:\/\/techtronik.store\/?product=74ls02-compuerta-nor","title":{"rendered":"74LS02 Compuerta NOR"},"content":{"rendered":"<div align=\"justify\">\n<div align=\"justify\">\n<div align=\"justify\">\n<p>74LS02 es un circuito integrado \u201cCI\u201d con encapsulado DIP de 14 pines. Es una compuerta l\u00f3gica digital que incorpora internamente 4 compuertas de tipo NOR. La compuerta NOR es una combinaci\u00f3n de las compuertas OR y NOT, en otras palabras la compuerta NOR es la versi\u00f3n inversa de la compuerta OR.<\/p>\n<\/div>\n<\/div>\n<\/div>\n","protected":false},"excerpt":{"rendered":"<p>74LS02 es un circuito integrado \u201cCI\u201d con encapsulado DIP de 14 pines. Es una compuerta l\u00f3gica digital que incorpora internamente 4 compuertas de tipo NOR. La compuerta NOR es una combinaci\u00f3n de las compuertas OR y NOT, en otras palabras la compuerta NOR es la versi\u00f3n inversa de la compuerta&hellip; <\/p>\n","protected":false},"featured_media":80,"comment_status":"open","ping_status":"closed","template":"","meta":{"om_disable_all_campaigns":false,"_monsterinsights_skip_tracking":false,"_monsterinsights_sitenote_active":false,"_monsterinsights_sitenote_note":"","_monsterinsights_sitenote_category":0},"product_cat":[49,46],"product_tag":[],"class_list":{"0":"post-900","1":"product","2":"type-product","3":"status-publish","4":"has-post-thumbnail","6":"product_cat-circuitos-integrados","7":"product_cat-semiconductores","9":"first","10":"outofstock","11":"taxable","12":"shipping-taxable","13":"purchasable","14":"product-type-simple"},"aioseo_notices":[],"_links":{"self":[{"href":"https:\/\/techtronik.store\/index.php?rest_route=\/wp\/v3\/product\/900","targetHints":{"allow":["GET"]}}],"collection":[{"href":"https:\/\/techtronik.store\/index.php?rest_route=\/wp\/v3\/product"}],"about":[{"href":"https:\/\/techtronik.store\/index.php?rest_route=\/wp\/v2\/types\/product"}],"replies":[{"embeddable":true,"href":"https:\/\/techtronik.store\/index.php?rest_route=%2Fwp%2Fv2%2Fcomments&post=900"}],"wp:featuredmedia":[{"embeddable":true,"href":"https:\/\/techtronik.store\/index.php?rest_route=\/wp\/v2\/media\/80"}],"wp:attachment":[{"href":"https:\/\/techtronik.store\/index.php?rest_route=%2Fwp%2Fv2%2Fmedia&parent=900"}],"wp:term":[{"taxonomy":"product_cat","embeddable":true,"href":"https:\/\/techtronik.store\/index.php?rest_route=%2Fwp%2Fv2%2Fproduct_cat&post=900"},{"taxonomy":"product_tag","embeddable":true,"href":"https:\/\/techtronik.store\/index.php?rest_route=%2Fwp%2Fv2%2Fproduct_tag&post=900"}],"curies":[{"name":"wp","href":"https:\/\/api.w.org\/{rel}","templated":true}]}}