{"id":899,"date":"2022-04-12T22:15:02","date_gmt":"2022-04-12T22:15:02","guid":{"rendered":"http:\/\/techtronik.store\/?post_type=product&#038;p=899"},"modified":"2023-07-07T02:44:15","modified_gmt":"2023-07-07T02:44:15","slug":"74ls00-compuerta-nand","status":"publish","type":"product","link":"https:\/\/techtronik.store\/?product=74ls00-compuerta-nand","title":{"rendered":"74LS00 Compuerta NAND"},"content":{"rendered":"<div align=\"justify\">\n<div align=\"justify\">\n<div align=\"justify\">\n<p>74LS00 Compuerta NAND es un circuito integrado que consta de cuatro compuertas NAND de dos entradas cada una. El 74LS00 es un circuito de cuatro compuertas independientes de 2 entradas Positivo-NAND.<\/p>\n<p>La puerta l\u00f3gica NO-Y, m\u00e1s conocida por su nombre en ingl\u00e9s NAND, realiza la operaci\u00f3n de producto l\u00f3gico negado. En ocasiones es llamada tambi\u00e9n barra de Sheffer. Con esta compuerta l\u00f3gica podemos invertir una se\u00f1al o generar una l\u00f3gica para activar otro circuito integrado. Tambi\u00e9n podemos construir una B\u00e1scula R-S As\u00edncrona con un par de compuertas.<\/p>\n<\/div>\n<\/div>\n<\/div>\n","protected":false},"excerpt":{"rendered":"<p>74LS00 Compuerta NAND es un circuito integrado que consta de cuatro compuertas NAND de dos entradas cada una. El 74LS00 es un circuito de cuatro compuertas independientes de 2 entradas Positivo-NAND. La puerta l\u00f3gica NO-Y, m\u00e1s conocida por su nombre en ingl\u00e9s NAND, realiza la operaci\u00f3n de producto l\u00f3gico negado.&hellip; <\/p>\n","protected":false},"featured_media":78,"comment_status":"open","ping_status":"closed","template":"","meta":{"om_disable_all_campaigns":false,"_monsterinsights_skip_tracking":false,"_monsterinsights_sitenote_active":false,"_monsterinsights_sitenote_note":"","_monsterinsights_sitenote_category":0},"product_cat":[49,46],"product_tag":[],"class_list":{"0":"post-899","1":"product","2":"type-product","3":"status-publish","4":"has-post-thumbnail","6":"product_cat-circuitos-integrados","7":"product_cat-semiconductores","9":"first","10":"instock","11":"taxable","12":"shipping-taxable","13":"purchasable","14":"product-type-simple"},"aioseo_notices":[],"_links":{"self":[{"href":"https:\/\/techtronik.store\/index.php?rest_route=\/wp\/v3\/product\/899","targetHints":{"allow":["GET"]}}],"collection":[{"href":"https:\/\/techtronik.store\/index.php?rest_route=\/wp\/v3\/product"}],"about":[{"href":"https:\/\/techtronik.store\/index.php?rest_route=\/wp\/v2\/types\/product"}],"replies":[{"embeddable":true,"href":"https:\/\/techtronik.store\/index.php?rest_route=%2Fwp%2Fv2%2Fcomments&post=899"}],"wp:featuredmedia":[{"embeddable":true,"href":"https:\/\/techtronik.store\/index.php?rest_route=\/wp\/v2\/media\/78"}],"wp:attachment":[{"href":"https:\/\/techtronik.store\/index.php?rest_route=%2Fwp%2Fv2%2Fmedia&parent=899"}],"wp:term":[{"taxonomy":"product_cat","embeddable":true,"href":"https:\/\/techtronik.store\/index.php?rest_route=%2Fwp%2Fv2%2Fproduct_cat&post=899"},{"taxonomy":"product_tag","embeddable":true,"href":"https:\/\/techtronik.store\/index.php?rest_route=%2Fwp%2Fv2%2Fproduct_tag&post=899"}],"curies":[{"name":"wp","href":"https:\/\/api.w.org\/{rel}","templated":true}]}}