{"id":897,"date":"2022-04-12T22:09:56","date_gmt":"2022-04-12T22:09:56","guid":{"rendered":"http:\/\/techtronik.store\/?post_type=product&#038;p=897"},"modified":"2023-06-29T23:38:17","modified_gmt":"2023-06-29T23:38:17","slug":"lm358","status":"publish","type":"product","link":"https:\/\/techtronik.store\/?product=lm358","title":{"rendered":"LM358"},"content":{"rendered":"<div align=\"justify\">\n<div align=\"justify\">\n<div align=\"justify\">\n<p>El amplificador LM358 es un circuito integrado (CI) de 8 pines que internamente est\u00e1 construido por dos amplificadores operacionales independientes de alta ganancia con compensaci\u00f3n de frecuencia interna, dise\u00f1ado espec\u00edficamente para operar mediante una \u00fanica fuente de alimentaci\u00f3n en un amplio rango de voltaje. Tambi\u00e9n es posible su funcionamiento a partir de fuentes de alimentaci\u00f3n divididas y la poca p\u00e9rdida de corriente de alimentaci\u00f3n es independiente de la magnitud del voltaje de alimentaci\u00f3n.<\/p>\n<p>El LM358 es un amplificador operacional dise\u00f1ado para usos generales, tales como amplificadores, filtros de paso alto y bajo, filtros de paso de banda en frecuencia muy baja y sumadores anal\u00f3gicos y siendo compensado internamente puede ser configurado como un tamp\u00f3n con una ganancia de 1. Usualmente se usa como acondicionador de se\u00f1ales provenientes de transductores o sensores, como micr\u00f3fonos, sondas de temperatura, etc.<\/p>\n<p>El LM358N est\u00e1 dise\u00f1ado para funcionar con una sola fuente de alimentaci\u00f3n de CC que var\u00eda desde un m\u00ednimo de 3 V hasta un m\u00e1ximo de 32 V, incluso si normalmente se instala en niveles entre 5 V y 15 V. De hecho, aunque la mayor\u00eda de los circuitos integrados que contienen operaciones necesitan dos fuentes de alimentaci\u00f3n, una positiva y otra negativa, el LM358 solo se puede conectar a la fuente de alimentaci\u00f3n positiva mientras la fuente de alimentaci\u00f3n negativa se reemplaza por tierra. Sin embargo, dependiendo de los requisitos, la fuente de alimentaci\u00f3n negativa tambi\u00e9n se puede introducir conectando el pin llamado tierra de una fuente de alimentaci\u00f3n. En el r\u00e9gimen de doble alimentaci\u00f3n, el rango de voltaje es \u00b1 1.5 \u00f7 16 V.<\/p>\n<\/div>\n<\/div>\n<\/div>\n","protected":false},"excerpt":{"rendered":"<p>El amplificador LM358 es un circuito integrado (CI) de 8 pines que internamente est\u00e1 construido por dos amplificadores operacionales independientes de alta ganancia con compensaci\u00f3n de frecuencia interna, dise\u00f1ado espec\u00edficamente para operar mediante una \u00fanica fuente de alimentaci\u00f3n en un amplio rango de voltaje. Tambi\u00e9n es posible su funcionamiento a&hellip; <\/p>\n","protected":false},"featured_media":178,"comment_status":"open","ping_status":"closed","template":"","meta":{"om_disable_all_campaigns":false,"_monsterinsights_skip_tracking":false,"_monsterinsights_sitenote_active":false,"_monsterinsights_sitenote_note":"","_monsterinsights_sitenote_category":0},"product_cat":[49,46],"product_tag":[],"class_list":{"0":"post-897","1":"product","2":"type-product","3":"status-publish","4":"has-post-thumbnail","6":"product_cat-circuitos-integrados","7":"product_cat-semiconductores","9":"first","10":"instock","11":"taxable","12":"shipping-taxable","13":"purchasable","14":"product-type-simple"},"aioseo_notices":[],"_links":{"self":[{"href":"https:\/\/techtronik.store\/index.php?rest_route=\/wp\/v3\/product\/897","targetHints":{"allow":["GET"]}}],"collection":[{"href":"https:\/\/techtronik.store\/index.php?rest_route=\/wp\/v3\/product"}],"about":[{"href":"https:\/\/techtronik.store\/index.php?rest_route=\/wp\/v2\/types\/product"}],"replies":[{"embeddable":true,"href":"https:\/\/techtronik.store\/index.php?rest_route=%2Fwp%2Fv2%2Fcomments&post=897"}],"wp:featuredmedia":[{"embeddable":true,"href":"https:\/\/techtronik.store\/index.php?rest_route=\/wp\/v2\/media\/178"}],"wp:attachment":[{"href":"https:\/\/techtronik.store\/index.php?rest_route=%2Fwp%2Fv2%2Fmedia&parent=897"}],"wp:term":[{"taxonomy":"product_cat","embeddable":true,"href":"https:\/\/techtronik.store\/index.php?rest_route=%2Fwp%2Fv2%2Fproduct_cat&post=897"},{"taxonomy":"product_tag","embeddable":true,"href":"https:\/\/techtronik.store\/index.php?rest_route=%2Fwp%2Fv2%2Fproduct_tag&post=897"}],"curies":[{"name":"wp","href":"https:\/\/api.w.org\/{rel}","templated":true}]}}