{"id":891,"date":"2022-04-12T22:00:06","date_gmt":"2022-04-12T22:00:06","guid":{"rendered":"http:\/\/techtronik.store\/?post_type=product&#038;p=891"},"modified":"2022-09-26T01:40:18","modified_gmt":"2022-09-26T01:40:18","slug":"lm339","status":"publish","type":"product","link":"https:\/\/techtronik.store\/?product=lm339","title":{"rendered":"LM339"},"content":{"rendered":"<div align=\"justify\">\n<div align=\"justify\">\n<p>El Comparador de Voltaje LM339N es un comparador de voltaje cu\u00e1druple con encapsulado DIP de 14 pines. Este dispositivo cuenta con cuatro comparadores de tensi\u00f3n independientes, dise\u00f1ados para operar con suministro simple de un amplio rango de tensiones. Incluso elimina la necesidad de tener fuentes de alimentaci\u00f3n dobles, lo cual permite que pueda ser usado en aplicaciones con bater\u00edas.<\/p>\n<p>Este circuito es de bajo consumo, que no depende de la magnitud de la tensi\u00f3n de alimentaci\u00f3n aplicada, permite ser usado en equipos con alimentaci\u00f3n de bater\u00edas y en circuitos l\u00f3gico de tecnolog\u00eda MOS y TTL.<\/p>\n<p>El Comparador de Voltaje LM339N tiene un funcionamiento muy sencillo, por ejemplo, este circuito integra internamente cuatro amplificadores operacionales, dependiendo a la aplicaci\u00f3n y al arreglo que quieras aplicar con el LM339N ser\u00e1 la funci\u00f3n que tendr\u00e1s, algunas de las aplicaciones son:<\/p>\n<p>1 -Amplificador de Instrumentaci\u00f3n.<br \/>\n2 -Seguidor de voltaje para el acoplo de impedancias.<br \/>\n3 -Comparador.<br \/>\n4 -Convertidor de corriente a voltaje.<br \/>\n5 -Amplificador diferencial.<\/p>\n<\/div>\n<\/div>\n","protected":false},"excerpt":{"rendered":"<p>El Comparador de Voltaje LM339N es un comparador de voltaje cu\u00e1druple con encapsulado DIP de 14 pines. Este dispositivo cuenta con cuatro comparadores de tensi\u00f3n independientes, dise\u00f1ados para operar con suministro simple de un amplio rango de tensiones. Incluso elimina la necesidad de tener fuentes de alimentaci\u00f3n dobles, lo cual&hellip; <\/p>\n","protected":false},"featured_media":893,"comment_status":"open","ping_status":"closed","template":"","meta":{"om_disable_all_campaigns":false,"_monsterinsights_skip_tracking":false,"_monsterinsights_sitenote_active":false,"_monsterinsights_sitenote_note":"","_monsterinsights_sitenote_category":0},"product_cat":[49,46],"product_tag":[],"class_list":{"0":"post-891","1":"product","2":"type-product","3":"status-publish","4":"has-post-thumbnail","6":"product_cat-circuitos-integrados","7":"product_cat-semiconductores","9":"first","10":"instock","11":"taxable","12":"shipping-taxable","13":"purchasable","14":"product-type-simple"},"aioseo_notices":[],"_links":{"self":[{"href":"https:\/\/techtronik.store\/index.php?rest_route=\/wp\/v3\/product\/891","targetHints":{"allow":["GET"]}}],"collection":[{"href":"https:\/\/techtronik.store\/index.php?rest_route=\/wp\/v3\/product"}],"about":[{"href":"https:\/\/techtronik.store\/index.php?rest_route=\/wp\/v2\/types\/product"}],"replies":[{"embeddable":true,"href":"https:\/\/techtronik.store\/index.php?rest_route=%2Fwp%2Fv2%2Fcomments&post=891"}],"wp:featuredmedia":[{"embeddable":true,"href":"https:\/\/techtronik.store\/index.php?rest_route=\/wp\/v2\/media\/893"}],"wp:attachment":[{"href":"https:\/\/techtronik.store\/index.php?rest_route=%2Fwp%2Fv2%2Fmedia&parent=891"}],"wp:term":[{"taxonomy":"product_cat","embeddable":true,"href":"https:\/\/techtronik.store\/index.php?rest_route=%2Fwp%2Fv2%2Fproduct_cat&post=891"},{"taxonomy":"product_tag","embeddable":true,"href":"https:\/\/techtronik.store\/index.php?rest_route=%2Fwp%2Fv2%2Fproduct_tag&post=891"}],"curies":[{"name":"wp","href":"https:\/\/api.w.org\/{rel}","templated":true}]}}