{"id":884,"date":"2022-04-12T21:41:19","date_gmt":"2022-04-12T21:41:19","guid":{"rendered":"http:\/\/techtronik.store\/?post_type=product&#038;p=884"},"modified":"2023-06-21T23:16:21","modified_gmt":"2023-06-21T23:16:21","slug":"l293d","status":"publish","type":"product","link":"https:\/\/techtronik.store\/?product=l293d","title":{"rendered":"L293D Puente H"},"content":{"rendered":"<div align=\"justify\">\n<div align=\"justify\">\n<p>El puente H L293D es un circuito integrado que internamente esta formado por cuatro canales monol\u00edtico integrado de alto voltaje y alta corriente dise\u00f1ado para aceptar niveles l\u00f3gicos DTL o TTL est\u00e1ndar y conducir cargas inductivas como relevadores, solenoides, motores corriente directa, motores a pasos y transistores de potencia de conmutaci\u00f3n.<\/p>\n<p>Este circuito integrado regularmente se utiliza para controlar motores de corriente directa.<\/p>\n<p>De acuerdo a la l\u00f3gica de ejecuci\u00f3n para un motor de corriente continua, el giro lo puedes manipular en funci\u00f3n de la tensi\u00f3n que se le aplique a las terminales. Por ejemplo para activar el motor uno, se debe activar E1 y ingresar en las terminales de control los niveles de tensi\u00f3n para manejar el sentido de giro. Para lograr este cambio controlado de polaridad nos apoyamos en un circuito integrado conocido como Puente H (es una disposici\u00f3n circuital de transistores y diodos que nos permite controlar la polaridad de dos terminales de salida en funci\u00f3n de unas entradas l\u00f3gicas), como caso particular el circuito integrado Puente H L293D.<\/p>\n<\/div>\n<\/div>\n","protected":false},"excerpt":{"rendered":"<p>El puente H L293D es un circuito integrado que internamente esta formado por cuatro canales monol\u00edtico integrado de alto voltaje y alta corriente dise\u00f1ado para aceptar niveles l\u00f3gicos DTL o TTL est\u00e1ndar y conducir cargas inductivas como relevadores, solenoides, motores corriente directa, motores a pasos y transistores de potencia de&hellip; <\/p>\n","protected":false},"featured_media":887,"comment_status":"open","ping_status":"closed","template":"","meta":{"om_disable_all_campaigns":false,"_monsterinsights_skip_tracking":false,"_monsterinsights_sitenote_active":false,"_monsterinsights_sitenote_note":"","_monsterinsights_sitenote_category":0},"product_cat":[49,46,24],"product_tag":[],"class_list":{"0":"post-884","1":"product","2":"type-product","3":"status-publish","4":"has-post-thumbnail","6":"product_cat-circuitos-integrados","7":"product_cat-semiconductores","8":"product_cat-drivers","10":"first","11":"instock","12":"taxable","13":"shipping-taxable","14":"purchasable","15":"product-type-simple"},"aioseo_notices":[],"_links":{"self":[{"href":"https:\/\/techtronik.store\/index.php?rest_route=\/wp\/v3\/product\/884","targetHints":{"allow":["GET"]}}],"collection":[{"href":"https:\/\/techtronik.store\/index.php?rest_route=\/wp\/v3\/product"}],"about":[{"href":"https:\/\/techtronik.store\/index.php?rest_route=\/wp\/v2\/types\/product"}],"replies":[{"embeddable":true,"href":"https:\/\/techtronik.store\/index.php?rest_route=%2Fwp%2Fv2%2Fcomments&post=884"}],"wp:featuredmedia":[{"embeddable":true,"href":"https:\/\/techtronik.store\/index.php?rest_route=\/wp\/v2\/media\/887"}],"wp:attachment":[{"href":"https:\/\/techtronik.store\/index.php?rest_route=%2Fwp%2Fv2%2Fmedia&parent=884"}],"wp:term":[{"taxonomy":"product_cat","embeddable":true,"href":"https:\/\/techtronik.store\/index.php?rest_route=%2Fwp%2Fv2%2Fproduct_cat&post=884"},{"taxonomy":"product_tag","embeddable":true,"href":"https:\/\/techtronik.store\/index.php?rest_route=%2Fwp%2Fv2%2Fproduct_tag&post=884"}],"curies":[{"name":"wp","href":"https:\/\/api.w.org\/{rel}","templated":true}]}}