{"id":817,"date":"2022-04-12T19:32:33","date_gmt":"2022-04-12T19:32:33","guid":{"rendered":"http:\/\/techtronik.store\/?post_type=product&#038;p=817"},"modified":"2022-11-23T06:01:12","modified_gmt":"2022-11-23T06:01:12","slug":"diodo-zener","status":"publish","type":"product","link":"https:\/\/techtronik.store\/?product=diodo-zener","title":{"rendered":"Diodo Zener"},"content":{"rendered":"<div align=\"justify\">\n<div align=\"justify\">\n<p>Primero comencemos definiendo al diodo. Un diodo es un dispositivo semiconductor que act\u00faa como interruptor ya que solo permite el flujo de electricidad en un solo sentido. El diodo est\u00e1 formado por dos terminales que ser\u00edan: \u00c1nodo (+) y Catado (-).<\/p>\n<p>Los diodos zener, diodo zener o simplemente zener, son diodos que est\u00e1n dise\u00f1ados para mantener un voltaje constante en su terminales, llamado Voltaje o Tensi\u00f3n Zener cuando se polarizan inversamente, es decir cuando est\u00e1 el c\u00e1todo con una tensi\u00f3n positiva y el \u00e1nodo negativa. A diferencia de un diodo convencional que bloquea cualquier flujo de corriente a trav\u00e9s de s\u00ed mismo cuando est\u00e1 polarizado al rev\u00e9s, tan pronto como la tensi\u00f3n inversa alcanza un valor predeterminado, el diodo Zener comienza a conducir en la direcci\u00f3n inversa.<\/p>\n<p>Se les puede distinguir de los diodos comunes por su s\u00edmbolo y su c\u00f3digo ya que suelen ser BZX o BZY, su tensi\u00f3n inversa de ruptura est\u00e1 grabada con la letra V en lugar del punto decimal 4V7 = 4.7V.<\/p>\n<p>Los diodos zener se pueden usar en dispositivos electr\u00f3nicos que requieran alguna de las siguientes aplicaciones: como elemento de protecci\u00f3n, como circuito recortador de tensi\u00f3n, conexi\u00f3n anti paralelo y como regulador de voltaje.<\/p>\n<p>Su nombre se le debe a su inventor estadounidense Clarence Melvin Zener en 1934. Los diodos Zener fueron comercializados en los Estados Unidos, a partir de 1954, por la compa\u00f1\u00eda National Fabricated Products Co.<\/p>\n<\/div>\n<\/div>\n","protected":false},"excerpt":{"rendered":"<p>Primero comencemos definiendo al diodo. Un diodo es un dispositivo semiconductor que act\u00faa como interruptor ya que solo permite el flujo de electricidad en un solo sentido. El diodo est\u00e1 formado por dos terminales que ser\u00edan: \u00c1nodo (+) y Catado (-). Los diodos zener, diodo zener o simplemente zener, son&hellip; <\/p>\n","protected":false},"featured_media":260,"comment_status":"open","ping_status":"closed","template":"","meta":{"om_disable_all_campaigns":false,"_monsterinsights_skip_tracking":false,"_monsterinsights_sitenote_active":false,"_monsterinsights_sitenote_note":"","_monsterinsights_sitenote_category":0},"product_cat":[48,46],"product_tag":[],"class_list":{"0":"post-817","1":"product","2":"type-product","3":"status-publish","4":"has-post-thumbnail","6":"product_cat-diodos","7":"product_cat-semiconductores","9":"first","10":"instock","11":"taxable","12":"shipping-taxable","13":"purchasable","14":"product-type-variable"},"aioseo_notices":[],"_links":{"self":[{"href":"https:\/\/techtronik.store\/index.php?rest_route=\/wp\/v3\/product\/817","targetHints":{"allow":["GET"]}}],"collection":[{"href":"https:\/\/techtronik.store\/index.php?rest_route=\/wp\/v3\/product"}],"about":[{"href":"https:\/\/techtronik.store\/index.php?rest_route=\/wp\/v2\/types\/product"}],"replies":[{"embeddable":true,"href":"https:\/\/techtronik.store\/index.php?rest_route=%2Fwp%2Fv2%2Fcomments&post=817"}],"wp:featuredmedia":[{"embeddable":true,"href":"https:\/\/techtronik.store\/index.php?rest_route=\/wp\/v2\/media\/260"}],"wp:attachment":[{"href":"https:\/\/techtronik.store\/index.php?rest_route=%2Fwp%2Fv2%2Fmedia&parent=817"}],"wp:term":[{"taxonomy":"product_cat","embeddable":true,"href":"https:\/\/techtronik.store\/index.php?rest_route=%2Fwp%2Fv2%2Fproduct_cat&post=817"},{"taxonomy":"product_tag","embeddable":true,"href":"https:\/\/techtronik.store\/index.php?rest_route=%2Fwp%2Fv2%2Fproduct_tag&post=817"}],"curies":[{"name":"wp","href":"https:\/\/api.w.org\/{rel}","templated":true}]}}