{"id":812,"date":"2022-04-12T19:22:29","date_gmt":"2022-04-12T19:22:29","guid":{"rendered":"http:\/\/techtronik.store\/?post_type=product&#038;p=812"},"modified":"2022-11-23T03:36:47","modified_gmt":"2022-11-23T03:36:47","slug":"kbp307-puente-de-diodos","status":"publish","type":"product","link":"https:\/\/techtronik.store\/?product=kbp307-puente-de-diodos","title":{"rendered":"KBP307 Puente de Diodos"},"content":{"rendered":"<div align=\"justify\">\n<p>Un puente rectificador es un circuito rectificador de onda completa, su funci\u00f3n es convertir una se\u00f1al con partes positivas y negativas en una se\u00f1al \u00fanicamente positiva. Un simple diodo permitir\u00eda quedarse con la parte positiva, pero el puente permite aprovechar tambi\u00e9n la parte negativa.<\/p>\n<p>El puente rectificador es un componente que ayuda al momento de convertir una se\u00f1al de corriente alterna a corriente directa, pero hay que dejar en claro que un puente rectificador por s\u00ed solo no convierte dichas se\u00f1ales, para lograr pasar de corriente alterna a corriente directa, se deben utilizar otros componentes que en conjunto con el puente ayudaran a la transformaci\u00f3n de la se\u00f1al.<\/p>\n<p>El puente rectificador est\u00e1 conformado internamente por 4 diodos de silicio, que se encuentren conectados en serie lo que permitir\u00e1 la rectificaci\u00f3n de onda completa.<\/p>\n<p>El diodo es un dispositivo semiconductor que act\u00faa como interruptor ya que solo permite el flujo de electricidad en un solo sentido. El diodo est\u00e1 formado por dos terminales que ser\u00edan: \u00c1nodo (+) y Catado (-).<\/p>\n<p>Al puente rectificador tambi\u00e9n se le conoce como puente de diodos o puente de Graetz, este \u00faltimo hace referencia al f\u00edsico alem\u00e1n Leo Graetz. Los puentes rectificadores normalmente se encuentran en fuentes de voltaje<\/p>\n<hr \/>\n<h3><strong>ESPECIFICACIONES Y CARACTER\u00cdSTICAS<\/strong><\/h3>\n<ul>\n<li>Nombre: Puente rectificador<\/li>\n<li>Modelo: KBP307<\/li>\n<li>Voltaje de pico inverso (max): 1000 Volts<\/li>\n<li>M\u00e1xima corriente promedio: 3A @ 50\u00b0C<\/li>\n<li>Voltaje RMS: 700 volts.<\/li>\n<li>Voltaje directo de pico: 1.1 Volt @3.14A<\/li>\n<li>Temperatura de operaci\u00f3n (max): 150\u00b0C<\/li>\n<li>Temperatura de operaci\u00f3n (min): -55\u00b0C<\/li>\n<li>Tipo de diodo: Fase \u00fanica<\/li>\n<li>Tipo de encapsulado: KBP, 4-SIP<\/li>\n<li>Numero de pines: 4<\/li>\n<li>Dimensiones: 15.2 x 27.9 x 4.8 mm.<\/li>\n<li>Peso: 2 g<\/li>\n<\/ul>\n<\/div>\n","protected":false},"excerpt":{"rendered":"<p>Un puente rectificador es un circuito rectificador de onda completa, su funci\u00f3n es convertir una se\u00f1al con partes positivas y negativas en una se\u00f1al \u00fanicamente positiva. Un simple diodo permitir\u00eda quedarse con la parte positiva, pero el puente permite aprovechar tambi\u00e9n la parte negativa. El puente rectificador es un componente&hellip; <\/p>\n","protected":false},"featured_media":156,"comment_status":"open","ping_status":"closed","template":"","meta":{"om_disable_all_campaigns":false,"_monsterinsights_skip_tracking":false,"_monsterinsights_sitenote_active":false,"_monsterinsights_sitenote_note":"","_monsterinsights_sitenote_category":0},"product_cat":[48,46],"product_tag":[],"class_list":{"0":"post-812","1":"product","2":"type-product","3":"status-publish","4":"has-post-thumbnail","6":"product_cat-diodos","7":"product_cat-semiconductores","9":"first","10":"instock","11":"taxable","12":"shipping-taxable","13":"purchasable","14":"product-type-simple"},"aioseo_notices":[],"_links":{"self":[{"href":"https:\/\/techtronik.store\/index.php?rest_route=\/wp\/v3\/product\/812","targetHints":{"allow":["GET"]}}],"collection":[{"href":"https:\/\/techtronik.store\/index.php?rest_route=\/wp\/v3\/product"}],"about":[{"href":"https:\/\/techtronik.store\/index.php?rest_route=\/wp\/v2\/types\/product"}],"replies":[{"embeddable":true,"href":"https:\/\/techtronik.store\/index.php?rest_route=%2Fwp%2Fv2%2Fcomments&post=812"}],"wp:featuredmedia":[{"embeddable":true,"href":"https:\/\/techtronik.store\/index.php?rest_route=\/wp\/v2\/media\/156"}],"wp:attachment":[{"href":"https:\/\/techtronik.store\/index.php?rest_route=%2Fwp%2Fv2%2Fmedia&parent=812"}],"wp:term":[{"taxonomy":"product_cat","embeddable":true,"href":"https:\/\/techtronik.store\/index.php?rest_route=%2Fwp%2Fv2%2Fproduct_cat&post=812"},{"taxonomy":"product_tag","embeddable":true,"href":"https:\/\/techtronik.store\/index.php?rest_route=%2Fwp%2Fv2%2Fproduct_tag&post=812"}],"curies":[{"name":"wp","href":"https:\/\/api.w.org\/{rel}","templated":true}]}}