{"id":809,"date":"2022-04-12T19:14:03","date_gmt":"2022-04-12T19:14:03","guid":{"rendered":"http:\/\/techtronik.store\/?post_type=product&#038;p=809"},"modified":"2023-09-28T15:51:45","modified_gmt":"2023-09-28T15:51:45","slug":"1n5408","status":"publish","type":"product","link":"https:\/\/techtronik.store\/?product=1n5408","title":{"rendered":"1N5408"},"content":{"rendered":"<div align=\"justify\">\n<p>John Ambrose Fleming fue un f\u00edsico e ingeniero el\u00e9ctrico\u00a0brit\u00e1nico realizo el descubrimiento en el a\u00f1o de 1904. Es considerado uno de los pioneros de la electr\u00f3nica.<\/p>\n<p>La palabra diodo del\u00a0 vocablo (\u03b4\u03af\u03bf\u03b4\u03bf) griego se traduce como (pasaje angosto). El t\u00e9rmino se ocupa en el \u00e1rea de la electricidad e electr\u00f3nica. Es considerado un semiconductor debido a que solo permite la circulaci\u00f3n de flujo de electrones en una \u00fanica direcci\u00f3n con las singularidades similares a un interruptor.<\/p>\n<p>Consiste en permitir el flujo de energ\u00eda el\u00e9ctrica en un solo sentido, por lo cual se comporta de dos maneras:<\/p>\n<ul>\n<li>Polarizaci\u00f3n directa: permitiendo el paso de la corriente el\u00e9ctrica.<\/li>\n<li>Polarizaci\u00f3n inversa: impidiendo el paso de la corriente el\u00e9ctrica.<\/li>\n<\/ul>\n<p><strong>Algunas formas de aplicaci\u00f3n para los modelos (1NXX):<\/strong><\/p>\n<ul>\n<li>Rectificaci\u00f3n de se\u00f1ales (CA a CD)<\/li>\n<li>Multiplicador de tensi\u00f3n<\/li>\n<li>Protecci\u00f3n en conmutaci\u00f3n (Snubber)<\/li>\n<li>Limitador de voltaje<\/li>\n<li>Compuertas l\u00f3gicas<\/li>\n<li>Recortadores<\/li>\n<li>Interruptor<\/li>\n<\/ul>\n<\/div>\n","protected":false},"excerpt":{"rendered":"<p>John Ambrose Fleming fue un f\u00edsico e ingeniero el\u00e9ctrico\u00a0brit\u00e1nico realizo el descubrimiento en el a\u00f1o de 1904. Es considerado uno de los pioneros de la electr\u00f3nica. La palabra diodo del\u00a0 vocablo (\u03b4\u03af\u03bf\u03b4\u03bf) griego se traduce como (pasaje angosto). El t\u00e9rmino se ocupa en el \u00e1rea de la electricidad e electr\u00f3nica.&hellip; <\/p>\n","protected":false},"featured_media":69,"comment_status":"open","ping_status":"closed","template":"","meta":{"om_disable_all_campaigns":false,"_monsterinsights_skip_tracking":false,"_monsterinsights_sitenote_active":false,"_monsterinsights_sitenote_note":"","_monsterinsights_sitenote_category":0},"product_cat":[48,46],"product_tag":[],"class_list":{"0":"post-809","1":"product","2":"type-product","3":"status-publish","4":"has-post-thumbnail","6":"product_cat-diodos","7":"product_cat-semiconductores","9":"first","10":"instock","11":"taxable","12":"shipping-taxable","13":"purchasable","14":"product-type-simple"},"aioseo_notices":[],"_links":{"self":[{"href":"https:\/\/techtronik.store\/index.php?rest_route=\/wp\/v3\/product\/809","targetHints":{"allow":["GET"]}}],"collection":[{"href":"https:\/\/techtronik.store\/index.php?rest_route=\/wp\/v3\/product"}],"about":[{"href":"https:\/\/techtronik.store\/index.php?rest_route=\/wp\/v2\/types\/product"}],"replies":[{"embeddable":true,"href":"https:\/\/techtronik.store\/index.php?rest_route=%2Fwp%2Fv2%2Fcomments&post=809"}],"wp:featuredmedia":[{"embeddable":true,"href":"https:\/\/techtronik.store\/index.php?rest_route=\/wp\/v2\/media\/69"}],"wp:attachment":[{"href":"https:\/\/techtronik.store\/index.php?rest_route=%2Fwp%2Fv2%2Fmedia&parent=809"}],"wp:term":[{"taxonomy":"product_cat","embeddable":true,"href":"https:\/\/techtronik.store\/index.php?rest_route=%2Fwp%2Fv2%2Fproduct_cat&post=809"},{"taxonomy":"product_tag","embeddable":true,"href":"https:\/\/techtronik.store\/index.php?rest_route=%2Fwp%2Fv2%2Fproduct_tag&post=809"}],"curies":[{"name":"wp","href":"https:\/\/api.w.org\/{rel}","templated":true}]}}