{"id":808,"date":"2022-04-12T19:08:58","date_gmt":"2022-04-12T19:08:58","guid":{"rendered":"http:\/\/techtronik.store\/?post_type=product&#038;p=808"},"modified":"2023-03-30T02:11:38","modified_gmt":"2023-03-30T02:11:38","slug":"diac-db3","status":"publish","type":"product","link":"https:\/\/techtronik.store\/?product=diac-db3","title":{"rendered":"Diac DB3"},"content":{"rendered":"<div align=\"justify\">\n<p>El diodo diac db3 un componente electr\u00f3nico de potencia el cual permite la conducci\u00f3n de la corriente el\u00e9ctrica de manera bidireccional cuando el voltaje de ruptura es el adecuado.<\/p>\n<p>Cuando la tensi\u00f3n alcance un cierto valor (t\u00edpicamente, entre unos 28 y 36 v), que se llama tensi\u00f3n de ruptura, permite la circulaci\u00f3n de corriente entre sus terminales. No tiene polaridad. Por debajo de la tensi\u00f3n de ruptura, su resistencia es muy elevada.<\/p>\n<p>Una vez conduciendo, si aumenta la corriente disminuye algo de la tensi\u00f3n. Para que deje de conducir, se tiene que hacer que la corriente disminuya por debajo de unos 5 mA (esto es la corriente de mantenimiento).<\/p>\n<p>El diodo diac db3 permite realizar circuitos sencillos para generar impulsos de control en alterna, que resulta muy \u00fatil especialmente en el control de los triacs.<\/p>\n<h5><strong>Algunas aplicaciones<\/strong><\/h5>\n<\/div>\n<ol>\n<li>\n<ol>\n<li>\n<ul>\n<li>Reguladores en alterna con triac-diac<\/li>\n<li>Circuitos de luz crepuscular<\/li>\n<li>Control de fase de la corriente del triac<\/li>\n<li>Sistemas de control de iluminaci\u00f3n con intensidad variable<\/li>\n<li>Sistema de control de calefacci\u00f3n el\u00e9ctrica con regulador de temperatura<\/li>\n<li>Sistemas de control de velocidad de motores<\/li>\n<\/ul>\n<\/li>\n<\/ol>\n<\/li>\n<\/ol>\n","protected":false},"excerpt":{"rendered":"<p>El diodo diac db3 un componente electr\u00f3nico de potencia el cual permite la conducci\u00f3n de la corriente el\u00e9ctrica de manera bidireccional cuando el voltaje de ruptura es el adecuado. Cuando la tensi\u00f3n alcance un cierto valor (t\u00edpicamente, entre unos 28 y 36 v), que se llama tensi\u00f3n de ruptura, permite&hellip; <\/p>\n","protected":false},"featured_media":109,"comment_status":"open","ping_status":"closed","template":"","meta":{"om_disable_all_campaigns":false,"_monsterinsights_skip_tracking":false,"_monsterinsights_sitenote_active":false,"_monsterinsights_sitenote_note":"","_monsterinsights_sitenote_category":0},"product_cat":[47,48,46],"product_tag":[],"class_list":{"0":"post-808","1":"product","2":"type-product","3":"status-publish","4":"has-post-thumbnail","6":"product_cat-diacs","7":"product_cat-diodos","8":"product_cat-semiconductores","10":"first","11":"instock","12":"taxable","13":"shipping-taxable","14":"purchasable","15":"product-type-simple"},"aioseo_notices":[],"_links":{"self":[{"href":"https:\/\/techtronik.store\/index.php?rest_route=\/wp\/v3\/product\/808","targetHints":{"allow":["GET"]}}],"collection":[{"href":"https:\/\/techtronik.store\/index.php?rest_route=\/wp\/v3\/product"}],"about":[{"href":"https:\/\/techtronik.store\/index.php?rest_route=\/wp\/v2\/types\/product"}],"replies":[{"embeddable":true,"href":"https:\/\/techtronik.store\/index.php?rest_route=%2Fwp%2Fv2%2Fcomments&post=808"}],"wp:featuredmedia":[{"embeddable":true,"href":"https:\/\/techtronik.store\/index.php?rest_route=\/wp\/v2\/media\/109"}],"wp:attachment":[{"href":"https:\/\/techtronik.store\/index.php?rest_route=%2Fwp%2Fv2%2Fmedia&parent=808"}],"wp:term":[{"taxonomy":"product_cat","embeddable":true,"href":"https:\/\/techtronik.store\/index.php?rest_route=%2Fwp%2Fv2%2Fproduct_cat&post=808"},{"taxonomy":"product_tag","embeddable":true,"href":"https:\/\/techtronik.store\/index.php?rest_route=%2Fwp%2Fv2%2Fproduct_tag&post=808"}],"curies":[{"name":"wp","href":"https:\/\/api.w.org\/{rel}","templated":true}]}}