{"id":626,"date":"2022-04-12T18:27:38","date_gmt":"2022-04-12T18:27:38","guid":{"rendered":"http:\/\/techtronik.store\/?post_type=product&#038;p=626"},"modified":"2023-06-30T17:39:43","modified_gmt":"2023-06-30T17:39:43","slug":"potenciometro","status":"publish","type":"product","link":"https:\/\/techtronik.store\/?product=potenciometro","title":{"rendered":"Potenciometro"},"content":{"rendered":"<p>Potenci\u00f3metro lineal de 3 pines de 20mm, ideal para todo tipo de proyectos de electr\u00f3nica. El potenci\u00f3metro tiene un di\u00e1metro de eje de 6mm, adem\u00e1s cuenta con 3 terminales para conectarlo a un PCB o a un protoboard, tuerca y arandela niquelada para que se pueda sujetar a una superficie o una carcasa.<\/p>\n<hr \/>\n<h3><strong>ESPECIFICACIONES Y CARACTER\u00cdSTICAS<\/strong><\/h3>\n<ul>\n<li>Tipo: Potenci\u00f3metro Lineal<\/li>\n<li>Modelo:<\/li>\n<li>Valor: Variable<\/li>\n<li>Pines: 3<\/li>\n<li>Di\u00e1metro de eje: 6mm<\/li>\n<li>Longitud del eje: 20mm<\/li>\n<li>Paso (Pitch): 5mm<\/li>\n<li>Montaje: THT<\/li>\n<li>Incluye turca y rondana<\/li>\n<\/ul>\n","protected":false},"excerpt":{"rendered":"<p>Potenci\u00f3metro lineal de 3 pines de 20mm, ideal para todo tipo de proyectos de electr\u00f3nica. El potenci\u00f3metro tiene un di\u00e1metro de eje de 6mm, adem\u00e1s cuenta con 3 terminales para conectarlo a un PCB o a un protoboard, tuerca y arandela niquelada para que se pueda sujetar a una superficie&hellip; <\/p>\n","protected":false},"featured_media":227,"comment_status":"open","ping_status":"closed","template":"","meta":{"om_disable_all_campaigns":false,"_monsterinsights_skip_tracking":false,"_monsterinsights_sitenote_active":false,"_monsterinsights_sitenote_note":"","_monsterinsights_sitenote_category":0},"product_cat":[42,44,45],"product_tag":[],"class_list":{"0":"post-626","1":"product","2":"type-product","3":"status-publish","4":"has-post-thumbnail","6":"product_cat-pasivos","7":"product_cat-potenciometros","8":"product_cat-resistencias","10":"first","11":"instock","12":"taxable","13":"shipping-taxable","14":"purchasable","15":"product-type-variable"},"aioseo_notices":[],"_links":{"self":[{"href":"https:\/\/techtronik.store\/index.php?rest_route=\/wp\/v3\/product\/626","targetHints":{"allow":["GET"]}}],"collection":[{"href":"https:\/\/techtronik.store\/index.php?rest_route=\/wp\/v3\/product"}],"about":[{"href":"https:\/\/techtronik.store\/index.php?rest_route=\/wp\/v2\/types\/product"}],"replies":[{"embeddable":true,"href":"https:\/\/techtronik.store\/index.php?rest_route=%2Fwp%2Fv2%2Fcomments&post=626"}],"wp:featuredmedia":[{"embeddable":true,"href":"https:\/\/techtronik.store\/index.php?rest_route=\/wp\/v2\/media\/227"}],"wp:attachment":[{"href":"https:\/\/techtronik.store\/index.php?rest_route=%2Fwp%2Fv2%2Fmedia&parent=626"}],"wp:term":[{"taxonomy":"product_cat","embeddable":true,"href":"https:\/\/techtronik.store\/index.php?rest_route=%2Fwp%2Fv2%2Fproduct_cat&post=626"},{"taxonomy":"product_tag","embeddable":true,"href":"https:\/\/techtronik.store\/index.php?rest_route=%2Fwp%2Fv2%2Fproduct_tag&post=626"}],"curies":[{"name":"wp","href":"https:\/\/api.w.org\/{rel}","templated":true}]}}