{"id":583,"date":"2022-04-12T04:12:11","date_gmt":"2022-04-12T04:12:11","guid":{"rendered":"http:\/\/techtronik.store\/?post_type=product&#038;p=583"},"modified":"2023-07-04T18:01:07","modified_gmt":"2023-07-04T18:01:07","slug":"pc817","status":"publish","type":"product","link":"https:\/\/techtronik.store\/?product=pc817","title":{"rendered":"PC817"},"content":{"rendered":"<div align=\"justify\">\n<p>El PC817 es un optoacoplador de prop\u00f3sito general que consiste en un diodo que emite luz infrarroja hacia un fototransistor, logrando excitar al transistor en forma \u00f3ptica, cuenta con un encapsulado DIP-4 de un canal.<\/p>\n<p>Sirve para hacer un aislamiento entre dos etapas de un circuito, puede aplicarse en perif\u00e9ricos para sistemas embebidos, control de motor AC, sistemas de control y m\u00e1s. Las aplicaciones m\u00e1s comunes para el Optoacoplador PC817 son:<\/p>\n<p>1. Aislamiento de E \/ S para MCU (unidades de microcontrolador)<br \/>\n2. Supresi\u00f3n de ruido en circuitos de conmutaci\u00f3n<br \/>\n3. Transmisi\u00f3n de se\u00f1ales entre circuitos de diferentes potenciales e impedancias.<\/p>\n<hr \/>\n<h3><strong>ESPECIFICACIONES Y CARACTER\u00cdSTICAS<\/strong><\/h3>\n<ul>\n<li>Tipo: Optoacoplador<\/li>\n<li>Serie: PC817<\/li>\n<li>Paquete: PDIP-4<\/li>\n<li>Tipo de salida: PhotoTransistor<\/li>\n<li>N\u00famero de canales: 1 canal<\/li>\n<li>If \u2013 Corriente directa: 50\u00a0mA<\/li>\n<li>Corriente directa m\u00e1xima IFM: 1A<\/li>\n<li>Tensi\u00f3n inversa VR: 6V<\/li>\n<li>Disipaci\u00f3n de potencia P: 70mW<\/li>\n<li>Voltaje colector-emisor VCEO: 80V<\/li>\n<li>Voltaje emisor-colector VECO: 6V<\/li>\n<li>Corriente del colector IC: 50mA<\/li>\n<li>Disipaci\u00f3n de potencia del colector Pc: 150 mW<\/li>\n<li>Disipaci\u00f3n total de la energ\u00eda Ptot: 200 mW<\/li>\n<li>Temperatura de trabajo: \u2013 30 C a + 100 C<\/li>\n<\/ul>\n<\/div>\n","protected":false},"excerpt":{"rendered":"<p>El PC817 es un optoacoplador de prop\u00f3sito general que consiste en un diodo que emite luz infrarroja hacia un fototransistor, logrando excitar al transistor en forma \u00f3ptica, cuenta con un encapsulado DIP-4 de un canal. Sirve para hacer un aislamiento entre dos etapas de un circuito, puede aplicarse en perif\u00e9ricos&hellip; <\/p>\n","protected":false},"featured_media":221,"comment_status":"open","ping_status":"closed","template":"","meta":{"om_disable_all_campaigns":false,"_monsterinsights_skip_tracking":false,"_monsterinsights_sitenote_active":false,"_monsterinsights_sitenote_note":"","_monsterinsights_sitenote_category":0},"product_cat":[41,39],"product_tag":[],"class_list":{"0":"post-583","1":"product","2":"type-product","3":"status-publish","4":"has-post-thumbnail","6":"product_cat-optoacoplador","7":"product_cat-optoelectronica","9":"first","10":"instock","11":"taxable","12":"shipping-taxable","13":"purchasable","14":"product-type-simple"},"aioseo_notices":[],"_links":{"self":[{"href":"https:\/\/techtronik.store\/index.php?rest_route=\/wp\/v3\/product\/583","targetHints":{"allow":["GET"]}}],"collection":[{"href":"https:\/\/techtronik.store\/index.php?rest_route=\/wp\/v3\/product"}],"about":[{"href":"https:\/\/techtronik.store\/index.php?rest_route=\/wp\/v2\/types\/product"}],"replies":[{"embeddable":true,"href":"https:\/\/techtronik.store\/index.php?rest_route=%2Fwp%2Fv2%2Fcomments&post=583"}],"wp:featuredmedia":[{"embeddable":true,"href":"https:\/\/techtronik.store\/index.php?rest_route=\/wp\/v2\/media\/221"}],"wp:attachment":[{"href":"https:\/\/techtronik.store\/index.php?rest_route=%2Fwp%2Fv2%2Fmedia&parent=583"}],"wp:term":[{"taxonomy":"product_cat","embeddable":true,"href":"https:\/\/techtronik.store\/index.php?rest_route=%2Fwp%2Fv2%2Fproduct_cat&post=583"},{"taxonomy":"product_tag","embeddable":true,"href":"https:\/\/techtronik.store\/index.php?rest_route=%2Fwp%2Fv2%2Fproduct_tag&post=583"}],"curies":[{"name":"wp","href":"https:\/\/api.w.org\/{rel}","templated":true}]}}