{"id":581,"date":"2022-04-12T04:09:00","date_gmt":"2022-04-12T04:09:00","guid":{"rendered":"http:\/\/techtronik.store\/?post_type=product&#038;p=581"},"modified":"2023-08-16T14:16:42","modified_gmt":"2023-08-16T14:16:42","slug":"led-infrarrojo-ir383","status":"publish","type":"product","link":"https:\/\/techtronik.store\/?product=led-infrarrojo-ir383","title":{"rendered":"LED Infrarrojo IR383"},"content":{"rendered":"<div align=\"justify\">\n<h4>LED Infrarrojo IR333 &#8220;Larga distancia&#8221;<\/h4>\n<h4><strong>\u00bfQu\u00e9 es un led infrarrojo?<\/strong><\/h4>\n<p>Es un componente el\u00e9ctrico semiconductor (diodo) que es capaz\u00a0 de emitir luz al ser atravesado por una corriente peque\u00f1a. Las siglas \u201cLED\u201d provienen del ingl\u00e9s \u201cLight Emitting Diode\u201d, que traducido al espa\u00f1ol es \u201cDiodo Emisor de Luz\u201d. En especifico este\u00a0 led IR emite una luz en el espectro infrarrojo, la cual el ojo humano\u00a0 no puede ver.<\/p>\n<h4><strong>\u00bfQu\u00e9 es un fotodiodo?<\/strong><\/h4>\n<p>Un fotodiodo es un semiconductor construido con una uni\u00f3n PN, sensible a la incidencia de la luz visible o infrarroja. Para que su funcionamiento sea correcto se polariza inversamente, con lo que se producir\u00e1 una cierta circulaci\u00f3n de corriente cuando sea excitado por la luz.<\/p>\n<h4><strong>\u00bfPara qu\u00e9 sirven los leds infrarrojos?<\/strong><\/h4>\n<p>Se utilizan en conjunto en muchos dispositivos electr\u00f3nicos como pueden ser: Juguetes, Sensores de movimiento o aproximaci\u00f3n, robots , carritos seguidores de l\u00ednea, televisores controles remotos, etc.<\/p>\n<h4><strong>\u00bfC\u00f3mo funcionan en conjunto?<\/strong><\/h4>\n<p>Si se aplica una tensi\u00f3n adecuada a las terminales del\u00a0 Led IR, este emitir\u00e1 una luz infrarroja, la cual puede ser detectada por el fotodiodo, este lo llevara al estado de circulaci\u00f3n de corriente-voltaje, y as\u00ed usar el flujo de corriente y variaci\u00f3n de voltaje de varias maneras, las mas comunes son, la detecci\u00f3n de movimiento o aproximaci\u00f3n\u00a0 de un objeto externo, o de obstruir\u00a0 la luz infrarroja\u00a0 que recibe el\u00a0 fotodiodo, esto puede ser traducido en informaci\u00f3n para determinados procesos.<\/p>\n<\/div>\n","protected":false},"excerpt":{"rendered":"<p>LED Infrarrojo IR333 &#8220;Larga distancia&#8221; \u00bfQu\u00e9 es un led infrarrojo? Es un componente el\u00e9ctrico semiconductor (diodo) que es capaz\u00a0 de emitir luz al ser atravesado por una corriente peque\u00f1a. Las siglas \u201cLED\u201d provienen del ingl\u00e9s \u201cLight Emitting Diode\u201d, que traducido al espa\u00f1ol es \u201cDiodo Emisor de Luz\u201d. En especifico este\u00a0&hellip; <\/p>\n","protected":false},"featured_media":582,"comment_status":"open","ping_status":"closed","template":"","meta":{"om_disable_all_campaigns":false,"_monsterinsights_skip_tracking":false,"_monsterinsights_sitenote_active":false,"_monsterinsights_sitenote_note":"","_monsterinsights_sitenote_category":0},"product_cat":[40,39],"product_tag":[],"class_list":{"0":"post-581","1":"product","2":"type-product","3":"status-publish","4":"has-post-thumbnail","6":"product_cat-leds","7":"product_cat-optoelectronica","9":"first","10":"instock","11":"taxable","12":"shipping-taxable","13":"purchasable","14":"product-type-simple"},"aioseo_notices":[],"_links":{"self":[{"href":"https:\/\/techtronik.store\/index.php?rest_route=\/wp\/v3\/product\/581","targetHints":{"allow":["GET"]}}],"collection":[{"href":"https:\/\/techtronik.store\/index.php?rest_route=\/wp\/v3\/product"}],"about":[{"href":"https:\/\/techtronik.store\/index.php?rest_route=\/wp\/v2\/types\/product"}],"replies":[{"embeddable":true,"href":"https:\/\/techtronik.store\/index.php?rest_route=%2Fwp%2Fv2%2Fcomments&post=581"}],"wp:featuredmedia":[{"embeddable":true,"href":"https:\/\/techtronik.store\/index.php?rest_route=\/wp\/v2\/media\/582"}],"wp:attachment":[{"href":"https:\/\/techtronik.store\/index.php?rest_route=%2Fwp%2Fv2%2Fmedia&parent=581"}],"wp:term":[{"taxonomy":"product_cat","embeddable":true,"href":"https:\/\/techtronik.store\/index.php?rest_route=%2Fwp%2Fv2%2Fproduct_cat&post=581"},{"taxonomy":"product_tag","embeddable":true,"href":"https:\/\/techtronik.store\/index.php?rest_route=%2Fwp%2Fv2%2Fproduct_tag&post=581"}],"curies":[{"name":"wp","href":"https:\/\/api.w.org\/{rel}","templated":true}]}}