{"id":561,"date":"2022-04-12T03:54:45","date_gmt":"2022-04-12T03:54:45","guid":{"rendered":"http:\/\/techtronik.store\/?post_type=product&#038;p=561"},"modified":"2023-04-13T21:30:04","modified_gmt":"2023-04-13T21:30:04","slug":"led-difuso","status":"publish","type":"product","link":"https:\/\/techtronik.store\/?product=led-difuso","title":{"rendered":"LED DIFUSO"},"content":{"rendered":"<div align=\"justify\">\n<p>Son componentes el\u00e9ctricos semiconductores (diodos) que son capaces de emitir luz al ser atravesados por una corriente peque\u00f1a. Las siglas \u201cLED\u201d provienen del ingl\u00e9s \u201cLight Emitting Diode\u201d, que traducido al espa\u00f1ol es \u201cDiodo Emisor de Luz\u201d.<\/p>\n<p>Los led\u00b4s difusos de 5mm se utilizan en muchos dispositivos electr\u00f3nicos como pueden ser: Juguetes, Iluminaci\u00f3n, Sem\u00e1foro, Automotriz, Publicidad comercial al aire libre, indicador del panel frontal y m\u00e1s. Es ideal para practicas de electr\u00f3nica, es de f\u00e1cil utilizaci\u00f3n ya que se pueden conectar f\u00e1cilmente a un protoboard o implementarlos en tus propias placas de circuitos el\u00e9ctricos PCB.<\/p>\n<hr \/>\n<p><strong>ESPECIFICACIONES Y CARACTER\u00cdSTICAS<\/strong><\/p>\n<\/div>\n<ul>\n<li>Tipo: Led 5mm Difusos<\/li>\n<li>\u00c1ngulo de visi\u00f3n:45\u00b0<\/li>\n<li>N\u00famero de pines: 2<\/li>\n<li>Di\u00e1metro de encapsulado: 5mm<\/li>\n<li>Material de Shell: Ep\u00f3xico<\/li>\n<\/ul>\n<p>Conexi\u00f3n :<\/p>\n<ul>\n<li>Terminal negativa V(-) C\u00e1todo<\/li>\n<li>Terminal positiva v(+) \u00c1nodo<\/li>\n<\/ul>\n","protected":false},"excerpt":{"rendered":"<p>Son componentes el\u00e9ctricos semiconductores (diodos) que son capaces de emitir luz al ser atravesados por una corriente peque\u00f1a. Las siglas \u201cLED\u201d provienen del ingl\u00e9s \u201cLight Emitting Diode\u201d, que traducido al espa\u00f1ol es \u201cDiodo Emisor de Luz\u201d. Los led\u00b4s difusos de 5mm se utilizan en muchos dispositivos electr\u00f3nicos como pueden ser:&hellip; <\/p>\n","protected":false},"featured_media":567,"comment_status":"open","ping_status":"closed","template":"","meta":{"om_disable_all_campaigns":false,"_monsterinsights_skip_tracking":false,"_monsterinsights_sitenote_active":false,"_monsterinsights_sitenote_note":"","_monsterinsights_sitenote_category":0},"product_cat":[40,39],"product_tag":[],"class_list":{"0":"post-561","1":"product","2":"type-product","3":"status-publish","4":"has-post-thumbnail","6":"product_cat-leds","7":"product_cat-optoelectronica","9":"first","10":"instock","11":"taxable","12":"shipping-taxable","13":"purchasable","14":"product-type-variable"},"aioseo_notices":[],"_links":{"self":[{"href":"https:\/\/techtronik.store\/index.php?rest_route=\/wp\/v3\/product\/561","targetHints":{"allow":["GET"]}}],"collection":[{"href":"https:\/\/techtronik.store\/index.php?rest_route=\/wp\/v3\/product"}],"about":[{"href":"https:\/\/techtronik.store\/index.php?rest_route=\/wp\/v2\/types\/product"}],"replies":[{"embeddable":true,"href":"https:\/\/techtronik.store\/index.php?rest_route=%2Fwp%2Fv2%2Fcomments&post=561"}],"wp:featuredmedia":[{"embeddable":true,"href":"https:\/\/techtronik.store\/index.php?rest_route=\/wp\/v2\/media\/567"}],"wp:attachment":[{"href":"https:\/\/techtronik.store\/index.php?rest_route=%2Fwp%2Fv2%2Fmedia&parent=561"}],"wp:term":[{"taxonomy":"product_cat","embeddable":true,"href":"https:\/\/techtronik.store\/index.php?rest_route=%2Fwp%2Fv2%2Fproduct_cat&post=561"},{"taxonomy":"product_tag","embeddable":true,"href":"https:\/\/techtronik.store\/index.php?rest_route=%2Fwp%2Fv2%2Fproduct_tag&post=561"}],"curies":[{"name":"wp","href":"https:\/\/api.w.org\/{rel}","templated":true}]}}