{"id":558,"date":"2022-04-12T03:31:13","date_gmt":"2022-04-12T03:31:13","guid":{"rendered":"http:\/\/techtronik.store\/?post_type=product&#038;p=558"},"modified":"2023-04-26T02:49:46","modified_gmt":"2023-04-26T02:49:46","slug":"motor-5v-r250","status":"publish","type":"product","link":"https:\/\/techtronik.store\/?product=motor-5v-r250","title":{"rendered":"Motor 5V R250"},"content":{"rendered":"<p>El Motor R250 es un motor de corriente directa (DC) que funciona en un rango de voltaje desde 1V hasta 5V lo que le permite alcanzar una velocidad m\u00e1xima (sin carga) de 7000 revoluciones por minuto (RPM) en su eje circular de 9.5 mm de largo y de 2 mm de di\u00e1metro.<\/p>\n<p>El Motor R250 convierte la energ\u00eda el\u00e9ctrica en energ\u00eda mec\u00e1nica generando un movimiento rotatorio en su eje, es ideal para peque\u00f1os proyectos de rob\u00f3tica, electr\u00f3nica, mecatr\u00f3nica, o cualquier proyecto de control y movimiento.<b><u><\/u><\/b><\/p>\n<hr \/>\n<h3><b>ESPECIFICACIONES Y\u00a0<\/b><b>CARACTER\u00cdSTICAS<\/b><b>\u00a0<\/b><\/h3>\n<ul>\n<li>Tipo de motor: Motor de DC de escobillas<\/li>\n<li>Voltaje nominal: 3V<\/li>\n<li>Voltaje recomendado: 1V ~ 4V (6V m\u00e1x)<\/li>\n<li>Corriente nominal: 0.85A ~ 5A<\/li>\n<li>Velocidad (sin carga):\n<ul>\n<li>2200 RPM @ 1V<\/li>\n<li>5000 RPM @ 3V<\/li>\n<li>7000 RPM @ 5V<\/li>\n<\/ul>\n<\/li>\n<li>Corriente (sin carga):\n<ul>\n<li>\u00a0150 mA @ 1V<\/li>\n<li>1000 mA @ 5V<\/li>\n<\/ul>\n<\/li>\n<li>\u00a0Dimensiones:\n<ul>\n<li>Di\u00e1metro del motor: 24 mm<\/li>\n<li>Longitud del motor: 30.7mm<\/li>\n<li>Longitud del eje: 9.5 mm<\/li>\n<li>Di\u00e1metro del eje: 2 mm<\/li>\n<li>Longitud punta a punta: 46.3 mm<\/li>\n<li>Di\u00e1metro de agujero para tornillos de fijaci\u00f3n: 2 mm<\/li>\n<\/ul>\n<\/li>\n<li>Par m\u00e1ximo: 24\u00a0 gr*cm<\/li>\n<li>Peso: 42 g<\/li>\n<\/ul>\n","protected":false},"excerpt":{"rendered":"<p>El Motor R250 es un motor de corriente directa (DC) que funciona en un rango de voltaje desde 1V hasta 5V lo que le permite alcanzar una velocidad m\u00e1xima (sin carga) de 7000 revoluciones por minuto (RPM) en su eje circular de 9.5 mm de largo y de 2 mm&hellip; <\/p>\n","protected":false},"featured_media":560,"comment_status":"open","ping_status":"closed","template":"","meta":{"om_disable_all_campaigns":false,"_monsterinsights_skip_tracking":false,"_monsterinsights_sitenote_active":false,"_monsterinsights_sitenote_note":"","_monsterinsights_sitenote_category":0},"product_cat":[38],"product_tag":[],"class_list":{"0":"post-558","1":"product","2":"type-product","3":"status-publish","4":"has-post-thumbnail","6":"product_cat-motores","8":"first","9":"instock","10":"taxable","11":"shipping-taxable","12":"purchasable","13":"product-type-simple"},"aioseo_notices":[],"_links":{"self":[{"href":"https:\/\/techtronik.store\/index.php?rest_route=\/wp\/v3\/product\/558","targetHints":{"allow":["GET"]}}],"collection":[{"href":"https:\/\/techtronik.store\/index.php?rest_route=\/wp\/v3\/product"}],"about":[{"href":"https:\/\/techtronik.store\/index.php?rest_route=\/wp\/v2\/types\/product"}],"replies":[{"embeddable":true,"href":"https:\/\/techtronik.store\/index.php?rest_route=%2Fwp%2Fv2%2Fcomments&post=558"}],"wp:featuredmedia":[{"embeddable":true,"href":"https:\/\/techtronik.store\/index.php?rest_route=\/wp\/v2\/media\/560"}],"wp:attachment":[{"href":"https:\/\/techtronik.store\/index.php?rest_route=%2Fwp%2Fv2%2Fmedia&parent=558"}],"wp:term":[{"taxonomy":"product_cat","embeddable":true,"href":"https:\/\/techtronik.store\/index.php?rest_route=%2Fwp%2Fv2%2Fproduct_cat&post=558"},{"taxonomy":"product_tag","embeddable":true,"href":"https:\/\/techtronik.store\/index.php?rest_route=%2Fwp%2Fv2%2Fproduct_tag&post=558"}],"curies":[{"name":"wp","href":"https:\/\/api.w.org\/{rel}","templated":true}]}}