{"id":554,"date":"2022-04-12T03:20:36","date_gmt":"2022-04-12T03:20:36","guid":{"rendered":"http:\/\/techtronik.store\/?post_type=product&#038;p=554"},"modified":"2022-11-30T03:04:34","modified_gmt":"2022-11-30T03:04:34","slug":"mg995-servomotor","status":"publish","type":"product","link":"https:\/\/techtronik.store\/?product=mg995-servomotor","title":{"rendered":"MG995 Servomotor"},"content":{"rendered":"<p>Es un peque\u00f1o actuador rotativo lineal que permite un control preciso de la posici\u00f3n, velocidad y aceleraci\u00f3n angular. Este servomotor puede rotar de 0\u00b0 hasta 180\u00b0, su voltaje de operaci\u00f3n va desde los 4.8 a 7.2 VDC. Cuenta con engranes de pl\u00e1stico en su interior, la fleja que incorpora es de metal, adem\u00e1s incluye 3 brazos de pl\u00e1stico,\u00a0 5 tornillos de sujeci\u00f3n, 4 gomas y 4 coples, el cable que incorpora es de hasta 28cm.<\/p>\n<p>Este tipo de servomotores son utilizados en gran variedad de proyectos de electr\u00f3nica, rob\u00f3tica, carros de control remoto, aeronaves y m\u00e1s. Es ideal para proyectos de bajo torque y poco peso. Funcionan con la mayor\u00eda de tarjetas electr\u00f3nicas de control con microcontroladores, como por ejemplo las tarjetas de Arduino, Nodemcu, Esp32, Pic\u00b4s y Raspberry Pi y otras. Recomendamos alimentar por separado el microcontrolador y los servos, ya que el ruido el\u00e9ctrico puede dar lugar a errores en la ejecuci\u00f3n del programa.<\/p>\n","protected":false},"excerpt":{"rendered":"<p>Es un peque\u00f1o actuador rotativo lineal que permite un control preciso de la posici\u00f3n, velocidad y aceleraci\u00f3n angular. Este servomotor puede rotar de 0\u00b0 hasta 180\u00b0, su voltaje de operaci\u00f3n va desde los 4.8 a 7.2 VDC. Cuenta con engranes de pl\u00e1stico en su interior, la fleja que incorpora es&hellip; <\/p>\n","protected":false},"featured_media":200,"comment_status":"open","ping_status":"closed","template":"","meta":{"om_disable_all_campaigns":false,"_monsterinsights_skip_tracking":false,"_monsterinsights_sitenote_active":false,"_monsterinsights_sitenote_note":"","_monsterinsights_sitenote_category":0},"product_cat":[38],"product_tag":[],"class_list":{"0":"post-554","1":"product","2":"type-product","3":"status-publish","4":"has-post-thumbnail","6":"product_cat-motores","8":"first","9":"outofstock","10":"taxable","11":"shipping-taxable","12":"purchasable","13":"product-type-simple"},"aioseo_notices":[],"_links":{"self":[{"href":"https:\/\/techtronik.store\/index.php?rest_route=\/wp\/v3\/product\/554","targetHints":{"allow":["GET"]}}],"collection":[{"href":"https:\/\/techtronik.store\/index.php?rest_route=\/wp\/v3\/product"}],"about":[{"href":"https:\/\/techtronik.store\/index.php?rest_route=\/wp\/v2\/types\/product"}],"replies":[{"embeddable":true,"href":"https:\/\/techtronik.store\/index.php?rest_route=%2Fwp%2Fv2%2Fcomments&post=554"}],"wp:featuredmedia":[{"embeddable":true,"href":"https:\/\/techtronik.store\/index.php?rest_route=\/wp\/v2\/media\/200"}],"wp:attachment":[{"href":"https:\/\/techtronik.store\/index.php?rest_route=%2Fwp%2Fv2%2Fmedia&parent=554"}],"wp:term":[{"taxonomy":"product_cat","embeddable":true,"href":"https:\/\/techtronik.store\/index.php?rest_route=%2Fwp%2Fv2%2Fproduct_cat&post=554"},{"taxonomy":"product_tag","embeddable":true,"href":"https:\/\/techtronik.store\/index.php?rest_route=%2Fwp%2Fv2%2Fproduct_tag&post=554"}],"curies":[{"name":"wp","href":"https:\/\/api.w.org\/{rel}","templated":true}]}}