{"id":548,"date":"2022-04-11T22:08:12","date_gmt":"2022-04-11T22:08:12","guid":{"rendered":"http:\/\/techtronik.store\/?post_type=product&#038;p=548"},"modified":"2022-09-07T00:40:32","modified_gmt":"2022-09-07T00:40:32","slug":"modulo-acs712-5a","status":"publish","type":"product","link":"https:\/\/techtronik.store\/?product=modulo-acs712-5a","title":{"rendered":"Modulo ACS712 5A"},"content":{"rendered":"<div align=\"justify\">\n<div class=\"row\">\n<div class=\"col-md-9\">\n<div align=\"justify\">\n<p>El Sensor de Corriente ACS712 soporta mediciones de corriente de hasta 5A en AC o DC. Internamente trabaja con un sensor de efecto Hall que detecta el campo magn\u00e9tico surgido de el paso de la corriente por un alambre de cobre interno y convirtiendo este campo en un voltaje variable. Esto significa que a mayor cantidad de corriente que tengamos, mayor voltaje vamos a tener en un pin.<\/p>\n<p>Es ideal para proyectos mecatr\u00f3nicos ya sea en ambientes industriales o comerciales, el m\u00f3dulo es de f\u00e1cil conexi\u00f3n ya que traen una bornera para conectar la l\u00ednea que queremos medir y 3 pines mas, dos para conectar la alimentaci\u00f3n y un pin para la salida anal\u00f3gica.<\/p>\n<\/div>\n<hr \/>\n<h3><strong>ESPECIFICACI\u00d3N Y CARACTER\u00cdSTICAS<\/strong><\/h3>\n<ul>\n<li>Modelo: ACS712ELCTR-30A-T<\/li>\n<li>Sensor de corriente: ACS712<\/li>\n<li>Voltaje de Trabajo: 5V<\/li>\n<li>Rango M\u00e1ximo:\u00a0 (+\/-) 5 A<\/li>\n<li>Salida an\u00e1loga:<\/li>\n<li>Salida cuando no detecta corriente: 2.5 VCC<\/li>\n<li>Sensibilidad: 66 mV\/A<\/li>\n<li>Resistencia interna: 1.2 m\u03a9<\/li>\n<li>Indicador : LED<\/li>\n<li>M\u00ednimo voltaje de aislamiento entre pines 1-4 a pines 5-8: 2.1 kVRM<\/li>\n<li>Dimensiones: 31mm x 13mm x 11.8 mm<\/li>\n<\/ul>\n<\/div>\n<\/div>\n<\/div>\n","protected":false},"excerpt":{"rendered":"<p>El Sensor de Corriente ACS712 soporta mediciones de corriente de hasta 5A en AC o DC. Internamente trabaja con un sensor de efecto Hall que detecta el campo magn\u00e9tico surgido de el paso de la corriente por un alambre de cobre interno y convirtiendo este campo en un voltaje variable.&hellip; <\/p>\n","protected":false},"featured_media":551,"comment_status":"open","ping_status":"closed","template":"","meta":{"om_disable_all_campaigns":false,"_monsterinsights_skip_tracking":false,"_monsterinsights_sitenote_active":false,"_monsterinsights_sitenote_note":"","_monsterinsights_sitenote_category":0},"product_cat":[54,37,53],"product_tag":[],"class_list":{"0":"post-548","1":"product","2":"type-product","3":"status-publish","4":"has-post-thumbnail","6":"product_cat-corriente-y-voltaje","7":"product_cat-modulos","8":"product_cat-sensores","10":"first","11":"instock","12":"taxable","13":"shipping-taxable","14":"purchasable","15":"product-type-simple"},"aioseo_notices":[],"_links":{"self":[{"href":"https:\/\/techtronik.store\/index.php?rest_route=\/wp\/v3\/product\/548","targetHints":{"allow":["GET"]}}],"collection":[{"href":"https:\/\/techtronik.store\/index.php?rest_route=\/wp\/v3\/product"}],"about":[{"href":"https:\/\/techtronik.store\/index.php?rest_route=\/wp\/v2\/types\/product"}],"replies":[{"embeddable":true,"href":"https:\/\/techtronik.store\/index.php?rest_route=%2Fwp%2Fv2%2Fcomments&post=548"}],"wp:featuredmedia":[{"embeddable":true,"href":"https:\/\/techtronik.store\/index.php?rest_route=\/wp\/v2\/media\/551"}],"wp:attachment":[{"href":"https:\/\/techtronik.store\/index.php?rest_route=%2Fwp%2Fv2%2Fmedia&parent=548"}],"wp:term":[{"taxonomy":"product_cat","embeddable":true,"href":"https:\/\/techtronik.store\/index.php?rest_route=%2Fwp%2Fv2%2Fproduct_cat&post=548"},{"taxonomy":"product_tag","embeddable":true,"href":"https:\/\/techtronik.store\/index.php?rest_route=%2Fwp%2Fv2%2Fproduct_tag&post=548"}],"curies":[{"name":"wp","href":"https:\/\/api.w.org\/{rel}","templated":true}]}}