{"id":539,"date":"2022-04-11T05:18:56","date_gmt":"2022-04-11T05:18:56","guid":{"rendered":"http:\/\/techtronik.store\/?post_type=product&#038;p=539"},"modified":"2022-07-21T00:30:29","modified_gmt":"2022-07-21T00:30:29","slug":"modulo-esp-01","status":"publish","type":"product","link":"https:\/\/techtronik.store\/?product=modulo-esp-01","title":{"rendered":"Modulo ESP-01"},"content":{"rendered":"<div align=\"justify\">\n<p>ESP-01S es m\u00f3dulo WiFi\u00a0 basado en el chip ESP8266 que permite conectar tus proyectos a Internet mediante una red Wifi de forma f\u00e1cil y econ\u00f3mica.<\/p>\n<p>El modulo pude servir en 2 modos: como estaci\u00f3n Wifi (Wifi Station) o como Punto de Acceso (Access Point), al trabajar como estaci\u00f3n el m\u00f3dulo se conecta a una red Wifi. En modo Access Point se usa para crear una red wifi propia y acceder a ella para controlar un motor, revelador y incluso obtener lectura de sensores digitales.<\/p>\n<\/div>\n<p>El m\u00f3dulo viene cargado con el firmware AT, pero se puede cambiar el firmware y utilizar toda su capacidad como un poderoso microcontrolador de 32bits a 80Mhz. Para el desarrollo de aplicaciones puedes elegir entre los lenguajes Arduino y Lua. Al trabajar dentro del entorno Arduino ser\u00e1 mas f\u00e1cil ya que en internet tendr\u00e1s bastante informaci\u00f3n sobre proyectos y librer\u00edas que puedes utilizar.<\/p>\n<hr \/>\n<h3><strong>ESPECIFICACIONES Y CARACTER\u00cdSTICAS<\/strong><\/h3>\n<ul>\n<li>Tipo: Modulo Wifi<\/li>\n<li>Modelo: ESP-01S ESP8266<\/li>\n<li>Tama\u00f1o: 24 mm x 14 mm<\/li>\n<li>Voltaje de alimentaci\u00f3n: 3.3 Volts. m\u00e1ximo 3.7 Volts (Este m\u00f3dulo no tolera 5 Volts)<\/li>\n<li>Voltaje de Entradas\/Salidas: 3.3V DC<\/li>\n<li>Comunicaci\u00f3n tipo de interfaz: Serial, UART<\/li>\n<li>CPU de 32 bits<\/li>\n<li>Frecuencia de Reloj: 80MHz\/160MHz<\/li>\n<li>Instruction RAM: 32KB<\/li>\n<li>Data RAM: 96KB<\/li>\n<li>Memoria Flash Externa: 4MB<\/li>\n<li>Soporte 3 modos: AP, STA, AP + STA<\/li>\n<li>Wi-Fi Direct (P2p), soft-AP<\/li>\n<li>Protocolos soportados: 802.11 b\/g\/n \u2013 \u00a0TCP\/IP<\/li>\n<li>Soporte de red: 2,4 GHz<\/li>\n<li>Perfecto y simple en comandos AT<\/li>\n<li>Rango de temperatura de operaci\u00f3n: -40 ~ 125 \u2103<\/li>\n<li>Peso: 3 g.<\/li>\n<\/ul>\n","protected":false},"excerpt":{"rendered":"<p>ESP-01S es m\u00f3dulo WiFi\u00a0 basado en el chip ESP8266 que permite conectar tus proyectos a Internet mediante una red Wifi de forma f\u00e1cil y econ\u00f3mica. El modulo pude servir en 2 modos: como estaci\u00f3n Wifi (Wifi Station) o como Punto de Acceso (Access Point), al trabajar como estaci\u00f3n el m\u00f3dulo&hellip; <\/p>\n","protected":false},"featured_media":542,"comment_status":"open","ping_status":"closed","template":"","meta":{"om_disable_all_campaigns":false,"_monsterinsights_skip_tracking":false,"_monsterinsights_sitenote_active":false,"_monsterinsights_sitenote_note":"","_monsterinsights_sitenote_category":0},"product_cat":[37,73],"product_tag":[],"class_list":{"0":"post-539","1":"product","2":"type-product","3":"status-publish","4":"has-post-thumbnail","6":"product_cat-modulos","7":"product_cat-wireless","9":"first","10":"instock","11":"taxable","12":"shipping-taxable","13":"purchasable","14":"product-type-simple"},"aioseo_notices":[],"_links":{"self":[{"href":"https:\/\/techtronik.store\/index.php?rest_route=\/wp\/v3\/product\/539","targetHints":{"allow":["GET"]}}],"collection":[{"href":"https:\/\/techtronik.store\/index.php?rest_route=\/wp\/v3\/product"}],"about":[{"href":"https:\/\/techtronik.store\/index.php?rest_route=\/wp\/v2\/types\/product"}],"replies":[{"embeddable":true,"href":"https:\/\/techtronik.store\/index.php?rest_route=%2Fwp%2Fv2%2Fcomments&post=539"}],"wp:featuredmedia":[{"embeddable":true,"href":"https:\/\/techtronik.store\/index.php?rest_route=\/wp\/v2\/media\/542"}],"wp:attachment":[{"href":"https:\/\/techtronik.store\/index.php?rest_route=%2Fwp%2Fv2%2Fmedia&parent=539"}],"wp:term":[{"taxonomy":"product_cat","embeddable":true,"href":"https:\/\/techtronik.store\/index.php?rest_route=%2Fwp%2Fv2%2Fproduct_cat&post=539"},{"taxonomy":"product_tag","embeddable":true,"href":"https:\/\/techtronik.store\/index.php?rest_route=%2Fwp%2Fv2%2Fproduct_tag&post=539"}],"curies":[{"name":"wp","href":"https:\/\/api.w.org\/{rel}","templated":true}]}}