{"id":532,"date":"2022-04-11T05:04:31","date_gmt":"2022-04-11T05:04:31","guid":{"rendered":"http:\/\/techtronik.store\/?post_type=product&#038;p=532"},"modified":"2022-06-12T19:20:34","modified_gmt":"2022-06-12T19:20:34","slug":"modulo-relevador-de-estado-solido-ssr","status":"publish","type":"product","link":"https:\/\/techtronik.store\/?product=modulo-relevador-de-estado-solido-ssr","title":{"rendered":"Modulo Relevador de Estado Solido (SSR)"},"content":{"rendered":"<div align=\"justify\">\n<div align=\"justify\">\n<div align=\"justify\">\n<p>OMRON<\/p>\n<p>El Relevador Estado Solido 1 Canal OMRON es un dispositivo interruptor electr\u00f3nico que conmuta el paso de la electricidad cuando una peque\u00f1a corriente es aplicada en sus terminales de control. Hace la misma funci\u00f3n que el relevador electromec\u00e1nico, pero sin partes m\u00f3viles.<\/p>\n<p>A la hora de aplicar este tipo de rel\u00e9s debe tenerse en cuenta su baja tolerancia para soportar sobrecargas moment\u00e1neas, comparado con los rel\u00e9s electromec\u00e1nicos, y su mayor resistencia al paso de la corriente en su estado activo.<\/p>\n<h4>El Relevador Estado Solido 1 Canal OMRON nos ayudara a conmutar cargas corriente alterna de manera r\u00e1pida, sin ruido . Pueden reemplazar a relevadores electromec\u00e1nicos. Algunos de sus aplicaciones son: conmutador de sensores, salida de PLC, conmutadores de carga<\/h4>\n<hr \/>\n<h3><strong>ESPECIFICACIONES Y CARACTER\u00cdSTICAS<\/strong><\/h3>\n<ul>\n<li>Modelo: OMRON<\/li>\n<li>Voltaje de entrada: 5 V DC<\/li>\n<li>Corriente de entrada : 160 mA DC<\/li>\n<li>Corriente de salida a la carga: 2A<\/li>\n<li>Voltaje de salida a la carga : 110 a 240 V AC<\/li>\n<li>Se\u00f1al de activaci\u00f3n: 0 l\u00f3gico (0V)<\/li>\n<li>Peso: 12 g<\/li>\n<\/ul>\n<\/div>\n<\/div>\n<\/div>\n","protected":false},"excerpt":{"rendered":"<p>OMRON El Relevador Estado Solido 1 Canal OMRON es un dispositivo interruptor electr\u00f3nico que conmuta el paso de la electricidad cuando una peque\u00f1a corriente es aplicada en sus terminales de control. Hace la misma funci\u00f3n que el relevador electromec\u00e1nico, pero sin partes m\u00f3viles. A la hora de aplicar este tipo&hellip; <\/p>\n","protected":false},"featured_media":534,"comment_status":"open","ping_status":"closed","template":"","meta":{"om_disable_all_campaigns":false,"_monsterinsights_skip_tracking":false,"_monsterinsights_sitenote_active":false,"_monsterinsights_sitenote_note":"","_monsterinsights_sitenote_category":0},"product_cat":[37,39,31,24],"product_tag":[],"class_list":{"0":"post-532","1":"product","2":"type-product","3":"status-publish","4":"has-post-thumbnail","6":"product_cat-modulos","7":"product_cat-optoelectronica","8":"product_cat-relevadores","9":"product_cat-drivers","11":"first","12":"instock","13":"taxable","14":"shipping-taxable","15":"purchasable","16":"product-type-simple"},"aioseo_notices":[],"_links":{"self":[{"href":"https:\/\/techtronik.store\/index.php?rest_route=\/wp\/v3\/product\/532","targetHints":{"allow":["GET"]}}],"collection":[{"href":"https:\/\/techtronik.store\/index.php?rest_route=\/wp\/v3\/product"}],"about":[{"href":"https:\/\/techtronik.store\/index.php?rest_route=\/wp\/v2\/types\/product"}],"replies":[{"embeddable":true,"href":"https:\/\/techtronik.store\/index.php?rest_route=%2Fwp%2Fv2%2Fcomments&post=532"}],"wp:featuredmedia":[{"embeddable":true,"href":"https:\/\/techtronik.store\/index.php?rest_route=\/wp\/v2\/media\/534"}],"wp:attachment":[{"href":"https:\/\/techtronik.store\/index.php?rest_route=%2Fwp%2Fv2%2Fmedia&parent=532"}],"wp:term":[{"taxonomy":"product_cat","embeddable":true,"href":"https:\/\/techtronik.store\/index.php?rest_route=%2Fwp%2Fv2%2Fproduct_cat&post=532"},{"taxonomy":"product_tag","embeddable":true,"href":"https:\/\/techtronik.store\/index.php?rest_route=%2Fwp%2Fv2%2Fproduct_tag&post=532"}],"curies":[{"name":"wp","href":"https:\/\/api.w.org\/{rel}","templated":true}]}}