{"id":530,"date":"2022-04-11T04:53:51","date_gmt":"2022-04-11T04:53:51","guid":{"rendered":"http:\/\/techtronik.store\/?post_type=product&#038;p=530"},"modified":"2023-09-26T02:40:15","modified_gmt":"2023-09-26T02:40:15","slug":"modulo-relevador-5v-optoacoplador","status":"publish","type":"product","link":"https:\/\/techtronik.store\/?product=modulo-relevador-5v-optoacoplador","title":{"rendered":"Modulo Relevador 5V Optoacoplador"},"content":{"rendered":"<div align=\"justify\">\n<div align=\"justify\">\n<div align=\"justify\">\n<p>M\u00f3dulo control de rel\u00e9 de 1 canal 5V con optoacoplador<br \/>\nEste es un optoacoplador de m\u00f3dulo de rel\u00e9 de 5 V 10 A aislado de un solo canal para Arduino PIC ARM. Se puede utilizar para controlar varios aparatos y otros tipos de equipos con una gran corriente. Se puede controlar directamente con se\u00f1ales l\u00f3gicas de 3,3 V o 5 V desde un microcontrolador (Arduino, 8051, AVR, PIC, DSP, ARM, ARM, MSP430, l\u00f3gica TTL).<\/p>\n<p>Tiene un encabezado de clavija de 1 \u00d7 4 (paso de 2,54 mm) para conectar la alimentaci\u00f3n (5 V y 0 V) \u200b\u200by para controlar el m\u00f3dulo.<\/p>\n<p>Los pines est\u00e1n marcados en la placa PCB son los siguientes:<\/p>\n<p>GND: conecte 0 V a este pin.<br \/>\nIN1 &#8211; Controla el rel\u00e9 1, el nivel bajo activo se encender\u00e1 cuando esta entrada baje por debajo de aproximadamente 2.0V<br \/>\nVCC: conecte 5 V a este pin. Se utiliza para alimentar los optoacopladores.<br \/>\nNota: Este m\u00f3dulo de un solo canal de 5 V es solo para disparador de bajo nivel.<\/p>\n<p>Acerca del modo activado de nivel alto y nivel bajo:<\/p>\n<p>El disparador de alto nivel se refiere al voltaje de la se\u00f1al entre la entrada y el disparador, puede entenderse como una entrada de se\u00f1al con un cortocircuito del c\u00e1todo VCC activado de alguna manera;<br \/>\nEl disparador de bajo nivel se refiere al voltaje de la se\u00f1al entre el terminal de entrada y el disparador OV de tierra, puede entenderse como el terminal de entrada de se\u00f1al y el cortocircuito del electrodo negativo GND disparado por la conexi\u00f3n del m\u00f3dulo de rel\u00e9 de 1 canal<br \/>\nInstrucci\u00f3n de puente = Se puede encender cuando conectamos 5v a un extremo y el otro a -5v \/ Gnd, mientras hablamos del puente, si cortocircuitamos el VCC y el pin del medio, entonces el m\u00f3dulo actuar\u00e1 como disparado de alto nivel rel\u00e9 significa que cuando aplicaremos la entrada de + 5V en su pin de entrada, se encender\u00e1 y cuando el puente se establezca en &#8220;medio y GND&#8221;, actuar\u00e1 como un rel\u00e9 disparado de bajo nivel. Significa que el m\u00f3dulo funcionar\u00e1 se activar\u00e1 cuando implementemos 5V \/ GND en su pin de entrada.<\/p>\n<p><strong>CARACTERISTICAS :<\/strong><\/p>\n<p>2 LED para indicar cuando el rel\u00e9 est\u00e1 encendido.<br \/>\nFunciona con se\u00f1ales de nivel l\u00f3gico de dispositivos de 3,3 V o 5 V<br \/>\nCircuito de aislamiento \u00f3ptico<br \/>\nM\u00f3dulo con protecci\u00f3n de corriente de diodo, tiempo de respuesta corto<br \/>\nAlrededor del tablero con 4 orificios de montaje, di\u00e1metro del orificio de 3,1 mm, f\u00e1cil instalaci\u00f3n y fijaci\u00f3n.<\/p>\n<p><strong>APLICACIONES:<\/strong><\/p>\n<p>Raspberry Pi, Arduino, 8051, AVR, PIC, DSP, ARM, ARM, MSP430, la l\u00f3gica TTL puede conducir el m\u00f3dulo<br \/>\nControl PLC<br \/>\nControl inteligente del hogar<br \/>\nSector industrial<\/p>\n<\/div>\n<\/div>\n<\/div>\n","protected":false},"excerpt":{"rendered":"<p>M\u00f3dulo control de rel\u00e9 de 1 canal 5V con optoacoplador Este es un optoacoplador de m\u00f3dulo de rel\u00e9 de 5 V 10 A aislado de un solo canal para Arduino PIC ARM. Se puede utilizar para controlar varios aparatos y otros tipos de equipos con una gran corriente. Se puede&hellip; <\/p>\n","protected":false},"featured_media":531,"comment_status":"open","ping_status":"closed","template":"","meta":{"om_disable_all_campaigns":false,"_monsterinsights_skip_tracking":false,"_monsterinsights_sitenote_active":false,"_monsterinsights_sitenote_note":"","_monsterinsights_sitenote_category":0},"product_cat":[37,31,24],"product_tag":[],"class_list":{"0":"post-530","1":"product","2":"type-product","3":"status-publish","4":"has-post-thumbnail","6":"product_cat-modulos","7":"product_cat-relevadores","8":"product_cat-drivers","10":"first","11":"instock","12":"taxable","13":"shipping-taxable","14":"purchasable","15":"product-type-variable"},"aioseo_notices":[],"_links":{"self":[{"href":"https:\/\/techtronik.store\/index.php?rest_route=\/wp\/v3\/product\/530","targetHints":{"allow":["GET"]}}],"collection":[{"href":"https:\/\/techtronik.store\/index.php?rest_route=\/wp\/v3\/product"}],"about":[{"href":"https:\/\/techtronik.store\/index.php?rest_route=\/wp\/v2\/types\/product"}],"replies":[{"embeddable":true,"href":"https:\/\/techtronik.store\/index.php?rest_route=%2Fwp%2Fv2%2Fcomments&post=530"}],"wp:featuredmedia":[{"embeddable":true,"href":"https:\/\/techtronik.store\/index.php?rest_route=\/wp\/v2\/media\/531"}],"wp:attachment":[{"href":"https:\/\/techtronik.store\/index.php?rest_route=%2Fwp%2Fv2%2Fmedia&parent=530"}],"wp:term":[{"taxonomy":"product_cat","embeddable":true,"href":"https:\/\/techtronik.store\/index.php?rest_route=%2Fwp%2Fv2%2Fproduct_cat&post=530"},{"taxonomy":"product_tag","embeddable":true,"href":"https:\/\/techtronik.store\/index.php?rest_route=%2Fwp%2Fv2%2Fproduct_tag&post=530"}],"curies":[{"name":"wp","href":"https:\/\/api.w.org\/{rel}","templated":true}]}}