{"id":526,"date":"2022-04-11T04:35:51","date_gmt":"2022-04-11T04:35:51","guid":{"rendered":"http:\/\/techtronik.store\/?post_type=product&#038;p=526"},"modified":"2023-04-24T00:03:50","modified_gmt":"2023-04-24T00:03:50","slug":"modulo-relevador-5v","status":"publish","type":"product","link":"https:\/\/techtronik.store\/?product=modulo-relevador-5v","title":{"rendered":"Modulo Relevador 5V"},"content":{"rendered":"<div align=\"justify\">\n<div align=\"justify\">\n<div align=\"justify\">\n<p>El Modulo Relevador es un dispositivo electr\u00f3nico que permite controlar dispositivos que trabajen m\u00e1ximo <em>250V \/15A<\/em>\u00a0y\u00a0<em>125V\/10A<\/em>\u00a0<strong>AC<\/strong>\u00a0y\u00a0<em>30V\/10A<\/em>\u00a0<strong>DC\u00a0<\/strong>por medio de una se\u00f1al de control de 5V, se\u00f1alizando su activaci\u00f3n por medio de un LED indicador en su PCB.<\/p>\n<p>EL modulo es utilizado en proyectos de IoT para controlar luces, contactos, electrodom\u00e9sticos y otros dispositivos electr\u00f3nicos. Com\u00fanmente son usados en circuitos de control autom\u00e1tico con una peque\u00f1a corriente de control y una gran corriente de operaci\u00f3n.<\/p>\n<\/div>\n<hr \/>\n<h3><strong>ESPECIFICACIONES Y CARACTER\u00cdSTICAS<\/strong><\/h3>\n<ul>\n<li>Se\u00f1al de control: 5V DC<\/li>\n<li>M\u00e1xima AC: 250V \/15A y 125V\/10A AC<\/li>\n<li>M\u00e1ximo DC: 30V\/10A DC<\/li>\n<li>Tipo de contacto NC y NO<\/li>\n<li>Dimensiones: 34 mmx 26 mmx 19 mm<\/li>\n<li>Peso: 15 g<\/li>\n<\/ul>\n<\/div>\n<\/div>\n","protected":false},"excerpt":{"rendered":"<p>El Modulo Relevador es un dispositivo electr\u00f3nico que permite controlar dispositivos que trabajen m\u00e1ximo 250V \/15A\u00a0y\u00a0125V\/10A\u00a0AC\u00a0y\u00a030V\/10A\u00a0DC\u00a0por medio de una se\u00f1al de control de 5V, se\u00f1alizando su activaci\u00f3n por medio de un LED indicador en su PCB. EL modulo es utilizado en proyectos de IoT para controlar luces, contactos, electrodom\u00e9sticos y&hellip; <\/p>\n","protected":false},"featured_media":529,"comment_status":"open","ping_status":"closed","template":"","meta":{"om_disable_all_campaigns":false,"_monsterinsights_skip_tracking":false,"_monsterinsights_sitenote_active":false,"_monsterinsights_sitenote_note":"","_monsterinsights_sitenote_category":0},"product_cat":[37,31,24],"product_tag":[],"class_list":{"0":"post-526","1":"product","2":"type-product","3":"status-publish","4":"has-post-thumbnail","6":"product_cat-modulos","7":"product_cat-relevadores","8":"product_cat-drivers","10":"first","11":"instock","12":"taxable","13":"shipping-taxable","14":"purchasable","15":"product-type-simple"},"aioseo_notices":[],"_links":{"self":[{"href":"https:\/\/techtronik.store\/index.php?rest_route=\/wp\/v3\/product\/526","targetHints":{"allow":["GET"]}}],"collection":[{"href":"https:\/\/techtronik.store\/index.php?rest_route=\/wp\/v3\/product"}],"about":[{"href":"https:\/\/techtronik.store\/index.php?rest_route=\/wp\/v2\/types\/product"}],"replies":[{"embeddable":true,"href":"https:\/\/techtronik.store\/index.php?rest_route=%2Fwp%2Fv2%2Fcomments&post=526"}],"wp:featuredmedia":[{"embeddable":true,"href":"https:\/\/techtronik.store\/index.php?rest_route=\/wp\/v2\/media\/529"}],"wp:attachment":[{"href":"https:\/\/techtronik.store\/index.php?rest_route=%2Fwp%2Fv2%2Fmedia&parent=526"}],"wp:term":[{"taxonomy":"product_cat","embeddable":true,"href":"https:\/\/techtronik.store\/index.php?rest_route=%2Fwp%2Fv2%2Fproduct_cat&post=526"},{"taxonomy":"product_tag","embeddable":true,"href":"https:\/\/techtronik.store\/index.php?rest_route=%2Fwp%2Fv2%2Fproduct_tag&post=526"}],"curies":[{"name":"wp","href":"https:\/\/api.w.org\/{rel}","templated":true}]}}