{"id":522,"date":"2022-04-11T04:29:26","date_gmt":"2022-04-11T04:29:26","guid":{"rendered":"http:\/\/techtronik.store\/?post_type=product&#038;p=522"},"modified":"2022-04-11T04:33:19","modified_gmt":"2022-04-11T04:33:19","slug":"modulo-mq2-gas","status":"publish","type":"product","link":"https:\/\/techtronik.store\/?product=modulo-mq2-gas","title":{"rendered":"Modulo MQ2 Gas"},"content":{"rendered":"<div align=\"justify\">\n<div align=\"justify\">\n<p>El sensor de gas M\u00f3dulo MQ2 es un sensor electro-qu\u00edmico que varia su resistencia al estar contacto con gases inflamables especialmente LP, propano, hidr\u00f3geno, metano e incluso humo en general, el m\u00f3dulo contiene un circuito electr\u00f3nico que funciona como interfaz permitiendo realizar la conexi\u00f3n con alguna tarjeta de desarrollo y cuenta con una salida anal\u00f3gica y otra digital.<\/p>\n<p>El m\u00f3dulo MQ2 es ideal para aplicaciones que buscan detectar o medir la concentraci\u00f3n de gases inflamables en el aire ya que puede detectar la presencia de gases en concentraciones desde 300 hasta 10000 ppm (partes por mill\u00f3n) tiene una salida anal\u00f3gica que permite medir el cambio progresivo en la concentraci\u00f3n de gases y una salida digital cuyo umbral de detecci\u00f3n puede ser ajustado. Es usado con frecuencia en equipos de detecci\u00f3n de gas para el hogar o la industria, como monitor de calidad de aire o como parte de un sistema de alarma de fuga de gas.<\/p>\n<hr \/>\n<h3><strong>ESPECIFICACI\u00d3N Y CARACTER\u00cdSTICAS<\/strong><\/h3>\n<ul>\n<li>Modelo: MQ2<\/li>\n<li>Detecci\u00f3n de: Gases combustibles y humo (GLP, Propano, Metano, Hidr\u00f3geno, Humo, Alcohol y Monoxido de carbono)<\/li>\n<li>Especialmente sensible a: GLP, Propano e Hidr\u00f3geno<\/li>\n<li>Voltaje de Operaci\u00f3n: 5V<\/li>\n<li>Corriente: &lt; 150mA<\/li>\n<li>Dispositivo base: Sensor MQ2<\/li>\n<li>Rango de detecci\u00f3n: 300 a 10000 ppm<\/li>\n<li>Gas caracter\u00edstico: 1000ppm, Isobutano<\/li>\n<li>Tiempo de Respuesta: \u2264 10s<\/li>\n<li>Tiempo de recuperaci\u00f3n: \u2264 30s<\/li>\n<li>Resistencia de censado: 1K\u03a9 50ppm Tolueno a 20K\u03a9 in<\/li>\n<li>Humedad: \u2264 95% RH<\/li>\n<li>Temperatura de trabajo: -20 \u2103 ~ +50 \u2103<\/li>\n<li>Respuesta r\u00e1pida y alta sensibilidad<\/li>\n<li>Contenido de oxigeno ambiental: 21%<\/li>\n<li>Dimensiones: 40mm x 20mm x 21.5mm<\/li>\n<li>Peso: 8 g<\/li>\n<\/ul>\n<\/div>\n<\/div>\n","protected":false},"excerpt":{"rendered":"<p>El sensor de gas M\u00f3dulo MQ2 es un sensor electro-qu\u00edmico que varia su resistencia al estar contacto con gases inflamables especialmente LP, propano, hidr\u00f3geno, metano e incluso humo en general, el m\u00f3dulo contiene un circuito electr\u00f3nico que funciona como interfaz permitiendo realizar la conexi\u00f3n con alguna tarjeta de desarrollo y&hellip; <\/p>\n","protected":false},"featured_media":525,"comment_status":"open","ping_status":"closed","template":"","meta":{"om_disable_all_campaigns":false,"_monsterinsights_skip_tracking":false,"_monsterinsights_sitenote_active":false,"_monsterinsights_sitenote_note":"","_monsterinsights_sitenote_category":0},"product_cat":[37,53],"product_tag":[],"class_list":{"0":"post-522","1":"product","2":"type-product","3":"status-publish","4":"has-post-thumbnail","6":"product_cat-modulos","7":"product_cat-sensores","9":"first","10":"instock","11":"taxable","12":"shipping-taxable","13":"purchasable","14":"product-type-simple"},"aioseo_notices":[],"_links":{"self":[{"href":"https:\/\/techtronik.store\/index.php?rest_route=\/wp\/v3\/product\/522","targetHints":{"allow":["GET"]}}],"collection":[{"href":"https:\/\/techtronik.store\/index.php?rest_route=\/wp\/v3\/product"}],"about":[{"href":"https:\/\/techtronik.store\/index.php?rest_route=\/wp\/v2\/types\/product"}],"replies":[{"embeddable":true,"href":"https:\/\/techtronik.store\/index.php?rest_route=%2Fwp%2Fv2%2Fcomments&post=522"}],"wp:featuredmedia":[{"embeddable":true,"href":"https:\/\/techtronik.store\/index.php?rest_route=\/wp\/v2\/media\/525"}],"wp:attachment":[{"href":"https:\/\/techtronik.store\/index.php?rest_route=%2Fwp%2Fv2%2Fmedia&parent=522"}],"wp:term":[{"taxonomy":"product_cat","embeddable":true,"href":"https:\/\/techtronik.store\/index.php?rest_route=%2Fwp%2Fv2%2Fproduct_cat&post=522"},{"taxonomy":"product_tag","embeddable":true,"href":"https:\/\/techtronik.store\/index.php?rest_route=%2Fwp%2Fv2%2Fproduct_tag&post=522"}],"curies":[{"name":"wp","href":"https:\/\/api.w.org\/{rel}","templated":true}]}}