{"id":512,"date":"2022-04-11T02:14:01","date_gmt":"2022-04-11T02:14:01","guid":{"rendered":"http:\/\/techtronik.store\/?post_type=product&#038;p=512"},"modified":"2023-01-23T15:59:02","modified_gmt":"2023-01-23T15:59:02","slug":"modulo-acelerometro-adxl345","status":"publish","type":"product","link":"https:\/\/techtronik.store\/?product=modulo-acelerometro-adxl345","title":{"rendered":"Modulo Acelerometro ADXL345"},"content":{"rendered":"<div align=\"justify\">\n<p>El Acelerometro ADXL345 GY-291 realiza detecci\u00f3n de movimiento en 3 ejes con una resoluci\u00f3n en medici\u00f3n (13 bits) de hasta \u00b1 16 g. Los datos de salida se componen de 16 bits\u00a0 \u00a0y se puede acceder a trav\u00e9s de la interfaz digital SPI (3 o 4 cables) o I2C.<\/p>\n<p>El Acelerometro ADXL345 GY-291 es ideal para:<\/p>\n<ul>\n<li>Aceleraci\u00f3n est\u00e1tica en las aplicaciones de detecci\u00f3n de inclinaci\u00f3n, su alta resoluci\u00f3n (3,9 mg \/ LSB) permite medir cambios de inclinaci\u00f3n inferiores a 1,0 \u00b0<\/li>\n<li>Aceleraci\u00f3n din\u00e1mica resultante del movimiento o el choque.<\/li>\n<\/ul>\n<p>Adicional es funcional para la detecci\u00f3n de actividad e inactividad detectando la presencia o la falta de movimiento al comparar la aceleraci\u00f3n en cualquier eje con los umbrales establecidos por el usuario. La detecci\u00f3n de toques detecta los toques simples y dobles en cualquier direcci\u00f3n. La detecci\u00f3n de ca\u00edda libre detecta si el dispositivo se est\u00e1 cayendo. Estas funciones se pueden asignar individualmente a cualquiera de los dos pines de salida de interrupci\u00f3n.<\/p>\n<\/div>\n<hr \/>\n<h3><strong>ESPECIFICACI\u00d3N Y CARACTER\u00cdSTICAS<\/strong><\/h3>\n<ul>\n<li>Voltaje de funcionamiento : 3 V a 5 V<\/li>\n<li>I\/O rango de voltaje: 1.7 V a 3.6V<\/li>\n<li>Chip Principal: ADXL345<\/li>\n<li>Grados de libertad (DoF): 3<\/li>\n<li>Rango de medici\u00f3n: \u00b1 2 g a \u00b1 16 g (\u00b1 2g \/ \u00b1 4g \/ \u00b1 8g \/ \u00b1 16g.)<\/li>\n<li>Rango de temperatura\u00a0(\u221240\u00b0C to +85\u00b0C)<\/li>\n<li>Dimensiones:\u00a0 3 mm \u00d7 5 mm \u00d7 1 mm<\/li>\n<li>Peso: 2 g<\/li>\n<li><strong>Detecci\u00f3n:<\/strong>\n<ul>\n<li>Ca\u00edda Libre<\/li>\n<li>Actividad\/Inactividad<\/li>\n<li>De un solo toque\/doble toque<\/li>\n<\/ul>\n<\/li>\n<li><strong>Corriente:<\/strong>\n<ul>\n<li>40 \u00b5A in modo medici\u00f3n<\/li>\n<li>0.1 \u00b5A in modo reposo<\/li>\n<\/ul>\n<\/li>\n<li><strong>Resoluci\u00f3n:<\/strong>\n<ul>\n<li>Default:\u00a0 10-bit.<\/li>\n<li>M\u00e1xima: 13-bit a \u00b116 (manteniendo 4 mg\/LSB como factor de escala en todos los rangos)<\/li>\n<\/ul>\n<\/li>\n<li><strong>Interfaz:<\/strong>\n<ul>\n<li>SPI (3 o 4 hilos) a 5 MHz<\/li>\n<li>I2C (2 hilos) a 100kHz-400kHz<\/li>\n<\/ul>\n<\/li>\n<\/ul>\n","protected":false},"excerpt":{"rendered":"<p>El Acelerometro ADXL345 GY-291 realiza detecci\u00f3n de movimiento en 3 ejes con una resoluci\u00f3n en medici\u00f3n (13 bits) de hasta \u00b1 16 g. Los datos de salida se componen de 16 bits\u00a0 \u00a0y se puede acceder a trav\u00e9s de la interfaz digital SPI (3 o 4 cables) o I2C. El&hellip; <\/p>\n","protected":false},"featured_media":517,"comment_status":"open","ping_status":"closed","template":"","meta":{"om_disable_all_campaigns":false,"_monsterinsights_skip_tracking":false,"_monsterinsights_sitenote_active":false,"_monsterinsights_sitenote_note":"","_monsterinsights_sitenote_category":0},"product_cat":[37,53],"product_tag":[],"class_list":{"0":"post-512","1":"product","2":"type-product","3":"status-publish","4":"has-post-thumbnail","6":"product_cat-modulos","7":"product_cat-sensores","9":"first","10":"instock","11":"taxable","12":"shipping-taxable","13":"purchasable","14":"product-type-simple"},"aioseo_notices":[],"_links":{"self":[{"href":"https:\/\/techtronik.store\/index.php?rest_route=\/wp\/v3\/product\/512","targetHints":{"allow":["GET"]}}],"collection":[{"href":"https:\/\/techtronik.store\/index.php?rest_route=\/wp\/v3\/product"}],"about":[{"href":"https:\/\/techtronik.store\/index.php?rest_route=\/wp\/v2\/types\/product"}],"replies":[{"embeddable":true,"href":"https:\/\/techtronik.store\/index.php?rest_route=%2Fwp%2Fv2%2Fcomments&post=512"}],"wp:featuredmedia":[{"embeddable":true,"href":"https:\/\/techtronik.store\/index.php?rest_route=\/wp\/v2\/media\/517"}],"wp:attachment":[{"href":"https:\/\/techtronik.store\/index.php?rest_route=%2Fwp%2Fv2%2Fmedia&parent=512"}],"wp:term":[{"taxonomy":"product_cat","embeddable":true,"href":"https:\/\/techtronik.store\/index.php?rest_route=%2Fwp%2Fv2%2Fproduct_cat&post=512"},{"taxonomy":"product_tag","embeddable":true,"href":"https:\/\/techtronik.store\/index.php?rest_route=%2Fwp%2Fv2%2Fproduct_tag&post=512"}],"curies":[{"name":"wp","href":"https:\/\/api.w.org\/{rel}","templated":true}]}}