{"id":509,"date":"2022-04-11T02:05:39","date_gmt":"2022-04-11T02:05:39","guid":{"rendered":"http:\/\/techtronik.store\/?post_type=product&#038;p=509"},"modified":"2022-07-21T16:20:50","modified_gmt":"2022-07-21T16:20:50","slug":"modulo-ds1307-rtc","status":"publish","type":"product","link":"https:\/\/techtronik.store\/?product=modulo-ds1307-rtc","title":{"rendered":"Modulo DS1307 RTC"},"content":{"rendered":"<p>Tiempo Real RTC DS1307 AT24C32 es un m\u00f3dulo que podr\u00e1s integrar a tus proyectos para que tengan la capacidad de almacenar y llevar la cuenta de fecha y hora, este modulo es compacto y de f\u00e1cil utilizaci\u00f3n ya que tiene una interfaz de comunicaci\u00f3n I2C para establecer comunicaci\u00f3n con tarjetas de desarrollo o microcontroladores.<\/p>\n<p>Este m\u00f3dulo incorpora una memoria EEPROM 24C32 que comparte la misma interfaz I2C, haciendo este m\u00f3dulo una plataforma ideal para almacenamiento de eventos horarios o para crear un datalogger de temperatura utilizando muy pocos pines de microcontrolador. Adem\u00e1s adicionalmente podr\u00e1s integrar un Sensor de temperatura Digital DS18B20 ya que en el PCB cuenta con pines reservados para soldar este sensor.<\/p>\n<p>Este tipo de m\u00f3dulos son ideales para proyectos donde se requiera obtener la hora y la fecha, de esta manera se puede trabajar con estos eventos para tener puntualidad y exactitud a lo largo del tiempo y as\u00ed tener control de temporizadores para el encendido y apagado de luces, sistemas de riego y otras aplicaciones. El m\u00f3dulo de Tiempo Real RTC DS1307 es una completa soluci\u00f3n para aprender sobre el circuito DS1307 y realizar proyectos que requieren de alguna forma de la fecha y hora actuales.<\/p>\n<hr \/>\n<h3><strong>ESPECIFICACIONES Y CARACTER\u00cdSTICAS\u00a0<\/strong><\/h3>\n<ul>\n<li>Modelo: Tiny RTC<\/li>\n<li>Color: Azul<\/li>\n<li>Dimensiones: 28x28x10mm<\/li>\n<li>Chip principal: DS1307 y EEPROM AT24C<\/li>\n<li>Voltaje de alimentaci\u00f3n m\u00ednimo: 3.3 V<\/li>\n<li>Voltaje de alimentaci\u00f3n m\u00e1ximo: 5 V<\/li>\n<li>Interfaz de comunicaci\u00f3n: I2C<\/li>\n<li>Funciones del RTC:\n<ul>\n<li>Hora: Segundos, minutos, horas<\/li>\n<li>Fecha: N\u00famero d\u00eda, d\u00eda de la semana, mes y a\u00f1o<\/li>\n<li>Compensaci\u00f3n de a\u00f1o bisiesto<\/li>\n<li>Pin de salida a 1 Hz para llevar el tiempo en otros componentes<\/li>\n<\/ul>\n<\/li>\n<li>Direcci\u00f3n I2C del DS1307: Read(11010001) Write(11010000)<\/li>\n<li>Memoria EEPROM AT24C32 (4K * 8bit = 32Kbit = 4KByte)<\/li>\n<\/ul>\n<p>Este m\u00f3dulo no incluye:<\/p>\n<ul>\n<li style=\"list-style-type: none;\">\n<ul>\n<li>Bater\u00eda compatible: Lithium 3V CR2032<\/li>\n<li>Headers macho de 2.54mm<\/li>\n<\/ul>\n<\/li>\n<\/ul>\n","protected":false},"excerpt":{"rendered":"<p>Tiempo Real RTC DS1307 AT24C32 es un m\u00f3dulo que podr\u00e1s integrar a tus proyectos para que tengan la capacidad de almacenar y llevar la cuenta de fecha y hora, este modulo es compacto y de f\u00e1cil utilizaci\u00f3n ya que tiene una interfaz de comunicaci\u00f3n I2C para establecer comunicaci\u00f3n con tarjetas&hellip; <\/p>\n","protected":false},"featured_media":511,"comment_status":"open","ping_status":"closed","template":"","meta":{"om_disable_all_campaigns":false,"_monsterinsights_skip_tracking":false,"_monsterinsights_sitenote_active":false,"_monsterinsights_sitenote_note":"","_monsterinsights_sitenote_category":0},"product_cat":[37],"product_tag":[],"class_list":{"0":"post-509","1":"product","2":"type-product","3":"status-publish","4":"has-post-thumbnail","6":"product_cat-modulos","8":"first","9":"instock","10":"taxable","11":"shipping-taxable","12":"purchasable","13":"product-type-simple"},"aioseo_notices":[],"_links":{"self":[{"href":"https:\/\/techtronik.store\/index.php?rest_route=\/wp\/v3\/product\/509","targetHints":{"allow":["GET"]}}],"collection":[{"href":"https:\/\/techtronik.store\/index.php?rest_route=\/wp\/v3\/product"}],"about":[{"href":"https:\/\/techtronik.store\/index.php?rest_route=\/wp\/v2\/types\/product"}],"replies":[{"embeddable":true,"href":"https:\/\/techtronik.store\/index.php?rest_route=%2Fwp%2Fv2%2Fcomments&post=509"}],"wp:featuredmedia":[{"embeddable":true,"href":"https:\/\/techtronik.store\/index.php?rest_route=\/wp\/v2\/media\/511"}],"wp:attachment":[{"href":"https:\/\/techtronik.store\/index.php?rest_route=%2Fwp%2Fv2%2Fmedia&parent=509"}],"wp:term":[{"taxonomy":"product_cat","embeddable":true,"href":"https:\/\/techtronik.store\/index.php?rest_route=%2Fwp%2Fv2%2Fproduct_cat&post=509"},{"taxonomy":"product_tag","embeddable":true,"href":"https:\/\/techtronik.store\/index.php?rest_route=%2Fwp%2Fv2%2Fproduct_tag&post=509"}],"curies":[{"name":"wp","href":"https:\/\/api.w.org\/{rel}","templated":true}]}}