{"id":505,"date":"2022-04-11T02:02:33","date_gmt":"2022-04-11T02:02:33","guid":{"rendered":"http:\/\/techtronik.store\/?post_type=product&#038;p=505"},"modified":"2023-10-24T21:12:31","modified_gmt":"2023-10-24T21:12:31","slug":"modulo-lector-micro-sd","status":"publish","type":"product","link":"https:\/\/techtronik.store\/?product=modulo-lector-micro-sd","title":{"rendered":"Modulo Lector Micro SD"},"content":{"rendered":"<p>Lector de Memorias Micro SD compatible con Arduino, es capaz de realizar la lectura de informaci\u00f3n contenida en una tarjeta micro SD a trav\u00e9s del chip LVC125A.<\/p>\n<hr \/>\n<h3><strong>ESPECIFICACI\u00d3N Y CARACTER\u00cdSTICAS\u00a0<\/strong><\/h3>\n<ul>\n<li>Voltaje de Trabajo: 3.3V \u00f3 5V<\/li>\n<\/ul>\n","protected":false},"excerpt":{"rendered":"<p>Lector de Memorias Micro SD compatible con Arduino, es capaz de realizar la lectura de informaci\u00f3n contenida en una tarjeta micro SD a trav\u00e9s del chip LVC125A. ESPECIFICACI\u00d3N Y CARACTER\u00cdSTICAS\u00a0 Voltaje de Trabajo: 3.3V \u00f3 5V<\/p>\n","protected":false},"featured_media":508,"comment_status":"open","ping_status":"closed","template":"","meta":{"om_disable_all_campaigns":false,"_monsterinsights_skip_tracking":false,"_monsterinsights_sitenote_active":false,"_monsterinsights_sitenote_note":"","_monsterinsights_sitenote_category":0},"product_cat":[37],"product_tag":[],"class_list":{"0":"post-505","1":"product","2":"type-product","3":"status-publish","4":"has-post-thumbnail","6":"product_cat-modulos","8":"first","9":"instock","10":"taxable","11":"shipping-taxable","12":"purchasable","13":"product-type-simple"},"aioseo_notices":[],"_links":{"self":[{"href":"https:\/\/techtronik.store\/index.php?rest_route=\/wp\/v3\/product\/505","targetHints":{"allow":["GET"]}}],"collection":[{"href":"https:\/\/techtronik.store\/index.php?rest_route=\/wp\/v3\/product"}],"about":[{"href":"https:\/\/techtronik.store\/index.php?rest_route=\/wp\/v2\/types\/product"}],"replies":[{"embeddable":true,"href":"https:\/\/techtronik.store\/index.php?rest_route=%2Fwp%2Fv2%2Fcomments&post=505"}],"wp:featuredmedia":[{"embeddable":true,"href":"https:\/\/techtronik.store\/index.php?rest_route=\/wp\/v2\/media\/508"}],"wp:attachment":[{"href":"https:\/\/techtronik.store\/index.php?rest_route=%2Fwp%2Fv2%2Fmedia&parent=505"}],"wp:term":[{"taxonomy":"product_cat","embeddable":true,"href":"https:\/\/techtronik.store\/index.php?rest_route=%2Fwp%2Fv2%2Fproduct_cat&post=505"},{"taxonomy":"product_tag","embeddable":true,"href":"https:\/\/techtronik.store\/index.php?rest_route=%2Fwp%2Fv2%2Fproduct_tag&post=505"}],"curies":[{"name":"wp","href":"https:\/\/api.w.org\/{rel}","templated":true}]}}