{"id":496,"date":"2022-04-11T00:53:15","date_gmt":"2022-04-11T00:53:15","guid":{"rendered":"http:\/\/techtronik.store\/?post_type=product&#038;p=496"},"modified":"2023-09-21T21:59:19","modified_gmt":"2023-09-21T21:59:19","slug":"modulo-pir-hc-sr501","status":"publish","type":"product","link":"https:\/\/techtronik.store\/?product=modulo-pir-hc-sr501","title":{"rendered":"Modulo PIR HC-SR501"},"content":{"rendered":"<div align=\"justify\">\n<div align=\"justify\">\n<div align=\"justify\">\n<p>Los sensores de movimiento PIR HC-SR501 y HC-SR505 permiten detectar la presencia por medio de radiaci\u00f3n infrarroja de personas, animales y\/u objetos. Los m\u00f3dulos PIR \u201c<strong>P<\/strong>yroelectric<strong>\u00a0I<\/strong>nfrared\u201d \u00f3 \u201c<strong>P<\/strong>assive\u00a0<strong>I<\/strong>nfrared\u201d) son de bajo costo, peque\u00f1os, e incorporan la tecnolog\u00eda m\u00e1s reciente en sensores de movimiento.<\/p>\n<p>El modulo HC-SR501 utiliza 2 potenci\u00f3metros y un jumper que permiten modificar sus par\u00e1metros y adaptarlo a las necesidades de la aplicaci\u00f3n: sensibilidad de detecci\u00f3n, tiempo de activaci\u00f3n, y respuesta ante detecciones repetitivas. Y el modulo HC-SR505 tiene un rango de detecci\u00f3n de 3 metros.<\/p>\n<p>Ambos compatibles para realizar proyectos en\u00a0 Arduino, NodeMCU, Raspberry Pi, ESP32 o ESP8266.<\/p>\n<\/div>\n<hr \/>\n<h3><strong>ESPECIFICACIONES Y CARACTER\u00cdSTICAS<\/strong><\/h3>\n<h4><strong>Sensor de Movimiento PIR HC-SR501<\/strong><\/h4>\n<table width=\"1152\">\n<tbody>\n<tr>\n<td width=\"283\">\n<ul>\n<li>Tipo: Sensor de movimiento<\/li>\n<li>Modelo: HC-SR501<\/li>\n<li>Voltaje de alimentaci\u00f3n: 4.5 V a 12 V DC<\/li>\n<li>Voltaje de salida (TTL): 3.3 V<\/li>\n<li>Distancia de detecci\u00f3n: 3 m a 7m<\/li>\n<li>Dimensiones: 32.7mm x 29mm<\/li>\n<li>Angulo de detecci\u00f3n: 90\u00b0 a 110\u00b0<\/li>\n<li>Intervalo de tiempo de alarma: 5 s a 5 m<\/li>\n<li>Ajustes de rango: De detecci\u00f3n y tiempo de alarma activa<\/li>\n<li>Consumo de corriente en reposo: &lt; 50 \u03bcA<\/li>\n<li>Temperatura de trabajo: -20\u00b0C a 70\u00b0C<\/li>\n<li>Peso: 7 g<\/li>\n<li>Pines:\n<ul>\n<li>VCC: 4.5 V a 20 V DC<\/li>\n<li>OUTPUT : 3.3 V TTL<\/li>\n<li>GND<\/li>\n<li>JUMPER SET:\n<ul>\n<li><strong>Disparos repetitivos(H)<\/strong>: en este modo, cada evento detectado genera un nuevo tiempo de activaci\u00f3n.<\/li>\n<li><strong>1 solo disparo(L)<\/strong>: en este modo, cuando ocurre una detecci\u00f3n de movimiento(un solo evento).<\/li>\n<\/ul>\n<\/li>\n<\/ul>\n<\/li>\n<\/ul>\n<\/td>\n<\/tr>\n<\/tbody>\n<\/table>\n<\/div>\n<\/div>\n","protected":false},"excerpt":{"rendered":"<p>Los sensores de movimiento PIR HC-SR501 y HC-SR505 permiten detectar la presencia por medio de radiaci\u00f3n infrarroja de personas, animales y\/u objetos. Los m\u00f3dulos PIR \u201cPyroelectric\u00a0Infrared\u201d \u00f3 \u201cPassive\u00a0Infrared\u201d) son de bajo costo, peque\u00f1os, e incorporan la tecnolog\u00eda m\u00e1s reciente en sensores de movimiento. El modulo HC-SR501 utiliza 2 potenci\u00f3metros y&hellip; <\/p>\n","protected":false},"featured_media":223,"comment_status":"open","ping_status":"closed","template":"","meta":{"om_disable_all_campaigns":false,"_monsterinsights_skip_tracking":false,"_monsterinsights_sitenote_active":false,"_monsterinsights_sitenote_note":"","_monsterinsights_sitenote_category":0},"product_cat":[37,53],"product_tag":[],"class_list":{"0":"post-496","1":"product","2":"type-product","3":"status-publish","4":"has-post-thumbnail","6":"product_cat-modulos","7":"product_cat-sensores","9":"first","10":"instock","11":"taxable","12":"shipping-taxable","13":"purchasable","14":"product-type-simple"},"aioseo_notices":[],"_links":{"self":[{"href":"https:\/\/techtronik.store\/index.php?rest_route=\/wp\/v3\/product\/496","targetHints":{"allow":["GET"]}}],"collection":[{"href":"https:\/\/techtronik.store\/index.php?rest_route=\/wp\/v3\/product"}],"about":[{"href":"https:\/\/techtronik.store\/index.php?rest_route=\/wp\/v2\/types\/product"}],"replies":[{"embeddable":true,"href":"https:\/\/techtronik.store\/index.php?rest_route=%2Fwp%2Fv2%2Fcomments&post=496"}],"wp:featuredmedia":[{"embeddable":true,"href":"https:\/\/techtronik.store\/index.php?rest_route=\/wp\/v2\/media\/223"}],"wp:attachment":[{"href":"https:\/\/techtronik.store\/index.php?rest_route=%2Fwp%2Fv2%2Fmedia&parent=496"}],"wp:term":[{"taxonomy":"product_cat","embeddable":true,"href":"https:\/\/techtronik.store\/index.php?rest_route=%2Fwp%2Fv2%2Fproduct_cat&post=496"},{"taxonomy":"product_tag","embeddable":true,"href":"https:\/\/techtronik.store\/index.php?rest_route=%2Fwp%2Fv2%2Fproduct_tag&post=496"}],"curies":[{"name":"wp","href":"https:\/\/api.w.org\/{rel}","templated":true}]}}