{"id":491,"date":"2022-04-11T00:38:17","date_gmt":"2022-04-11T00:38:17","guid":{"rendered":"http:\/\/techtronik.store\/?post_type=product&#038;p=491"},"modified":"2022-04-11T00:43:25","modified_gmt":"2022-04-11T00:43:25","slug":"modulo-max232-rs232-db9","status":"publish","type":"product","link":"https:\/\/techtronik.store\/?product=modulo-max232-rs232-db9","title":{"rendered":"Modulo MAX232 RS232 DB9"},"content":{"rendered":"<div align=\"justify\">\n<p>Este dispositivo nos ayuda a establecer una comunicaci\u00f3n entre un microcontrolador y una computadora por medio de un puerto serial conocido como DB9.<\/p>\n<p>Con este m\u00f3dulo se pueden elaborar proyectos que necesitan la comunicaci\u00f3n con una computadora, como una etapa de interfaz entre dos dispositivos o bien, modelando la capa 1 del modelo OSI para su total comprensi\u00f3n.<\/p>\n<hr \/>\n<p><strong>ESPECIFIACIONES T\u00c9CNICAS<\/strong><\/p>\n<ul>\n<li>Chip: MAX3232 Maxim<\/li>\n<li>Voltaje de Operaci\u00f3n: 3V \u2013 5.5V DC<\/li>\n<li>Voltaje de salida: 5 V a 12 V<\/li>\n<li>Comunicaci\u00f3n: Serial<\/li>\n<li>Velocidad de Transmisi\u00f3n: 120 Kbps (m\u00e1x)<\/li>\n<li>Pines(TTL): TX, RX, VCC, GND<\/li>\n<li>Dimensiones: 40 x 33 mm<\/li>\n<\/ul>\n<\/div>\n","protected":false},"excerpt":{"rendered":"<p>Este dispositivo nos ayuda a establecer una comunicaci\u00f3n entre un microcontrolador y una computadora por medio de un puerto serial conocido como DB9. Con este m\u00f3dulo se pueden elaborar proyectos que necesitan la comunicaci\u00f3n con una computadora, como una etapa de interfaz entre dos dispositivos o bien, modelando la capa&hellip; <\/p>\n","protected":false},"featured_media":494,"comment_status":"open","ping_status":"closed","template":"","meta":{"om_disable_all_campaigns":false,"_monsterinsights_skip_tracking":false,"_monsterinsights_sitenote_active":false,"_monsterinsights_sitenote_note":"","_monsterinsights_sitenote_category":0},"product_cat":[37],"product_tag":[],"class_list":{"0":"post-491","1":"product","2":"type-product","3":"status-publish","4":"has-post-thumbnail","6":"product_cat-modulos","8":"first","9":"instock","10":"taxable","11":"shipping-taxable","12":"purchasable","13":"product-type-simple"},"aioseo_notices":[],"_links":{"self":[{"href":"https:\/\/techtronik.store\/index.php?rest_route=\/wp\/v3\/product\/491","targetHints":{"allow":["GET"]}}],"collection":[{"href":"https:\/\/techtronik.store\/index.php?rest_route=\/wp\/v3\/product"}],"about":[{"href":"https:\/\/techtronik.store\/index.php?rest_route=\/wp\/v2\/types\/product"}],"replies":[{"embeddable":true,"href":"https:\/\/techtronik.store\/index.php?rest_route=%2Fwp%2Fv2%2Fcomments&post=491"}],"wp:featuredmedia":[{"embeddable":true,"href":"https:\/\/techtronik.store\/index.php?rest_route=\/wp\/v2\/media\/494"}],"wp:attachment":[{"href":"https:\/\/techtronik.store\/index.php?rest_route=%2Fwp%2Fv2%2Fmedia&parent=491"}],"wp:term":[{"taxonomy":"product_cat","embeddable":true,"href":"https:\/\/techtronik.store\/index.php?rest_route=%2Fwp%2Fv2%2Fproduct_cat&post=491"},{"taxonomy":"product_tag","embeddable":true,"href":"https:\/\/techtronik.store\/index.php?rest_route=%2Fwp%2Fv2%2Fproduct_tag&post=491"}],"curies":[{"name":"wp","href":"https:\/\/api.w.org\/{rel}","templated":true}]}}