{"id":488,"date":"2022-04-11T00:27:32","date_gmt":"2022-04-11T00:27:32","guid":{"rendered":"http:\/\/techtronik.store\/?post_type=product&#038;p=488"},"modified":"2023-10-11T15:16:10","modified_gmt":"2023-10-11T15:16:10","slug":"modulo-i2c-lcd-16x2","status":"publish","type":"product","link":"https:\/\/techtronik.store\/?product=modulo-i2c-lcd-16x2","title":{"rendered":"Modulo I2C LCD 16&#215;2 20&#215;4"},"content":{"rendered":"<div align=\"justify\">\n<p>El circuito integrado PCF8574 I2C LCD integrado en PCB perite la comunicaci\u00f3n entre un microcontrolador o tarjeta de desarrollo y un display\u00a0<a href=\"http:\/\/techtronik.store\/?product=lcd-16x2\" target=\"_blank\" rel=\"noopener\"><strong>LCD1602<\/strong><\/a>\u00a0o\u00a0<strong><a href=\"http:\/\/techtronik.store\/?product=lcd-20x4\" target=\"_blank\" rel=\"noopener\">LCD2004<\/a><\/strong>. ; usando la interfaz I2C facilitando la conexi\u00f3n y administraci\u00f3n de los puertos. Para el manejo del contraste del display se puede ajustar con el potenciometro incluido en el m\u00f3dulo y aplicando el Jumper de puente (ya incluido por default en el m\u00f3dulo).<\/p>\n<p>\u00datil tambi\u00e9n si ya dispone de dispositivos I2C en su proyecto, este m\u00f3dulo se conecta en el mismo bus y no utiliza m\u00e1s pines. Puede cambiar la direcci\u00f3n I2C soldando uno puentes que trae el m\u00f3dulo.<\/p>\n<hr \/>\n<h3><strong>ESPECIFICACI\u00d3N Y CARACTER\u00cdSTICAS<\/strong><\/h3>\n<ul>\n<li>Voltaje de Alimentaci\u00f3n: 5V DC<\/li>\n<li>Controlador:\u00a0PCF8574<\/li>\n<li>Direcci\u00f3n I2C: 0x3F (por default)<\/li>\n<li>Selecci\u00f3n de Direcci\u00f3n I2C: Rango de 0x20 a 0x27<\/li>\n<li>Interfaz: I2C a 4 bits por lineal<\/li>\n<li>Compatibilidad: LCD 2\u00d716 y 4\u00d720<\/li>\n<li>Jumper para Luz de fondo<\/li>\n<li>Potenci\u00f3metro para ajuste de contraste<\/li>\n<li>Dimensiones: 80mm x 36mm<\/li>\n<\/ul>\n<\/div>\n","protected":false},"excerpt":{"rendered":"<p>El circuito integrado PCF8574 I2C LCD integrado en PCB perite la comunicaci\u00f3n entre un microcontrolador o tarjeta de desarrollo y un display\u00a0LCD1602\u00a0o\u00a0LCD2004. ; usando la interfaz I2C facilitando la conexi\u00f3n y administraci\u00f3n de los puertos. Para el manejo del contraste del display se puede ajustar con el potenciometro incluido en&hellip; <\/p>\n","protected":false},"featured_media":161,"comment_status":"open","ping_status":"closed","template":"","meta":{"om_disable_all_campaigns":false,"_monsterinsights_skip_tracking":false,"_monsterinsights_sitenote_active":false,"_monsterinsights_sitenote_note":"","_monsterinsights_sitenote_category":0},"product_cat":[37,23],"product_tag":[],"class_list":{"0":"post-488","1":"product","2":"type-product","3":"status-publish","4":"has-post-thumbnail","6":"product_cat-modulos","7":"product_cat-displays","9":"first","10":"instock","11":"taxable","12":"shipping-taxable","13":"purchasable","14":"product-type-simple"},"aioseo_notices":[],"_links":{"self":[{"href":"https:\/\/techtronik.store\/index.php?rest_route=\/wp\/v3\/product\/488","targetHints":{"allow":["GET"]}}],"collection":[{"href":"https:\/\/techtronik.store\/index.php?rest_route=\/wp\/v3\/product"}],"about":[{"href":"https:\/\/techtronik.store\/index.php?rest_route=\/wp\/v2\/types\/product"}],"replies":[{"embeddable":true,"href":"https:\/\/techtronik.store\/index.php?rest_route=%2Fwp%2Fv2%2Fcomments&post=488"}],"wp:featuredmedia":[{"embeddable":true,"href":"https:\/\/techtronik.store\/index.php?rest_route=\/wp\/v2\/media\/161"}],"wp:attachment":[{"href":"https:\/\/techtronik.store\/index.php?rest_route=%2Fwp%2Fv2%2Fmedia&parent=488"}],"wp:term":[{"taxonomy":"product_cat","embeddable":true,"href":"https:\/\/techtronik.store\/index.php?rest_route=%2Fwp%2Fv2%2Fproduct_cat&post=488"},{"taxonomy":"product_tag","embeddable":true,"href":"https:\/\/techtronik.store\/index.php?rest_route=%2Fwp%2Fv2%2Fproduct_tag&post=488"}],"curies":[{"name":"wp","href":"https:\/\/api.w.org\/{rel}","templated":true}]}}