{"id":486,"date":"2022-04-11T00:18:57","date_gmt":"2022-04-11T00:18:57","guid":{"rendered":"http:\/\/techtronik.store\/?post_type=product&#038;p=486"},"modified":"2022-04-11T00:25:28","modified_gmt":"2022-04-11T00:25:28","slug":"spp-c-a4-bluetooth-reemplazo-hc-06","status":"publish","type":"product","link":"https:\/\/techtronik.store\/?product=spp-c-a4-bluetooth-reemplazo-hc-06","title":{"rendered":"SPP-C A4 Bluetooth (Reemplazo HC-06)"},"content":{"rendered":"<div align=\"justify\">\n<p>Bluetooth SPP-C remplazo de HC-06, funciona igual que el HC-06.<\/p>\n<p>El chip BK3231 es altamente integrado de un solo Bluetooth3.0<\/p>\n<p>Es compatible con el modo esclavo HC-05\/06, compatible con el protocolo Bluetooth SPP, velocidad de transmisi\u00f3n de hasta docenas de K por segundo, puede reemplazar el m\u00f3dulo de comunicaci\u00f3n serie Bluetooth 3 y 2 en el mercado.<\/p>\n<p>El m\u00f3dulo es compatible con la interfaz UART y es compatible con el protocolo de puerto serie SPP Bluetooth, bajo costo, tama\u00f1o peque\u00f1o, bajo consumo de energ\u00eda, ventajas de env\u00edo y recepci\u00f3n de sensibilidad, con solo unos pocos componentes externos podr\u00e1n lograr sus potentes funciones.<\/p>\n<p>El m\u00f3dulo SPP-C reemplaza y es compatible con los m\u00f3dulos HC-05 y HC-06 de comunicaci\u00f3n en serie inal\u00e1mbrica. M\u00f3dulo Bluetooth para Arduino, admite el protocolo SPP de Bluetooth, la transmisi\u00f3n aumenta hasta docenas de Kbits por segundo.<\/p>\n<p>Se utiliza para la comunicaci\u00f3n inal\u00e1mbrica de corto alcance. Evite las conexiones de cables engorrosas. Adquisici\u00f3n de datos inal\u00e1mbricos. Sistema automatizado de adquisici\u00f3n de datos.<\/p>\n<p>Puede ser f\u00e1cilmente y el dispositivo Bluetooth de la PC est\u00e1 conectado, tambi\u00e9n puede intercambiar datos entre los dos m\u00f3dulos.<\/p>\n<p><strong>CARACTERISTICAS:<\/strong><\/p>\n<ul>\n<li>Bluetooth V3.0 + EDR<\/li>\n<li>Bluetooth clase 2<\/li>\n<li>Antena de radiofrecuencia PCB incorporada<\/li>\n<li>Interfaz de soporte UART<\/li>\n<li>Fuente de alimentaci\u00f3n 3.3V<\/li>\n<li>Banda de frecuencia de operaci\u00f3n: 2.4GHz -2.48GHz banda ISM sin licencia<\/li>\n<li>Especificaci\u00f3n de Bluetooth: V2.1 + EDR<\/li>\n<li>Interfaz de host: UART<\/li>\n<\/ul>\n<p><strong>ESPECIFICACIONES TECNICAS:<\/strong><\/p>\n<ul>\n<li>Voltaje de trabajo: 3.6-6V<\/li>\n<li>Modo de activo: 19mA<\/li>\n<li>Modo de suspensi\u00f3n: 40uA<\/li>\n<li>Bluetooth V3.0 + EDR<\/li>\n<li>Bluetooth clase 2<\/li>\n<li>Antena de radiofrecuencia PCB incorporada<\/li>\n<li>Interfaz de soporte UART<\/li>\n<li>Fuente de alimentaci\u00f3n 3.3V<\/li>\n<li>Banda de frecuencia de operaci\u00f3n: 2.4GHz -2.48GHz banda ISM sin licencia<\/li>\n<li>Longitud 42mm<\/li>\n<li>Temperatura de trabajo: -40 ~ 85 grados Celsius<\/li>\n<li>Referencia de producto: SPP-C BLUETOOTH V3.0 + EDR<\/li>\n<\/ul>\n<\/div>\n","protected":false},"excerpt":{"rendered":"<p>Bluetooth SPP-C remplazo de HC-06, funciona igual que el HC-06. El chip BK3231 es altamente integrado de un solo Bluetooth3.0 Es compatible con el modo esclavo HC-05\/06, compatible con el protocolo Bluetooth SPP, velocidad de transmisi\u00f3n de hasta docenas de K por segundo, puede reemplazar el m\u00f3dulo de comunicaci\u00f3n serie&hellip; <\/p>\n","protected":false},"featured_media":131,"comment_status":"open","ping_status":"closed","template":"","meta":{"om_disable_all_campaigns":false,"_monsterinsights_skip_tracking":false,"_monsterinsights_sitenote_active":false,"_monsterinsights_sitenote_note":"","_monsterinsights_sitenote_category":0},"product_cat":[37,73],"product_tag":[],"class_list":{"0":"post-486","1":"product","2":"type-product","3":"status-publish","4":"has-post-thumbnail","6":"product_cat-modulos","7":"product_cat-wireless","9":"first","10":"instock","11":"taxable","12":"shipping-taxable","13":"purchasable","14":"product-type-simple"},"aioseo_notices":[],"_links":{"self":[{"href":"https:\/\/techtronik.store\/index.php?rest_route=\/wp\/v3\/product\/486","targetHints":{"allow":["GET"]}}],"collection":[{"href":"https:\/\/techtronik.store\/index.php?rest_route=\/wp\/v3\/product"}],"about":[{"href":"https:\/\/techtronik.store\/index.php?rest_route=\/wp\/v2\/types\/product"}],"replies":[{"embeddable":true,"href":"https:\/\/techtronik.store\/index.php?rest_route=%2Fwp%2Fv2%2Fcomments&post=486"}],"wp:featuredmedia":[{"embeddable":true,"href":"https:\/\/techtronik.store\/index.php?rest_route=\/wp\/v2\/media\/131"}],"wp:attachment":[{"href":"https:\/\/techtronik.store\/index.php?rest_route=%2Fwp%2Fv2%2Fmedia&parent=486"}],"wp:term":[{"taxonomy":"product_cat","embeddable":true,"href":"https:\/\/techtronik.store\/index.php?rest_route=%2Fwp%2Fv2%2Fproduct_cat&post=486"},{"taxonomy":"product_tag","embeddable":true,"href":"https:\/\/techtronik.store\/index.php?rest_route=%2Fwp%2Fv2%2Fproduct_tag&post=486"}],"curies":[{"name":"wp","href":"https:\/\/api.w.org\/{rel}","templated":true}]}}