{"id":484,"date":"2022-04-11T00:17:38","date_gmt":"2022-04-11T00:17:38","guid":{"rendered":"http:\/\/techtronik.store\/?post_type=product&#038;p=484"},"modified":"2022-12-23T07:54:31","modified_gmt":"2022-12-23T07:54:31","slug":"hm-10-bluetooth","status":"publish","type":"product","link":"https:\/\/techtronik.store\/?product=hm-10-bluetooth","title":{"rendered":"HM-10 Bluetooth"},"content":{"rendered":"<div align=\"justify\">\n<p>Modulo Bluetooth HM-10 con soporte Apple iBeacon. Es un m\u00f3dulo sencillo e \u00a0ideal para peque\u00f1os proyectos en los que buscas una comunicaci\u00f3n f\u00e1cil entre tu celular, tablet y Arduino u otros microcontroladores.<\/p>\n<p>El m\u00f3dulo Bluetooth HM10 nos permite conectar nuestros proyectos con Arduino a un smartphone, celular o PC de forma inal\u00e1mbrica, con la facilidad de operaci\u00f3n de un puerto serial. Cumple con el est\u00e1ndar Bluetooth Low Energy basado en los chips de Texas Instruments CC2540 o CC2541.<\/p>\n<p>El Bluetooth HM10 puede usarse para reemplazar los m\u00f3dulos bluetooth HC-05 y HC-06 y hacer uso del protocolo bluetooth m\u00e1s reciente conocido como Bluetooth 4.0 o BLE.<\/p>\n<p>Permite la conexi\u00f3n con dispositivos de forma remota a trav\u00e9s de Bluetooth, la comunicaci\u00f3n es serial (UART) a trav\u00e9s de los pines RX y TX, de forma transparente, por lo que no necesitas modificar el programa de tu microcontrolador o Arduino si est\u00e1n trabajando con comunicaci\u00f3n serial.<\/p>\n<h4><strong>\u00bfQu\u00e9 dispositivos son compatibles?<\/strong><\/h4>\n<p>El Bluetooth HM10 para Arduino es ideal para comunicarse con dispositivos de Apple como el iPhone y iPad, as\u00ed como dispositivos Android de \u00faltima generaci\u00f3n, como celulares, laptops y Tablet, etc.<\/p>\n<\/div>\n<hr \/>\n<h3><strong>ESPECIFICACIONES Y\u00a0<\/strong><b>CARACTER\u00cdSTICAS<\/b><\/h3>\n<ul>\n<li>Modelo: HM10<\/li>\n<li>Voltaje de Operaci\u00f3n: 3.3 \u2013 5 V<\/li>\n<li>Corriente de Operaci\u00f3n: 8.5 mA<\/li>\n<li>Consumo en modo SLEEP: 60uA \u2013 1.5mA<\/li>\n<li>Configuraci\u00f3n: Comandos AT<\/li>\n<li>Chip: CC2541<\/li>\n<li>Versi\u00f3n o firmware: MLT-BT05-V4.1<\/li>\n<li>Baudrate (por defecto): 9600<\/li>\n<li>Consumo de energ\u00eda en espera Ultra-bajo 90uA ~ 400uA<\/li>\n<li>Cobertura (Max): 100 metros<\/li>\n<li>Potencia RF:\u00a0-23dbm, -6dBm, 0dBm, 6dBm (modificable a trav\u00e9s de Comandos AT)<\/li>\n<li>Antena: Integrada en PCB<\/li>\n<li>Seguridad: Autenticaci\u00f3n y encriptaci\u00f3n<\/li>\n<li>Enviar y recibir sin l\u00edmite de bytes.<\/li>\n<li>Frecuencia: Banda ISM de 2,4 GHz<\/li>\n<li>Modulaci\u00f3n: GFSK (Gaussian Frequency Shift Keying)<\/li>\n<li>Dimensiones: 40 x 18 mm<\/li>\n<li>Peso neto: 4g<\/li>\n<\/ul>\n","protected":false},"excerpt":{"rendered":"<p>Modulo Bluetooth HM-10 con soporte Apple iBeacon. Es un m\u00f3dulo sencillo e \u00a0ideal para peque\u00f1os proyectos en los que buscas una comunicaci\u00f3n f\u00e1cil entre tu celular, tablet y Arduino u otros microcontroladores. El m\u00f3dulo Bluetooth HM10 nos permite conectar nuestros proyectos con Arduino a un smartphone, celular o PC de&hellip; <\/p>\n","protected":false},"featured_media":137,"comment_status":"open","ping_status":"closed","template":"","meta":{"om_disable_all_campaigns":false,"_monsterinsights_skip_tracking":false,"_monsterinsights_sitenote_active":false,"_monsterinsights_sitenote_note":"","_monsterinsights_sitenote_category":0},"product_cat":[37,73],"product_tag":[],"class_list":{"0":"post-484","1":"product","2":"type-product","3":"status-publish","4":"has-post-thumbnail","6":"product_cat-modulos","7":"product_cat-wireless","9":"first","10":"instock","11":"taxable","12":"shipping-taxable","13":"purchasable","14":"product-type-simple"},"aioseo_notices":[],"_links":{"self":[{"href":"https:\/\/techtronik.store\/index.php?rest_route=\/wp\/v3\/product\/484","targetHints":{"allow":["GET"]}}],"collection":[{"href":"https:\/\/techtronik.store\/index.php?rest_route=\/wp\/v3\/product"}],"about":[{"href":"https:\/\/techtronik.store\/index.php?rest_route=\/wp\/v2\/types\/product"}],"replies":[{"embeddable":true,"href":"https:\/\/techtronik.store\/index.php?rest_route=%2Fwp%2Fv2%2Fcomments&post=484"}],"wp:featuredmedia":[{"embeddable":true,"href":"https:\/\/techtronik.store\/index.php?rest_route=\/wp\/v2\/media\/137"}],"wp:attachment":[{"href":"https:\/\/techtronik.store\/index.php?rest_route=%2Fwp%2Fv2%2Fmedia&parent=484"}],"wp:term":[{"taxonomy":"product_cat","embeddable":true,"href":"https:\/\/techtronik.store\/index.php?rest_route=%2Fwp%2Fv2%2Fproduct_cat&post=484"},{"taxonomy":"product_tag","embeddable":true,"href":"https:\/\/techtronik.store\/index.php?rest_route=%2Fwp%2Fv2%2Fproduct_tag&post=484"}],"curies":[{"name":"wp","href":"https:\/\/api.w.org\/{rel}","templated":true}]}}