{"id":480,"date":"2022-04-11T00:07:20","date_gmt":"2022-04-11T00:07:20","guid":{"rendered":"http:\/\/techtronik.store\/?post_type=product&#038;p=480"},"modified":"2022-11-24T18:37:08","modified_gmt":"2022-11-24T18:37:08","slug":"hc-06-bluetooth","status":"publish","type":"product","link":"https:\/\/techtronik.store\/?product=hc-06-bluetooth","title":{"rendered":"HC-06 Bluetooth"},"content":{"rendered":"<div align=\"justify\">\n<div align=\"justify\">\n<p>M\u00f3dulo Bluetooth HC-06 es un dispositivo que soporta conexiones inal\u00e1mbricas a trav\u00e9s del protocolo \u201cbluetooth\u201d. Los m\u00f3dulos Bluetooth se pueden comportar como esclavo o maestro, los cuales sirven para escuchar peticiones de conexi\u00f3n y otros para generar peticiones de conexi\u00f3n. Si alg\u00fan dispositivo se conecta, el modulo transmite a este todos los datos que recibe desde nuestro microcontrolador y viceversa.<\/p>\n<p>El m\u00f3dulo HC-06 cumple con las especificaciones del est\u00e1ndar Bluetooth 2.0 a 2.4 GHz que es perfectamente compatible con celulares o smartphones Android, m\u00e1s no con los Iphone. Ademas es compatible con Arduino y PIC.<\/p>\n<\/div>\n<hr \/>\n<h3><strong>ESPECIFICACIONES Y CARACTERISTICAS\u00a0<\/strong><\/h3>\n<ul>\n<li>Especificaci\u00f3n bluetooth v2.0 + EDR (Enhanced Data Rate)<\/li>\n<li>Voltaje de operaci\u00f3n: 3.3 V a 5 V<\/li>\n<li>Consumo de corriente: 30 mA a 40 mA<\/li>\n<li>Configuraci\u00f3n: Comandos AT<\/li>\n<li>Chip de radio: CSR BC417143<\/li>\n<li>Baudios por defecto: 9600, 8, 1, n.<\/li>\n<li>Versi\u00f3n o firmware: 3.0-20170609<\/li>\n<li>Modo: Esclavo<\/li>\n<li>Frecuencia: 2.4 GHz, banda ISM<\/li>\n<li>Potencia de emisi\u00f3n: 4 dBm, clase 2<\/li>\n<li>Modulaci\u00f3n: GFSK<\/li>\n<li>Antena: Incorporada en PCB<\/li>\n<li>Alcance: 5 m a 10 m<\/li>\n<li>Sensibilidad: \u2264 -81 dBm a 0.1% BER<\/li>\n<li>Velocidad: Asincr\u00f3nica: 2 Mbps (max.)\/160 kbps,<\/li>\n<li>Velocidad sincr\u00f3nica: 1 Mbps\/1 Mbps<\/li>\n<li>Seguridad: Autenticaci\u00f3n y encriptaci\u00f3n (Password por defecto: 1234)<\/li>\n<li>Perfiles: Puerto serial Bluetooth<\/li>\n<li>Dimensiones: 1.52 cm x 3.57 cm<\/li>\n<li>Temperatura de operaci\u00f3n (Max): 75 \u00baC<\/li>\n<li>Temperatura de operaci\u00f3n (Min): -25 \u00baC<\/li>\n<li>Peso: 4 g<\/li>\n<\/ul>\n<\/div>\n","protected":false},"excerpt":{"rendered":"<p>M\u00f3dulo Bluetooth HC-06 es un dispositivo que soporta conexiones inal\u00e1mbricas a trav\u00e9s del protocolo \u201cbluetooth\u201d. Los m\u00f3dulos Bluetooth se pueden comportar como esclavo o maestro, los cuales sirven para escuchar peticiones de conexi\u00f3n y otros para generar peticiones de conexi\u00f3n. Si alg\u00fan dispositivo se conecta, el modulo transmite a este&hellip; <\/p>\n","protected":false},"featured_media":128,"comment_status":"open","ping_status":"closed","template":"","meta":{"om_disable_all_campaigns":false,"_monsterinsights_skip_tracking":false,"_monsterinsights_sitenote_active":false,"_monsterinsights_sitenote_note":"","_monsterinsights_sitenote_category":0},"product_cat":[37,73],"product_tag":[],"class_list":{"0":"post-480","1":"product","2":"type-product","3":"status-publish","4":"has-post-thumbnail","6":"product_cat-modulos","7":"product_cat-wireless","9":"first","10":"instock","11":"taxable","12":"shipping-taxable","13":"purchasable","14":"product-type-simple"},"aioseo_notices":[],"_links":{"self":[{"href":"https:\/\/techtronik.store\/index.php?rest_route=\/wp\/v3\/product\/480","targetHints":{"allow":["GET"]}}],"collection":[{"href":"https:\/\/techtronik.store\/index.php?rest_route=\/wp\/v3\/product"}],"about":[{"href":"https:\/\/techtronik.store\/index.php?rest_route=\/wp\/v2\/types\/product"}],"replies":[{"embeddable":true,"href":"https:\/\/techtronik.store\/index.php?rest_route=%2Fwp%2Fv2%2Fcomments&post=480"}],"wp:featuredmedia":[{"embeddable":true,"href":"https:\/\/techtronik.store\/index.php?rest_route=\/wp\/v2\/media\/128"}],"wp:attachment":[{"href":"https:\/\/techtronik.store\/index.php?rest_route=%2Fwp%2Fv2%2Fmedia&parent=480"}],"wp:term":[{"taxonomy":"product_cat","embeddable":true,"href":"https:\/\/techtronik.store\/index.php?rest_route=%2Fwp%2Fv2%2Fproduct_cat&post=480"},{"taxonomy":"product_tag","embeddable":true,"href":"https:\/\/techtronik.store\/index.php?rest_route=%2Fwp%2Fv2%2Fproduct_tag&post=480"}],"curies":[{"name":"wp","href":"https:\/\/api.w.org\/{rel}","templated":true}]}}