{"id":475,"date":"2022-04-11T00:01:38","date_gmt":"2022-04-11T00:01:38","guid":{"rendered":"http:\/\/techtronik.store\/?post_type=product&#038;p=475"},"modified":"2022-10-18T03:50:38","modified_gmt":"2022-10-18T03:50:38","slug":"hc-05-bluetooth","status":"publish","type":"product","link":"https:\/\/techtronik.store\/?product=hc-05-bluetooth","title":{"rendered":"HC-05 Bluetooth"},"content":{"rendered":"<div align=\"justify\">\n<p>El m\u00f3dulo Bluetooth HC-05 Arduino consta de 6 pines, puede actuar como maestro o como esclavo y acepta un mayor n\u00famero de \u00f3rdenes de configuraci\u00f3n. Esta configurado de f\u00e1brica para trabajar como\u00a0<strong>Esclavo,<\/strong>\u00a0es decir, preparado para recibir peticiones de conexi\u00f3n, pero podemos configurarlo para trabajar con\u00a0<strong>Maestro<\/strong>\u00a0utilizando comandos AT, en este estado puede conectarse con otros m\u00f3dulos Bluetooth.<\/p>\n<\/div>\n<hr \/>\n<h3><strong>ESPECIFICACIONES Y CARACTER\u00cdSTICAS<\/strong><\/h3>\n<ul>\n<li>Modelo: HC-05<\/li>\n<li>Voltaje de Operaci\u00f3n: 3.6 VDC a 6 VDC<\/li>\n<li>Consumo Corriente: 30 mA a 50mA<\/li>\n<li>Configuraci\u00f3n: Comandos AT<\/li>\n<li>Protocolo Bluetooth: Bluetooth Especificaci\u00f3n v2.0+EDR<\/li>\n<li>Chip: BC417143<\/li>\n<li>Versi\u00f3n o firmware: 3.0-20170609<\/li>\n<li>Baudios por defecto: 38400<\/li>\n<li>Baudios soportados: 1200, 2400, 4800, 9600, 19200, 38400, 57600, 115200.<\/li>\n<li>Interface: Serial TTL<\/li>\n<li>Frecuencia de banda: ISM 2.4GHz<\/li>\n<li>Modulaci\u00f3n: GFSK<\/li>\n<li>Potencia de transmisi\u00f3n: 4dBm, Clase 2<\/li>\n<li>Sensibilidad: -84dBm a 0.1% BER<\/li>\n<li>Velocidad as\u00edncrona: 2.1Mbps (Max) \/160 kbps<\/li>\n<li>Velocidad s\u00edncrona: 1Mbps\/1Mbps<\/li>\n<li>Seguridad: Autenticaci\u00f3n y encriptaci\u00f3n (Contrase\u00f1a por defecto: 0000 o 1234)<\/li>\n<li>Temperatura de trabajo (Max): -20\u00b0C a 75\u00b0C<\/li>\n<li>Dimensiones: 4.4 x 1.6 x 0.7 cm<\/li>\n<\/ul>\n","protected":false},"excerpt":{"rendered":"<p>El m\u00f3dulo Bluetooth HC-05 Arduino consta de 6 pines, puede actuar como maestro o como esclavo y acepta un mayor n\u00famero de \u00f3rdenes de configuraci\u00f3n. Esta configurado de f\u00e1brica para trabajar como\u00a0Esclavo,\u00a0es decir, preparado para recibir peticiones de conexi\u00f3n, pero podemos configurarlo para trabajar con\u00a0Maestro\u00a0utilizando comandos AT, en este estado&hellip; <\/p>\n","protected":false},"featured_media":125,"comment_status":"open","ping_status":"closed","template":"","meta":{"om_disable_all_campaigns":false,"_monsterinsights_skip_tracking":false,"_monsterinsights_sitenote_active":false,"_monsterinsights_sitenote_note":"","_monsterinsights_sitenote_category":0},"product_cat":[37,73],"product_tag":[],"class_list":{"0":"post-475","1":"product","2":"type-product","3":"status-publish","4":"has-post-thumbnail","6":"product_cat-modulos","7":"product_cat-wireless","9":"first","10":"instock","11":"taxable","12":"shipping-taxable","13":"purchasable","14":"product-type-simple"},"aioseo_notices":[],"_links":{"self":[{"href":"https:\/\/techtronik.store\/index.php?rest_route=\/wp\/v3\/product\/475","targetHints":{"allow":["GET"]}}],"collection":[{"href":"https:\/\/techtronik.store\/index.php?rest_route=\/wp\/v3\/product"}],"about":[{"href":"https:\/\/techtronik.store\/index.php?rest_route=\/wp\/v2\/types\/product"}],"replies":[{"embeddable":true,"href":"https:\/\/techtronik.store\/index.php?rest_route=%2Fwp%2Fv2%2Fcomments&post=475"}],"wp:featuredmedia":[{"embeddable":true,"href":"https:\/\/techtronik.store\/index.php?rest_route=\/wp\/v2\/media\/125"}],"wp:attachment":[{"href":"https:\/\/techtronik.store\/index.php?rest_route=%2Fwp%2Fv2%2Fmedia&parent=475"}],"wp:term":[{"taxonomy":"product_cat","embeddable":true,"href":"https:\/\/techtronik.store\/index.php?rest_route=%2Fwp%2Fv2%2Fproduct_cat&post=475"},{"taxonomy":"product_tag","embeddable":true,"href":"https:\/\/techtronik.store\/index.php?rest_route=%2Fwp%2Fv2%2Fproduct_tag&post=475"}],"curies":[{"name":"wp","href":"https:\/\/api.w.org\/{rel}","templated":true}]}}