{"id":464,"date":"2022-04-10T22:19:37","date_gmt":"2022-04-10T22:19:37","guid":{"rendered":"http:\/\/techtronik.store\/?post_type=product&#038;p=464"},"modified":"2023-03-13T03:39:27","modified_gmt":"2023-03-13T03:39:27","slug":"broca","status":"publish","type":"product","link":"https:\/\/techtronik.store\/?product=broca","title":{"rendered":"Broca"},"content":{"rendered":"<div align=\"justify\">\n<div align=\"justify\">\n<div align=\"justify\">\n<div align=\"justify\">\n<p>Brocas Milim\u00e9tricas para PCB de alta calidad fabricadas en carburo de tungsteno, usualmente son usadas para la perforaci\u00f3n(Drill) de <strong>Placas Fen\u00f3licas<\/strong>\u00a0o PCB por medio de\u00a0<strong>CNC<\/strong>, dremel, moto tool o taladro flexible.<br \/>\nCompatibles para trabajar en materiales como: aluminio, cobre, lat\u00f3n, madera, pl\u00e1stico, vidrio, cer\u00e1mica; e ideales para trabajos de electr\u00f3nica, modelismo o trabajos de detalles.<\/p>\n<p>Brocas Milim\u00e9tricas para PCB disponibles dependiendo el di\u00e1metro de la broca:<\/p>\n<ul>\n<li><strong>0.5mm a 2mm<\/strong><\/li>\n<\/ul>\n<p><em><strong>La broca m\u00e1s usada para componentes en general (ICs, LEDs) es de 0.8mm.<\/strong><\/em><\/p>\n<\/div>\n<\/div>\n<\/div>\n<\/div>\n","protected":false},"excerpt":{"rendered":"<p>Brocas Milim\u00e9tricas para PCB de alta calidad fabricadas en carburo de tungsteno, usualmente son usadas para la perforaci\u00f3n(Drill) de Placas Fen\u00f3licas\u00a0o PCB por medio de\u00a0CNC, dremel, moto tool o taladro flexible. Compatibles para trabajar en materiales como: aluminio, cobre, lat\u00f3n, madera, pl\u00e1stico, vidrio, cer\u00e1mica; e ideales para trabajos de electr\u00f3nica,&hellip; <\/p>\n","protected":false},"featured_media":95,"comment_status":"open","ping_status":"closed","template":"","meta":{"om_disable_all_campaigns":false,"_monsterinsights_skip_tracking":false,"_monsterinsights_sitenote_active":false,"_monsterinsights_sitenote_note":"","_monsterinsights_sitenote_category":0},"product_cat":[36],"product_tag":[],"class_list":{"0":"post-464","1":"product","2":"type-product","3":"status-publish","4":"has-post-thumbnail","6":"product_cat-herramientas","8":"first","9":"instock","10":"taxable","11":"shipping-taxable","12":"purchasable","13":"product-type-variable"},"aioseo_notices":[],"_links":{"self":[{"href":"https:\/\/techtronik.store\/index.php?rest_route=\/wp\/v3\/product\/464","targetHints":{"allow":["GET"]}}],"collection":[{"href":"https:\/\/techtronik.store\/index.php?rest_route=\/wp\/v3\/product"}],"about":[{"href":"https:\/\/techtronik.store\/index.php?rest_route=\/wp\/v2\/types\/product"}],"replies":[{"embeddable":true,"href":"https:\/\/techtronik.store\/index.php?rest_route=%2Fwp%2Fv2%2Fcomments&post=464"}],"wp:featuredmedia":[{"embeddable":true,"href":"https:\/\/techtronik.store\/index.php?rest_route=\/wp\/v2\/media\/95"}],"wp:attachment":[{"href":"https:\/\/techtronik.store\/index.php?rest_route=%2Fwp%2Fv2%2Fmedia&parent=464"}],"wp:term":[{"taxonomy":"product_cat","embeddable":true,"href":"https:\/\/techtronik.store\/index.php?rest_route=%2Fwp%2Fv2%2Fproduct_cat&post=464"},{"taxonomy":"product_tag","embeddable":true,"href":"https:\/\/techtronik.store\/index.php?rest_route=%2Fwp%2Fv2%2Fproduct_tag&post=464"}],"curies":[{"name":"wp","href":"https:\/\/api.w.org\/{rel}","templated":true}]}}