{"id":458,"date":"2022-04-10T21:09:53","date_gmt":"2022-04-10T21:09:53","guid":{"rendered":"http:\/\/techtronik.store\/?post_type=product&#038;p=458"},"modified":"2022-09-26T00:52:59","modified_gmt":"2022-09-26T00:52:59","slug":"78l33","status":"publish","type":"product","link":"https:\/\/techtronik.store\/?product=78l33","title":{"rendered":"78L33"},"content":{"rendered":"<div align=\"justify\">\n<div align=\"justify\">\n<div align=\"justify\">\n<p>78L33 es un regulador de voltaje fijo de +3.3V, cuenta con encapsulado TO-92 de tres pines. Este regulador puede entregar hasta 100mA de corriente de salida, se recomienda colocar un disipador de calor, tambi\u00e9n emplea limitaci\u00f3n de corriente interna y apagado t\u00e9rmico.<\/p>\n<h4><strong>\u00bfPara qu\u00e9 sirve?<\/strong><\/h4>\n<p>Est\u00e1 dise\u00f1ado para una amplia gama de aplicaciones, como implementar en tarjetas de regulaci\u00f3n para la eliminaci\u00f3n de los problemas de ruido y distribuci\u00f3n asociados a un solo punto de regulaci\u00f3n. La serie L78L utilizada como reemplazo de combinaci\u00f3n de diodo \/ resistor Zener ofreciendo mejoras junto con una corriente y ruido de reposo m\u00e1s bajo.<\/p>\n<\/div>\n<hr \/>\n<h3><strong>ESPECIFICACIONES Y CARACTER\u00cdSTICAS<\/strong><\/h3>\n<ul>\n<li>Encapsulado: TO92<\/li>\n<li>Polaridad: Positiva<\/li>\n<li>Tipo de salida: fijo<\/li>\n<li>Voltaje de salida: 3,3 V<\/li>\n<li>Corriente de salida: 100 mA<\/li>\n<li>Voltaje de entrada: 30 V a 5.3 V (m\u00e1ximo\/m\u00ednimo)<\/li>\n<li>Temperatura de funcionamiento: 0 C a + 150 C<\/li>\n<li>Regulaci\u00f3n de carga: 60 mV<\/li>\n<li>Regulaci\u00f3n de l\u00ednea: 150 mV<\/li>\n<li>Dimensiones: 4.95 mm x 4.95 mm x 3.94 mm<\/li>\n<li>Peso: 0.1 g<\/li>\n<\/ul>\n<\/div>\n<\/div>\n","protected":false},"excerpt":{"rendered":"<p>78L33 es un regulador de voltaje fijo de +3.3V, cuenta con encapsulado TO-92 de tres pines. Este regulador puede entregar hasta 100mA de corriente de salida, se recomienda colocar un disipador de calor, tambi\u00e9n emplea limitaci\u00f3n de corriente interna y apagado t\u00e9rmico. \u00bfPara qu\u00e9 sirve? Est\u00e1 dise\u00f1ado para una amplia&hellip; <\/p>\n","protected":false},"featured_media":460,"comment_status":"open","ping_status":"closed","template":"","meta":{"om_disable_all_campaigns":false,"_monsterinsights_skip_tracking":false,"_monsterinsights_sitenote_active":false,"_monsterinsights_sitenote_note":"","_monsterinsights_sitenote_category":0},"product_cat":[35,25],"product_tag":[],"class_list":{"0":"post-458","1":"product","2":"type-product","3":"status-publish","4":"has-post-thumbnail","6":"product_cat-reguladores-lineales","7":"product_cat-fuentes-y-reguladores","9":"first","10":"instock","11":"taxable","12":"shipping-taxable","13":"purchasable","14":"product-type-simple"},"aioseo_notices":[],"_links":{"self":[{"href":"https:\/\/techtronik.store\/index.php?rest_route=\/wp\/v3\/product\/458","targetHints":{"allow":["GET"]}}],"collection":[{"href":"https:\/\/techtronik.store\/index.php?rest_route=\/wp\/v3\/product"}],"about":[{"href":"https:\/\/techtronik.store\/index.php?rest_route=\/wp\/v2\/types\/product"}],"replies":[{"embeddable":true,"href":"https:\/\/techtronik.store\/index.php?rest_route=%2Fwp%2Fv2%2Fcomments&post=458"}],"wp:featuredmedia":[{"embeddable":true,"href":"https:\/\/techtronik.store\/index.php?rest_route=\/wp\/v2\/media\/460"}],"wp:attachment":[{"href":"https:\/\/techtronik.store\/index.php?rest_route=%2Fwp%2Fv2%2Fmedia&parent=458"}],"wp:term":[{"taxonomy":"product_cat","embeddable":true,"href":"https:\/\/techtronik.store\/index.php?rest_route=%2Fwp%2Fv2%2Fproduct_cat&post=458"},{"taxonomy":"product_tag","embeddable":true,"href":"https:\/\/techtronik.store\/index.php?rest_route=%2Fwp%2Fv2%2Fproduct_tag&post=458"}],"curies":[{"name":"wp","href":"https:\/\/api.w.org\/{rel}","templated":true}]}}